{"id":688,"date":"2017-05-17T13:45:49","date_gmt":"2017-05-17T13:45:49","guid":{"rendered":"http:\/\/okthemes.com\/luxwinedemo-light\/?page_id=688"},"modified":"2025-12-02T09:32:16","modified_gmt":"2025-12-02T08:32:16","slug":"titlehacienda-molleda-bodega-de-vino-en-carinena-tosos-catas-y-enoturismo","status":"publish","type":"page","link":"http:\/\/haciendamolleda.com\/en\/","title":{"rendered":"INICIO"},"content":{"rendered":"<div class=\"wpb-content-wrapper\"><div class=\"vc_row wpb_row vc_row-fluid\"><div class=\"wpb_column vc_column_container vc_col-sm-12\"><div class=\"vc_column-inner\"><div class=\"wpb_wrapper\">\n\t<div class=\"title-subtitle-box  remove-title-margin vc_custom_1573494805596 \" style=\" text-align: center;\">\n\t\t<span class=\"toptitle\">HACIENDA MOLLEDA<\/span>\n\t\t<h1 style=\" text-transform: uppercase; font-weight: 400; letter-spacing: 0px;\" >Nuestra bodega<\/h1>\n\t<\/div> <div class=\"vc_separator wpb_content_element vc_separator_align_center vc_sep_width_30 vc_sep_pos_align_center vc_separator_no_text vc_sep_color_grey wpb_content_element  wpb_content_element\" ><span class=\"vc_sep_holder vc_sep_holder_l\"><span class=\"vc_sep_line\"><\/span><\/span><span class=\"vc_sep_holder vc_sep_holder_r\"><span class=\"vc_sep_line\"><\/span><\/span>\n<\/div><div class=\"vc_row wpb_row vc_inner vc_row-fluid\"><div class=\"wpb_column vc_column_container vc_col-sm-6\"><div class=\"vc_column-inner\"><div class=\"wpb_wrapper\">\n\t<div class=\"wpb_text_column wpb_content_element vc_custom_1578905593903\" >\n\t\t<div class=\"wpb_wrapper\">\n\t\t\t<p>La bodega<strong> Hacienda Molleda\u00a0<\/strong>se\u00a0sit\u00faa en el centro de la finca, rodeada de sus vi\u00f1edos y con unas preciosas vistas hacia la Sierra de Algair\u00e9n. Un bonito edificio de estilo mud\u00e9jar, con paredes de ladrillo caravista, ventanas de arco de medio punto, en concordancia con la tradici\u00f3n mud\u00e9jar de la zona.<\/p>\n\n\t\t<\/div>\n\t<\/div>\n<\/div><\/div><\/div><div class=\"wpb_column vc_column_container vc_col-sm-6\"><div class=\"vc_column-inner\"><div class=\"wpb_wrapper\">\n\t<div class=\"wpb_text_column wpb_content_element vc_custom_1578905614703\" >\n\t\t<div class=\"wpb_wrapper\">\n\t\t\t<p>En Tosos, en la provincia de Zaragoza (Noreste de Espa\u00f1a) , a 750 metros de altitud y en lo alto de una colina rodeada por un mar de vi\u00f1as, encontramos la bodega de la familia Mel\u00e9ndez-Molleda. La bodega m\u00e1s alta de la DOP Cari\u00f1ena.<\/p>\n\n\t\t<\/div>\n\t<\/div>\n<\/div><\/div><\/div><\/div>\n\t<div  class=\"wpb_single_image wpb_content_element vc_align_center wpb_content_element wpb_animate_when_almost_visible wpb_appear appear\">\n\t\t\n\t\t<figure class=\"wpb_wrapper vc_figure\">\n\t\t\t<a class=\"\" data-lightbox=\"lightbox[rel-688-3408478573]\" href=\"https:\/\/haciendamolleda.com\/wp-content\/uploads\/2020\/02\/unnamed-3-2-1024x768.jpg\" target=\"_self\" class=\"vc_single_image-wrapper   vc_box_border_grey\"><img decoding=\"async\" class=\"vc_single_image-img \" src=\"https:\/\/haciendamolleda.com\/wp-content\/uploads\/2020\/02\/unnamed-3-2-1000x500.jpg\" width=\"1000\" height=\"500\" alt=\"Bodega Hacienda Molleda\" title=\"unnamed (3)\" loading=\"lazy\" \/><\/a>\n\t\t<\/figure>\n\t<\/div>\n<div class=\"vc_row wpb_row vc_inner vc_row-fluid\"><div class=\"wpb_column vc_column_container vc_col-sm-4\"><div class=\"vc_column-inner\"><div class=\"wpb_wrapper\"><div class=\"vc_btn3-container  wpb_animate_when_almost_visible wpb_appear appear vc_btn3-center vc_do_btn\" ><a onmouseleave=\"this.style.borderColor='#0a0a0a'; this.style.backgroundColor='transparent'; this.style.color='#0a0a0a'\" onmouseenter=\"this.style.borderColor='#e2e2e2'; this.style.backgroundColor='#e2e2e2'; this.style.color='#0a0a0a';\" style=\"border-color:#0a0a0a; color:#0a0a0a;\" class=\"vc_general vc_btn3 vc_btn3-size-md vc_btn3-shape-rounded vc_btn3-style-outline-custom\" href=\"https:\/\/haciendamolleda.com\/our-history\/\" title=\"\">NUESTRA HISTORIA<\/a><\/div><\/div><\/div><\/div><div class=\"wpb_column vc_column_container vc_col-sm-4\"><div class=\"vc_column-inner\"><div class=\"wpb_wrapper\"><div class=\"vc_btn3-container  wpb_animate_when_almost_visible wpb_appear appear vc_btn3-center vc_do_btn\" ><a onmouseleave=\"this.style.borderColor='#0a0a0a'; this.style.backgroundColor='transparent'; this.style.color='#0a0a0a'\" onmouseenter=\"this.style.borderColor='#e2e2e2'; this.style.backgroundColor='#e2e2e2'; this.style.color='#0a0a0a';\" style=\"border-color:#0a0a0a; color:#0a0a0a;\" class=\"vc_general vc_btn3 vc_btn3-size-md vc_btn3-shape-rounded vc_btn3-style-outline-custom\" href=\"https:\/\/haciendamolleda.com\/fincayvinedo\/\" title=\"\">FINCA Y VI\u00d1EDO<\/a><\/div><\/div><\/div><\/div><div class=\"wpb_column vc_column_container vc_col-sm-4\"><div class=\"vc_column-inner\"><div class=\"wpb_wrapper\"><div class=\"vc_btn3-container  wpb_animate_when_almost_visible wpb_appear appear vc_btn3-center vc_do_btn\" ><a onmouseleave=\"this.style.borderColor='#0a0a0a'; this.style.backgroundColor='transparent'; this.style.color='#0a0a0a'\" onmouseenter=\"this.style.borderColor='#e2e2e2'; this.style.backgroundColor='#e2e2e2'; this.style.color='#0a0a0a';\" style=\"border-color:#0a0a0a; color:#0a0a0a;\" class=\"vc_general vc_btn3 vc_btn3-size-md vc_btn3-shape-rounded vc_btn3-style-outline-custom\" href=\"https:\/\/haciendamolleda.com\/dopcarinena\/\" title=\"\">D.O.P CARI\u00d1ENA<\/a><\/div><\/div><\/div><\/div><\/div><div class=\"vc_row wpb_row vc_inner vc_row-fluid\"><div class=\"wpb_column vc_column_container vc_col-sm-12\"><div class=\"vc_column-inner\"><div class=\"wpb_wrapper\">\n\t<div class=\"wpb_text_column wpb_content_element\" >\n\t\t<div class=\"wpb_wrapper\">\n\t\t\t<h1 style=\"text-align: center;\">NUESTROS VINOS<\/h1>\n\n\t\t<\/div>\n\t<\/div>\n<div class=\"vc_separator wpb_content_element vc_separator_align_center vc_sep_width_30 vc_sep_pos_align_center vc_separator_no_text vc_sep_color_grey wpb_content_element  wpb_content_element\" ><span class=\"vc_sep_holder vc_sep_holder_l\"><span class=\"vc_sep_line\"><\/span><\/span><span class=\"vc_sep_holder vc_sep_holder_r\"><span class=\"vc_sep_line\"><\/span><\/span>\n<\/div>\n\t<div class=\"wpb_text_column wpb_content_element\" >\n\t\t<div class=\"wpb_wrapper\">\n\t\t\t<p style=\"text-align: center;\">Vinos de finca reflejo del terru\u00f1o y de la m\u00e1xima expresi\u00f3n varietal: Hacienda Molleda, GHM, Tierra de Andros y Finca la Matea.<\/p>\n\n\t\t<\/div>\n\t<\/div>\n<div class=\"vc_empty_space\"   style=\"height: 32px\"><span class=\"vc_empty_space_inner\"><\/span><\/div>\n\t<div  class=\"wpb_single_image wpb_content_element vc_align_center wpb_content_element wpb_animate_when_almost_visible wpb_appear appear\">\n\t\t\n\t\t<figure class=\"wpb_wrapper vc_figure\">\n\t\t\t<a class=\"\" data-lightbox=\"lightbox[rel-688-1094333486]\" href=\"https:\/\/haciendamolleda.com\/wp-content\/uploads\/2023\/09\/Vinos-tierra-1024x809.jpg\" target=\"_self\" class=\"vc_single_image-wrapper   vc_box_border_grey\"><img loading=\"lazy\" decoding=\"async\" width=\"1024\" height=\"809\" src=\"https:\/\/haciendamolleda.com\/wp-content\/uploads\/2023\/09\/Vinos-tierra-1024x809.jpg\" class=\"vc_single_image-img attachment-large\" alt=\"Fotograf\u00eda de producto botella de vino de Hacienda Molleda para comercio electr\u00f3nico\" title=\"Vinos-tierra\" srcset=\"https:\/\/haciendamolleda.com\/wp-content\/uploads\/2023\/09\/Vinos-tierra-1024x809.jpg 1024w, https:\/\/haciendamolleda.com\/wp-content\/uploads\/2023\/09\/Vinos-tierra-300x237.jpg 300w, https:\/\/haciendamolleda.com\/wp-content\/uploads\/2023\/09\/Vinos-tierra-768x607.jpg 768w, https:\/\/haciendamolleda.com\/wp-content\/uploads\/2023\/09\/Vinos-tierra-15x12.jpg 15w, https:\/\/haciendamolleda.com\/wp-content\/uploads\/2023\/09\/Vinos-tierra.jpg 1080w\" sizes=\"auto, (max-width: 1024px) 100vw, 1024px\" \/><\/a>\n\t\t<\/figure>\n\t<\/div>\n<div class=\"vc_btn3-container  wpb_animate_when_almost_visible wpb_appear appear vc_btn3-center vc_do_btn\" ><a onmouseleave=\"this.style.borderColor='#050505'; this.style.backgroundColor='transparent'; this.style.color='#050505'\" onmouseenter=\"this.style.borderColor='#e2e2e2'; this.style.backgroundColor='#e2e2e2'; this.style.color='#0a0a0a';\" style=\"border-color:#050505; color:#050505;\" class=\"vc_general vc_btn3 vc_btn3-size-md vc_btn3-shape-rounded vc_btn3-style-outline-custom\" href=\"https:\/\/haciendamolleda.com\/vinos\/\" title=\"\">VINOS<\/a><\/div><\/div><\/div><\/div><\/div><div class=\"vc_row wpb_row vc_inner vc_row-fluid\"><div class=\"wpb_column vc_column_container vc_col-sm-12\"><div class=\"vc_column-inner\"><div class=\"wpb_wrapper\">\n\t<div class=\"wpb_text_column wpb_content_element\" >\n\t\t<div class=\"wpb_wrapper\">\n\t\t\t<h1 style=\"text-align: center;\">ENOTURISMO<\/h1>\n\n\t\t<\/div>\n\t<\/div>\n<div class=\"vc_separator wpb_content_element vc_separator_align_center vc_sep_width_30 vc_sep_pos_align_center vc_separator_no_text vc_sep_color_grey wpb_content_element  wpb_content_element\" ><span class=\"vc_sep_holder vc_sep_holder_l\"><span class=\"vc_sep_line\"><\/span><\/span><span class=\"vc_sep_holder vc_sep_holder_r\"><span class=\"vc_sep_line\"><\/span><\/span>\n<\/div>\n\t<div class=\"wpb_text_column wpb_content_element\" >\n\t\t<div class=\"wpb_wrapper\">\n\t\t\t<p style=\"text-align: center;\">Visitas concertadas para grupos. Descubre nuestra finca, bodega y cata nuestros vinos.<\/p>\n\n\t\t<\/div>\n\t<\/div>\n<div class=\"vc_empty_space\"   style=\"height: 32px\"><span class=\"vc_empty_space_inner\"><\/span><\/div>\n\t<div  class=\"wpb_single_image wpb_content_element vc_align_center wpb_content_element wpb_animate_when_almost_visible wpb_appear appear\">\n\t\t\n\t\t<figure class=\"wpb_wrapper vc_figure\">\n\t\t\t<a class=\"\" data-lightbox=\"lightbox[rel-688-15254201]\" href=\"https:\/\/haciendamolleda.com\/wp-content\/uploads\/2020\/07\/IMG-20200627-WA0024-e1594656014234-1024x598.jpg\" target=\"_self\" class=\"vc_single_image-wrapper   vc_box_border_grey\"><img loading=\"lazy\" decoding=\"async\" width=\"1024\" height=\"598\" src=\"https:\/\/haciendamolleda.com\/wp-content\/uploads\/2020\/07\/IMG-20200627-WA0024-e1594656014234-1024x598.jpg\" class=\"vc_single_image-img attachment-large\" alt=\"Sesi\u00f3n de catas en bodegas Hacienda Molleda disfrutando del ecoturismo\" title=\"IMG-20200627-WA0024\" srcset=\"https:\/\/haciendamolleda.com\/wp-content\/uploads\/2020\/07\/IMG-20200627-WA0024-e1594656014234-1024x598.jpg 1024w, https:\/\/haciendamolleda.com\/wp-content\/uploads\/2020\/07\/IMG-20200627-WA0024-e1594656014234-300x175.jpg 300w, https:\/\/haciendamolleda.com\/wp-content\/uploads\/2020\/07\/IMG-20200627-WA0024-e1594656014234-768x448.jpg 768w, https:\/\/haciendamolleda.com\/wp-content\/uploads\/2020\/07\/IMG-20200627-WA0024-e1594656014234.jpg 1144w\" sizes=\"auto, (max-width: 1024px) 100vw, 1024px\" \/><\/a>\n\t\t<\/figure>\n\t<\/div>\n<\/div><\/div><\/div><\/div><div class=\"vc_btn3-container  wpb_animate_when_almost_visible wpb_appear appear vc_btn3-center vc_do_btn\" ><a onmouseleave=\"this.style.borderColor='#0a0a0a'; this.style.backgroundColor='transparent'; this.style.color='#0a0a0a'\" onmouseenter=\"this.style.borderColor='#e2e2e2'; this.style.backgroundColor='#e2e2e2'; this.style.color='#050505';\" style=\"border-color:#0a0a0a; color:#0a0a0a;\" class=\"vc_general vc_btn3 vc_btn3-size-md vc_btn3-shape-rounded vc_btn3-style-outline-custom\" href=\"https:\/\/haciendamolleda.com\/enoturismo\/\" title=\"\">ENOTURISMO<\/a><\/div><\/div><\/div><\/div><\/div>\n<\/div>","protected":false},"excerpt":{"rendered":"HACIENDA MOLLEDA Nuestra bodega La bodega Hacienda Molleda\u00a0se\u00a0sit\u00faa en el centro de la finca, rodeada de sus vi\u00f1edos y con unas preciosas vistas hacia la Sierra de Algair\u00e9n. Un bonito edificio de estilo mud\u00e9jar, con paredes de ladrillo caravista, ventanas de arco de medio punto, en concordancia con la tradici\u00f3n mud\u00e9jar de la zona. En<br class=\"read-more-spacer\"> <a class=\"more-link\" href=\"http:\/\/haciendamolleda.com\/en\/\">Read More<\/a>","protected":false},"author":1,"featured_media":0,"parent":0,"menu_order":0,"comment_status":"closed","ping_status":"closed","template":"","meta":{"footnotes":""},"class_list":["post-688","page","type-page","status-publish","hentry"],"yoast_head":"<!-- This site is optimized with the Yoast SEO plugin v24.7 - https:\/\/yoast.com\/wordpress\/plugins\/seo\/ -->\n<title>INICIO - Hacienda Molleda<\/title>\n<meta name=\"description\" content=\"Hacienda Molleda | Bodega y Vi\u00f1edos D.O.P. Cari\u00f1ena \u2013 Tosos (Zaragoza&lt;meta name=&quot;description&quot; content=&quot;Descubre los vinos de Hacienda Molleda, bodega en Tosos (Zaragoza). Ofrecemos visitas, catas y enoturismo en un entorno \u00fanico de vi\u00f1edos.\" \/>\n<meta name=\"robots\" content=\"index, follow, max-snippet:-1, max-image-preview:large, max-video-preview:-1\" \/>\n<link rel=\"canonical\" href=\"https:\/\/haciendamolleda.com\/en\/\" \/>\n<meta property=\"og:locale\" content=\"en_GB\" \/>\n<meta property=\"og:type\" content=\"article\" \/>\n<meta property=\"og:title\" content=\"INICIO - Hacienda Molleda\" \/>\n<meta property=\"og:description\" content=\"Hacienda Molleda | Bodega y Vi\u00f1edos D.O.P. Cari\u00f1ena \u2013 Tosos (Zaragoza&lt;meta name=&quot;description&quot; content=&quot;Descubre los vinos de Hacienda Molleda, bodega en Tosos (Zaragoza). Ofrecemos visitas, catas y enoturismo en un entorno \u00fanico de vi\u00f1edos.\" \/>\n<meta property=\"og:url\" content=\"https:\/\/haciendamolleda.com\/en\/\" \/>\n<meta property=\"og:site_name\" content=\"Hacienda Molleda\" \/>\n<meta property=\"article:modified_time\" content=\"2025-12-02T08:32:16+00:00\" \/>\n<meta name=\"twitter:card\" content=\"summary_large_image\" \/>\n<meta name=\"twitter:label1\" content=\"Estimated reading time\" \/>\n\t<meta name=\"twitter:data1\" content=\"2 minutes\" \/>\n<script type=\"application\/ld+json\" class=\"yoast-schema-graph\">{\"@context\":\"https:\/\/schema.org\",\"@graph\":[{\"@type\":\"WebPage\",\"@id\":\"https:\/\/haciendamolleda.com\/\",\"url\":\"https:\/\/haciendamolleda.com\/\",\"name\":\"INICIO - Hacienda Molleda\",\"isPartOf\":{\"@id\":\"https:\/\/haciendamolleda.com\/#website\"},\"datePublished\":\"2017-05-17T13:45:49+00:00\",\"dateModified\":\"2025-12-02T08:32:16+00:00\",\"description\":\"Hacienda Molleda | Bodega y Vi\u00f1edos D.O.P. Cari\u00f1ena \u2013 Tosos (Zaragoza&lt;meta name=&quot;description&quot; content=&quot;Descubre los vinos de Hacienda Molleda, bodega en Tosos (Zaragoza). Ofrecemos visitas, catas y enoturismo en un entorno \u00fanico de vi\u00f1edos.\",\"breadcrumb\":{\"@id\":\"https:\/\/haciendamolleda.com\/#breadcrumb\"},\"inLanguage\":\"en-GB\",\"potentialAction\":[{\"@type\":\"ReadAction\",\"target\":[\"https:\/\/haciendamolleda.com\/\"]}]},{\"@type\":\"BreadcrumbList\",\"@id\":\"https:\/\/haciendamolleda.com\/#breadcrumb\",\"itemListElement\":[{\"@type\":\"ListItem\",\"position\":1,\"name\":\"Portada\",\"item\":\"https:\/\/haciendamolleda.com\/\"},{\"@type\":\"ListItem\",\"position\":2,\"name\":\"INICIO\"}]},{\"@type\":\"WebSite\",\"@id\":\"https:\/\/haciendamolleda.com\/#website\",\"url\":\"https:\/\/haciendamolleda.com\/\",\"name\":\"Hacienda Molleda\",\"description\":\"Hacienda Molleda es la bodega m\u00e1s alta de la D.O.P. Cari\u00f1ena. El valor de lo aut\u00f3ctono en vinos realizados con garnacha y cari\u00f1ena, variedades locales.\",\"potentialAction\":[{\"@type\":\"SearchAction\",\"target\":{\"@type\":\"EntryPoint\",\"urlTemplate\":\"https:\/\/haciendamolleda.com\/?s={search_term_string}\"},\"query-input\":{\"@type\":\"PropertyValueSpecification\",\"valueRequired\":true,\"valueName\":\"search_term_string\"}}],\"inLanguage\":\"en-GB\"}]}<\/script>\n<!-- \/ Yoast SEO plugin. -->","yoast_head_json":{"title":"INICIO - Hacienda Molleda","description":"Hacienda Molleda | Bodega y Vi\u00f1edos D.O.P. Cari\u00f1ena \u2013 Tosos (Zaragoza&lt;meta name=&quot;description&quot; content=&quot;Descubre los vinos de Hacienda Molleda, bodega en Tosos (Zaragoza). Ofrecemos visitas, catas y enoturismo en un entorno \u00fanico de vi\u00f1edos.","robots":{"index":"index","follow":"follow","max-snippet":"max-snippet:-1","max-image-preview":"max-image-preview:large","max-video-preview":"max-video-preview:-1"},"canonical":"https:\/\/haciendamolleda.com\/en\/","og_locale":"en_GB","og_type":"article","og_title":"INICIO - Hacienda Molleda","og_description":"Hacienda Molleda | Bodega y Vi\u00f1edos D.O.P. Cari\u00f1ena \u2013 Tosos (Zaragoza&lt;meta name=&quot;description&quot; content=&quot;Descubre los vinos de Hacienda Molleda, bodega en Tosos (Zaragoza). Ofrecemos visitas, catas y enoturismo en un entorno \u00fanico de vi\u00f1edos.","og_url":"https:\/\/haciendamolleda.com\/en\/","og_site_name":"Hacienda Molleda","article_modified_time":"2025-12-02T08:32:16+00:00","twitter_card":"summary_large_image","twitter_misc":{"Estimated reading time":"2 minutes"},"schema":{"@context":"https:\/\/schema.org","@graph":[{"@type":"WebPage","@id":"https:\/\/haciendamolleda.com\/","url":"https:\/\/haciendamolleda.com\/","name":"INICIO - Hacienda Molleda","isPartOf":{"@id":"https:\/\/haciendamolleda.com\/#website"},"datePublished":"2017-05-17T13:45:49+00:00","dateModified":"2025-12-02T08:32:16+00:00","description":"Hacienda Molleda | Bodega y Vi\u00f1edos D.O.P. Cari\u00f1ena \u2013 Tosos (Zaragoza&lt;meta name=&quot;description&quot; content=&quot;Descubre los vinos de Hacienda Molleda, bodega en Tosos (Zaragoza). Ofrecemos visitas, catas y enoturismo en un entorno \u00fanico de vi\u00f1edos.","breadcrumb":{"@id":"https:\/\/haciendamolleda.com\/#breadcrumb"},"inLanguage":"en-GB","potentialAction":[{"@type":"ReadAction","target":["https:\/\/haciendamolleda.com\/"]}]},{"@type":"BreadcrumbList","@id":"https:\/\/haciendamolleda.com\/#breadcrumb","itemListElement":[{"@type":"ListItem","position":1,"name":"Portada","item":"https:\/\/haciendamolleda.com\/"},{"@type":"ListItem","position":2,"name":"INICIO"}]},{"@type":"WebSite","@id":"https:\/\/haciendamolleda.com\/#website","url":"https:\/\/haciendamolleda.com\/","name":"Hacienda Molleda","description":"Hacienda Molleda es la bodega m\u00e1s alta de la D.O.P. Cari\u00f1ena. El valor de lo aut\u00f3ctono en vinos realizados con garnacha y cari\u00f1ena, variedades locales.","potentialAction":[{"@type":"SearchAction","target":{"@type":"EntryPoint","urlTemplate":"https:\/\/haciendamolleda.com\/?s={search_term_string}"},"query-input":{"@type":"PropertyValueSpecification","valueRequired":true,"valueName":"search_term_string"}}],"inLanguage":"en-GB"}]}},"_links":{"self":[{"href":"http:\/\/haciendamolleda.com\/en\/wp-json\/wp\/v2\/pages\/688","targetHints":{"allow":["GET"]}}],"collection":[{"href":"http:\/\/haciendamolleda.com\/en\/wp-json\/wp\/v2\/pages"}],"about":[{"href":"http:\/\/haciendamolleda.com\/en\/wp-json\/wp\/v2\/types\/page"}],"author":[{"embeddable":true,"href":"http:\/\/haciendamolleda.com\/en\/wp-json\/wp\/v2\/users\/1"}],"replies":[{"embeddable":true,"href":"http:\/\/haciendamolleda.com\/en\/wp-json\/wp\/v2\/comments?post=688"}],"version-history":[{"count":23,"href":"http:\/\/haciendamolleda.com\/en\/wp-json\/wp\/v2\/pages\/688\/revisions"}],"predecessor-version":[{"id":2440,"href":"http:\/\/haciendamolleda.com\/en\/wp-json\/wp\/v2\/pages\/688\/revisions\/2440"}],"wp:attachment":[{"href":"http:\/\/haciendamolleda.com\/en\/wp-json\/wp\/v2\/media?parent=688"}],"curies":[{"name":"wp","href":"https:\/\/api.w.org\/{rel}","templated":true}]}}