{"id":1592,"date":"2020-02-19T14:25:47","date_gmt":"2020-02-19T13:25:47","guid":{"rendered":"https:\/\/haciendamolleda.com\/?page_id=1592"},"modified":"2024-06-19T14:21:55","modified_gmt":"2024-06-19T12:21:55","slug":"finca-la-matea","status":"publish","type":"page","link":"https:\/\/haciendamolleda.com\/en\/finca-la-matea\/","title":{"rendered":"Finca La Matea"},"content":{"rendered":"<div class=\"wpb-content-wrapper\"><div class=\"vc_row wpb_row vc_row-fluid\"><div class=\"wpb_column vc_column_container vc_col-sm-12\"><div class=\"vc_column-inner\"><div class=\"wpb_wrapper\">\n\t<div  class=\"wpb_single_image wpb_content_element vc_align_center wpb_content_element vc_custom_1702466077049\">\n\t\t\n\t\t<figure class=\"wpb_wrapper vc_figure\">\n\t\t\t<a href=\"https:\/\/haciendamolleda.com\/producto\/finca-la-matea-garnacha\/\" target=\"_self\" class=\"vc_single_image-wrapper   vc_box_border_grey\"><img decoding=\"async\" class=\"vc_single_image-img \" src=\"https:\/\/haciendamolleda.com\/wp-content\/uploads\/2023\/09\/La-Matea-Shop-300x500.png\" width=\"300\" height=\"500\" alt=\"Fotograf\u00eda de producto botella de vino para comercio electr\u00f3nico\" title=\"La-Matea-Shop\" loading=\"lazy\" \/><\/a>\n\t\t<\/figure>\n\t<\/div>\n<\/div><\/div><\/div><\/div><div class=\"vc_row wpb_row vc_row-fluid vc_custom_1594632774284 vc_row-has-fill\"><div class=\"wpb_column vc_column_container vc_col-sm-12 vc_col-has-fill\"><div class=\"vc_column-inner vc_custom_1594632762591\"><div class=\"wpb_wrapper\">\n\t<div class=\"wpb_text_column wpb_content_element vc_custom_1706692292681\" >\n\t\t<div class=\"wpb_wrapper\">\n\t\t\t<h3 class=\"product_title entry-title\" style=\"text-align: center;\">Vino de parcela \u00fanica<\/h3>\n<p style=\"text-align: center;\">Expresi\u00f3n frutal de la variedad y el terroir<\/p>\n\n\t\t<\/div>\n\t<\/div>\n<\/div><\/div><\/div><\/div><div class=\"vc_row wpb_row vc_row-fluid\"><div class=\"wpb_column vc_column_container vc_col-sm-8\"><div class=\"vc_column-inner\"><div class=\"wpb_wrapper\"><div class=\"vc_separator wpb_content_element vc_separator_align_center vc_sep_width_30 vc_sep_pos_align_center vc_separator_no_text vc_sep_color_grey wpb_content_element  wpb_content_element\" ><span class=\"vc_sep_holder vc_sep_holder_l\"><span class=\"vc_sep_line\"><\/span><\/span><span class=\"vc_sep_holder vc_sep_holder_r\"><span class=\"vc_sep_line\"><\/span><\/span>\n<\/div>\n\t<div class=\"wpb_text_column wpb_content_element\" >\n\t\t<div class=\"wpb_wrapper\">\n\t\t\t<p style=\"text-align: center;\"><em><strong>\u201cGarnacha seleccionada por la alta expresi\u00f3n frutal que proporciona el suelo de la parcela LA MATEA con una cuidada crianza en nuestras mejores barricas de roble\u201d<\/strong><\/em><\/p>\n<p style=\"text-align: center;\">Es un mono-varietal 100% Garnacha. Tiene como cualidad su car\u00e1cter varietal y elegancia en boca. Procede de la parcela que lleva su nombre \u201cLa Matea\u201d que es una ladera de tierra de cascajo de muy baja producci\u00f3n. Su crianza se realiza en barricas de roble franc\u00e9s y americano.<\/p>\n\n\t\t<\/div>\n\t<\/div>\n\n\t<div class=\"wpb_text_column wpb_content_element\" >\n\t\t<div class=\"wpb_wrapper\">\n\t\t\t<h4 style=\"text-align: center;\">Variedad<\/h4>\n<div class=\"icon_description_text\">\n<p style=\"text-align: center;\">Garnacha<\/p>\n<\/div>\n\n\t\t<\/div>\n\t<\/div>\n\n\t<div class=\"wpb_text_column wpb_content_element\" >\n\t\t<div class=\"wpb_wrapper\">\n\t\t\t<h4 style=\"text-align: center;\">Alcohol<\/h4>\n<div class=\"icon_description_text\">\n<p style=\"text-align: center;\">14.50% vol.<\/p>\n<\/div>\n\n\t\t<\/div>\n\t<\/div>\n\n\t<div class=\"wpb_text_column wpb_content_element\" >\n\t\t<div class=\"wpb_wrapper\">\n\t\t\t<div class=\"icon_description\">\n<h4 style=\"text-align: center;\">Denominaci\u00f3n<\/h4>\n<div class=\"icon_description_text\">\n<p style=\"text-align: center;\">D.O.P. Cari\u00f1ena.<\/p>\n<\/div>\n<\/div>\n\n\t\t<\/div>\n\t<\/div>\n\n\t<div class=\"wpb_text_column wpb_content_element\" >\n\t\t<div class=\"wpb_wrapper\">\n\t\t\t<h4 style=\"text-align: center;\">Maridaje<\/h4>\n<div class=\"icon_description_text\">\n<p style=\"text-align: center;\">Carnes rojas y de caza. Guisos con patatas, salsa de pimienta,<br \/>\nfrutos secos, champi\u00f1ones\u2026<\/p>\n<\/div>\n\n\t\t<\/div>\n\t<\/div>\n\n\t<div class=\"wpb_text_column wpb_content_element\" >\n\t\t<div class=\"wpb_wrapper\">\n\t\t\t<h4 style=\"text-align: center;\">Premios y menciones<\/h4>\n<div class=\"icon_description_text\">\n<p class=\"p1\" style=\"text-align: center;\">90 puntos \/ 4 estrellas gu\u00eda Pe\u00f1in 2015<\/p>\n<p class=\"p1\" style=\"text-align: center;\">Medalla oro en International Wine Guide 2015 (2011)<\/p>\n<p class=\"p1\" style=\"text-align: center;\">Medalla de Oro en Garnachas del mundo 2016 (2012)<\/p>\n<p class=\"p1\" style=\"text-align: center;\">Medalla de Oro en la Gu\u00eda Gilbert &amp; Gaillard (2014)<\/p>\n<p class=\"p1\" style=\"text-align: center;\">Medalla de plata en Decanter 2018<\/p>\n<p class=\"p1\" style=\"text-align: center;\">Medalla de Oro en gu\u00eda Gilbert&amp; Gaillard 2019 (2016)<\/p>\n<p class=\"p1\" style=\"text-align: center;\">Medalla de plata Concours Mondial de Bruxelles 2019<\/p>\n<p class=\"p1\" style=\"text-align: center;\">Medalla de Oro en Garnachas del mundo 2023 (2019)<\/p>\n<p class=\"p1\" style=\"text-align: center;\" align=\"center\">Medalla de Bronce en Decanter 2024<\/p>\n<p class=\"p1\" style=\"text-align: center;\" align=\"center\">Medalla de Oro en Vinos de Arag\u00f3n\u00a0 2024<\/p>\n<\/div>\n\n\t\t<\/div>\n\t<\/div>\n<div class=\"vc_separator wpb_content_element vc_separator_align_center vc_sep_width_100 vc_sep_pos_align_center vc_separator_no_text vc_sep_color_grey wpb_content_element  wpb_content_element\" ><span class=\"vc_sep_holder vc_sep_holder_l\"><span class=\"vc_sep_line\"><\/span><\/span><span class=\"vc_sep_holder vc_sep_holder_r\"><span class=\"vc_sep_line\"><\/span><\/span>\n<\/div>\n\t<div class=\"wpb_text_column wpb_content_element\" >\n\t\t<div class=\"wpb_wrapper\">\n\t\t\t<h4>FICHA PARCELA<\/h4>\n<p class=\"p1\"><strong>PARCELA:<\/strong> La Matea<\/p>\n<p class=\"p1\"><strong>SUPERFICIE:<\/strong> 3.61 Ha <strong>A\u00d1O PL<\/strong>. 1998\u00a0 <strong>SUELO:\u00a0<\/strong>Cascajo<\/p>\n<p class=\"p1\"><strong>PENDIENTE:<\/strong> 9.1%\u00a0 \u00a0<strong>ALTITUD: <\/strong>700 M\u00a0 <strong>VARIEDAD:<\/strong> Garnacha<\/p>\n\n\t\t<\/div>\n\t<\/div>\n<\/div><\/div><\/div><div class=\"wpb_column vc_column_container vc_col-sm-4\"><div class=\"vc_column-inner\"><div class=\"wpb_wrapper\"><div class=\"vc_empty_space\"   style=\"height: 92px\"><span class=\"vc_empty_space_inner\"><\/span><\/div>\n\t<div  class=\"wpb_single_image wpb_content_element vc_align_center wpb_content_element wpb_animate_when_almost_visible wpb_appear appear\">\n\t\t\n\t\t<figure class=\"wpb_wrapper vc_figure\">\n\t\t\t<a class=\"\" data-lightbox=\"lightbox[rel-1592-122538838]\" href=\"https:\/\/haciendamolleda.com\/wp-content\/uploads\/2023\/09\/La-Matea-Shop-597x1024.png\" target=\"_self\" class=\"vc_single_image-wrapper   vc_box_border_grey\"><img loading=\"lazy\" decoding=\"async\" width=\"1080\" height=\"1852\" src=\"https:\/\/haciendamolleda.com\/wp-content\/uploads\/2023\/09\/La-Matea-Shop.png\" class=\"vc_single_image-img attachment-full\" alt=\"Fotograf\u00eda de producto botella de vino para comercio electr\u00f3nico\" title=\"La-Matea-Shop\" srcset=\"https:\/\/haciendamolleda.com\/wp-content\/uploads\/2023\/09\/La-Matea-Shop.png 1080w, https:\/\/haciendamolleda.com\/wp-content\/uploads\/2023\/09\/La-Matea-Shop-175x300.png 175w, https:\/\/haciendamolleda.com\/wp-content\/uploads\/2023\/09\/La-Matea-Shop-597x1024.png 597w, https:\/\/haciendamolleda.com\/wp-content\/uploads\/2023\/09\/La-Matea-Shop-768x1317.png 768w, https:\/\/haciendamolleda.com\/wp-content\/uploads\/2023\/09\/La-Matea-Shop-896x1536.png 896w, https:\/\/haciendamolleda.com\/wp-content\/uploads\/2023\/09\/La-Matea-Shop-7x12.png 7w\" sizes=\"auto, (max-width: 1080px) 100vw, 1080px\" \/><\/a>\n\t\t<\/figure>\n\t<\/div>\n\n\t<div class=\"wpb_text_column wpb_content_element\" >\n\t\t<div class=\"wpb_wrapper\">\n\t\t\t<h4 style=\"text-align: center;\">descripci\u00f3n<\/h4>\n\n\t\t<\/div>\n\t<\/div>\n<div class=\"vc_separator wpb_content_element vc_separator_align_center vc_sep_width_30 vc_sep_pos_align_center vc_separator_no_text vc_sep_color_grey wpb_content_element  wpb_content_element\" ><span class=\"vc_sep_holder vc_sep_holder_l\"><span class=\"vc_sep_line\"><\/span><\/span><span class=\"vc_sep_holder vc_sep_holder_r\"><span class=\"vc_sep_line\"><\/span><\/span>\n<\/div>\n\t<div class=\"wpb_text_column wpb_content_element\" >\n\t\t<div class=\"wpb_wrapper\">\n\t\t\t<p><strong>Color: <\/strong>Rojo picota con notas violetas.<\/p>\n<p><strong>Nariz: <\/strong>Nariz intensa, con volumen y complejidad, bien definida, con mucha fruta roja, frutas del bosque y moras con recuerdos de aromas a rosas. El envejecimiento en barricas de roble proporciona redondez, aromas tostados recuerdos a capuchico, caramelo y cacao con sutiles notas mentoladas.<\/p>\n<p><strong>Boca: <\/strong>En boca tiene muy buen ataque, notable car\u00e1cter afrutado y buen recorrido. Vino cuerpo y persistencia.<\/p>\n\n\t\t<\/div>\n\t<\/div>\n<\/div><\/div><\/div><\/div><div class=\"vc_row wpb_row vc_row-fluid\"><div class=\"wpb_column vc_column_container vc_col-sm-2\"><div class=\"vc_column-inner\"><div class=\"wpb_wrapper\"><div class=\"vc_btn3-container vc_btn3-center vc_do_btn\" ><a class=\"vc_general vc_btn3 vc_btn3-size-sm vc_btn3-shape-rounded vc_btn3-style-outline vc_btn3-color-black\" href=\"https:\/\/haciendamolleda.com\/vinos\/\" title=\"Todas las gamas\">Todas las gamas<\/a><\/div><\/div><\/div><\/div><div class=\"wpb_column vc_column_container vc_col-sm-2\"><div class=\"vc_column-inner\"><div class=\"wpb_wrapper\"><div class=\"vc_btn3-container vc_btn3-center vc_do_btn\" ><a class=\"vc_general vc_btn3 vc_btn3-size-sm vc_btn3-shape-rounded vc_btn3-style-outline vc_btn3-color-black\" href=\"https:\/\/haciendamolleda.com\/hacienda-molleda-3\/\" title=\"Hacienda Molleda\">Hacienda Molleda<\/a><\/div><\/div><\/div><\/div><div class=\"wpb_column vc_column_container vc_col-sm-2\"><div class=\"vc_column-inner\"><div class=\"wpb_wrapper\"><div class=\"vc_btn3-container vc_btn3-center vc_do_btn\" ><a class=\"vc_general vc_btn3 vc_btn3-size-sm vc_btn3-shape-rounded vc_btn3-style-outline vc_btn3-color-black\" href=\"https:\/\/haciendamolleda.com\/ghm\/\" title=\"GHM\">GHM<\/a><\/div><\/div><\/div><\/div><div class=\"wpb_column vc_column_container vc_col-sm-2\"><div class=\"vc_column-inner\"><div class=\"wpb_wrapper\"><div class=\"vc_btn3-container vc_btn3-center vc_do_btn\" ><a class=\"vc_general vc_btn3 vc_btn3-size-sm vc_btn3-shape-rounded vc_btn3-style-outline vc_btn3-color-black\" href=\"https:\/\/haciendamolleda.com\/finca-la-matea\/\" title=\"Finca La Matea\">Finca La Matea<\/a><\/div><\/div><\/div><\/div><div class=\"wpb_column vc_column_container vc_col-sm-2\"><div class=\"vc_column-inner\"><div class=\"wpb_wrapper\"><div class=\"vc_btn3-container vc_btn3-center vc_do_btn\" ><a class=\"vc_general vc_btn3 vc_btn3-size-sm vc_btn3-shape-rounded vc_btn3-style-outline vc_btn3-color-black\" href=\"https:\/\/haciendamolleda.com\/tierra-de-andros\/\" title=\"Tierra de Andros\">Tierra de Andros<\/a><\/div><\/div><\/div><\/div><div class=\"wpb_column vc_column_container vc_col-sm-2\"><div class=\"vc_column-inner\"><div class=\"wpb_wrapper\"><div class=\"vc_btn3-container vc_btn3-center vc_do_btn\" ><a class=\"vc_general vc_btn3 vc_btn3-size-sm vc_btn3-shape-rounded vc_btn3-style-outline vc_btn3-color-black\" href=\"https:\/\/haciendamolleda.com\/lleda\/\" title=\"Lleda\">Lleda<\/a><\/div><\/div><\/div><\/div><\/div>\n<\/div>","protected":false},"excerpt":{"rendered":"Vino de parcela \u00fanica Expresi\u00f3n frutal de la variedad y el terroir \u201cGarnacha seleccionada por la alta expresi\u00f3n frutal que proporciona el suelo de la parcela LA MATEA con una cuidada crianza en nuestras mejores barricas de roble\u201d Es un mono-varietal 100% Garnacha. Tiene como cualidad su car\u00e1cter varietal y elegancia en boca. Procede de<br class=\"read-more-spacer\"> <a class=\"more-link\" href=\"https:\/\/haciendamolleda.com\/en\/finca-la-matea\/\">Read More<\/a>","protected":false},"author":1,"featured_media":2323,"parent":0,"menu_order":0,"comment_status":"closed","ping_status":"closed","template":"","meta":{"footnotes":""},"class_list":["post-1592","page","type-page","status-publish","has-post-thumbnail","hentry"],"yoast_head":"<!-- This site is optimized with the Yoast SEO plugin v24.7 - https:\/\/yoast.com\/wordpress\/plugins\/seo\/ -->\n<title>Finca La Matea - Hacienda Molleda<\/title>\n<meta name=\"robots\" content=\"index, follow, max-snippet:-1, max-image-preview:large, max-video-preview:-1\" \/>\n<link rel=\"canonical\" href=\"https:\/\/haciendamolleda.com\/en\/finca-la-matea\/\" \/>\n<meta property=\"og:locale\" content=\"en_GB\" \/>\n<meta property=\"og:type\" content=\"article\" \/>\n<meta property=\"og:title\" content=\"Finca La Matea - Hacienda Molleda\" \/>\n<meta property=\"og:url\" content=\"https:\/\/haciendamolleda.com\/en\/finca-la-matea\/\" \/>\n<meta property=\"og:site_name\" content=\"Hacienda Molleda\" \/>\n<meta property=\"article:modified_time\" content=\"2024-06-19T12:21:55+00:00\" \/>\n<meta property=\"og:image\" content=\"https:\/\/haciendamolleda.com\/wp-content\/uploads\/2023\/09\/header-vinos.jpg\" \/>\n\t<meta property=\"og:image:width\" content=\"1600\" \/>\n\t<meta property=\"og:image:height\" content=\"470\" \/>\n\t<meta property=\"og:image:type\" content=\"image\/jpeg\" \/>\n<meta name=\"twitter:card\" content=\"summary_large_image\" \/>\n<meta name=\"twitter:label1\" content=\"Estimated reading time\" \/>\n\t<meta name=\"twitter:data1\" content=\"3 minutes\" \/>\n<script type=\"application\/ld+json\" class=\"yoast-schema-graph\">{\"@context\":\"https:\/\/schema.org\",\"@graph\":[{\"@type\":\"WebPage\",\"@id\":\"https:\/\/haciendamolleda.com\/finca-la-matea\/\",\"url\":\"https:\/\/haciendamolleda.com\/finca-la-matea\/\",\"name\":\"Finca La Matea - Hacienda Molleda\",\"isPartOf\":{\"@id\":\"https:\/\/haciendamolleda.com\/#website\"},\"primaryImageOfPage\":{\"@id\":\"https:\/\/haciendamolleda.com\/finca-la-matea\/#primaryimage\"},\"image\":{\"@id\":\"https:\/\/haciendamolleda.com\/finca-la-matea\/#primaryimage\"},\"thumbnailUrl\":\"https:\/\/haciendamolleda.com\/wp-content\/uploads\/2023\/09\/header-vinos.jpg\",\"datePublished\":\"2020-02-19T13:25:47+00:00\",\"dateModified\":\"2024-06-19T12:21:55+00:00\",\"breadcrumb\":{\"@id\":\"https:\/\/haciendamolleda.com\/finca-la-matea\/#breadcrumb\"},\"inLanguage\":\"en-GB\",\"potentialAction\":[{\"@type\":\"ReadAction\",\"target\":[\"https:\/\/haciendamolleda.com\/finca-la-matea\/\"]}]},{\"@type\":\"ImageObject\",\"inLanguage\":\"en-GB\",\"@id\":\"https:\/\/haciendamolleda.com\/finca-la-matea\/#primaryimage\",\"url\":\"https:\/\/haciendamolleda.com\/wp-content\/uploads\/2023\/09\/header-vinos.jpg\",\"contentUrl\":\"https:\/\/haciendamolleda.com\/wp-content\/uploads\/2023\/09\/header-vinos.jpg\",\"width\":1600,\"height\":470,\"caption\":\"Fotograf\u00eda de producto botella de vino de Hacienda Molleda para comercio electr\u00f3nico\"},{\"@type\":\"BreadcrumbList\",\"@id\":\"https:\/\/haciendamolleda.com\/finca-la-matea\/#breadcrumb\",\"itemListElement\":[{\"@type\":\"ListItem\",\"position\":1,\"name\":\"Portada\",\"item\":\"https:\/\/haciendamolleda.com\/\"},{\"@type\":\"ListItem\",\"position\":2,\"name\":\"Finca La Matea\"}]},{\"@type\":\"WebSite\",\"@id\":\"https:\/\/haciendamolleda.com\/#website\",\"url\":\"https:\/\/haciendamolleda.com\/\",\"name\":\"Hacienda Molleda\",\"description\":\"Hacienda Molleda es la bodega m\u00e1s alta de la D.O.P. Cari\u00f1ena. El valor de lo aut\u00f3ctono en vinos realizados con garnacha y cari\u00f1ena, variedades locales.\",\"potentialAction\":[{\"@type\":\"SearchAction\",\"target\":{\"@type\":\"EntryPoint\",\"urlTemplate\":\"https:\/\/haciendamolleda.com\/?s={search_term_string}\"},\"query-input\":{\"@type\":\"PropertyValueSpecification\",\"valueRequired\":true,\"valueName\":\"search_term_string\"}}],\"inLanguage\":\"en-GB\"}]}<\/script>\n<!-- \/ Yoast SEO plugin. -->","yoast_head_json":{"title":"Finca La Matea - Hacienda Molleda","robots":{"index":"index","follow":"follow","max-snippet":"max-snippet:-1","max-image-preview":"max-image-preview:large","max-video-preview":"max-video-preview:-1"},"canonical":"https:\/\/haciendamolleda.com\/en\/finca-la-matea\/","og_locale":"en_GB","og_type":"article","og_title":"Finca La Matea - Hacienda Molleda","og_url":"https:\/\/haciendamolleda.com\/en\/finca-la-matea\/","og_site_name":"Hacienda Molleda","article_modified_time":"2024-06-19T12:21:55+00:00","og_image":[{"width":1600,"height":470,"url":"https:\/\/haciendamolleda.com\/wp-content\/uploads\/2023\/09\/header-vinos.jpg","type":"image\/jpeg"}],"twitter_card":"summary_large_image","twitter_misc":{"Estimated reading time":"3 minutes"},"schema":{"@context":"https:\/\/schema.org","@graph":[{"@type":"WebPage","@id":"https:\/\/haciendamolleda.com\/finca-la-matea\/","url":"https:\/\/haciendamolleda.com\/finca-la-matea\/","name":"Finca La Matea - Hacienda Molleda","isPartOf":{"@id":"https:\/\/haciendamolleda.com\/#website"},"primaryImageOfPage":{"@id":"https:\/\/haciendamolleda.com\/finca-la-matea\/#primaryimage"},"image":{"@id":"https:\/\/haciendamolleda.com\/finca-la-matea\/#primaryimage"},"thumbnailUrl":"https:\/\/haciendamolleda.com\/wp-content\/uploads\/2023\/09\/header-vinos.jpg","datePublished":"2020-02-19T13:25:47+00:00","dateModified":"2024-06-19T12:21:55+00:00","breadcrumb":{"@id":"https:\/\/haciendamolleda.com\/finca-la-matea\/#breadcrumb"},"inLanguage":"en-GB","potentialAction":[{"@type":"ReadAction","target":["https:\/\/haciendamolleda.com\/finca-la-matea\/"]}]},{"@type":"ImageObject","inLanguage":"en-GB","@id":"https:\/\/haciendamolleda.com\/finca-la-matea\/#primaryimage","url":"https:\/\/haciendamolleda.com\/wp-content\/uploads\/2023\/09\/header-vinos.jpg","contentUrl":"https:\/\/haciendamolleda.com\/wp-content\/uploads\/2023\/09\/header-vinos.jpg","width":1600,"height":470,"caption":"Fotograf\u00eda de producto botella de vino de Hacienda Molleda para comercio electr\u00f3nico"},{"@type":"BreadcrumbList","@id":"https:\/\/haciendamolleda.com\/finca-la-matea\/#breadcrumb","itemListElement":[{"@type":"ListItem","position":1,"name":"Portada","item":"https:\/\/haciendamolleda.com\/"},{"@type":"ListItem","position":2,"name":"Finca La Matea"}]},{"@type":"WebSite","@id":"https:\/\/haciendamolleda.com\/#website","url":"https:\/\/haciendamolleda.com\/","name":"Hacienda Molleda","description":"Hacienda Molleda es la bodega m\u00e1s alta de la D.O.P. Cari\u00f1ena. El valor de lo aut\u00f3ctono en vinos realizados con garnacha y cari\u00f1ena, variedades locales.","potentialAction":[{"@type":"SearchAction","target":{"@type":"EntryPoint","urlTemplate":"https:\/\/haciendamolleda.com\/?s={search_term_string}"},"query-input":{"@type":"PropertyValueSpecification","valueRequired":true,"valueName":"search_term_string"}}],"inLanguage":"en-GB"}]}},"_links":{"self":[{"href":"https:\/\/haciendamolleda.com\/en\/wp-json\/wp\/v2\/pages\/1592","targetHints":{"allow":["GET"]}}],"collection":[{"href":"https:\/\/haciendamolleda.com\/en\/wp-json\/wp\/v2\/pages"}],"about":[{"href":"https:\/\/haciendamolleda.com\/en\/wp-json\/wp\/v2\/types\/page"}],"author":[{"embeddable":true,"href":"https:\/\/haciendamolleda.com\/en\/wp-json\/wp\/v2\/users\/1"}],"replies":[{"embeddable":true,"href":"https:\/\/haciendamolleda.com\/en\/wp-json\/wp\/v2\/comments?post=1592"}],"version-history":[{"count":22,"href":"https:\/\/haciendamolleda.com\/en\/wp-json\/wp\/v2\/pages\/1592\/revisions"}],"predecessor-version":[{"id":2668,"href":"https:\/\/haciendamolleda.com\/en\/wp-json\/wp\/v2\/pages\/1592\/revisions\/2668"}],"wp:featuredmedia":[{"embeddable":true,"href":"https:\/\/haciendamolleda.com\/en\/wp-json\/wp\/v2\/media\/2323"}],"wp:attachment":[{"href":"https:\/\/haciendamolleda.com\/en\/wp-json\/wp\/v2\/media?parent=1592"}],"curies":[{"name":"wp","href":"https:\/\/api.w.org\/{rel}","templated":true}]}}