{"id":1594,"date":"2020-02-19T14:26:19","date_gmt":"2020-02-19T13:26:19","guid":{"rendered":"https:\/\/haciendamolleda.com\/?page_id=1594"},"modified":"2024-05-06T13:14:42","modified_gmt":"2024-05-06T11:14:42","slug":"tierra-de-andros","status":"publish","type":"page","link":"https:\/\/haciendamolleda.com\/en\/tierra-de-andros\/","title":{"rendered":"Land of Andros"},"content":{"rendered":"<div class=\"wpb-content-wrapper\"><div class=\"vc_row wpb_row vc_row-fluid\"><div class=\"wpb_column vc_column_container vc_col-sm-12\"><div class=\"vc_column-inner\"><div class=\"wpb_wrapper\">\n\t<div class=\"wpb_text_column wpb_content_element\" >\n\t\t<div class=\"wpb_wrapper\">\n\t\t\t<h3 style=\"text-align: center;\"><strong>ESTE VINO NO SE ENCUENTRA DISPONIBLE EN LA WEB<\/strong><\/h3>\n<p style=\"text-align: center;\">Contacta con la bodega 976 620 702 o WhatsApp 618 735 976<\/p>\n\n\t\t<\/div>\n\t<\/div>\n\n\t<div  class=\"wpb_single_image wpb_content_element vc_align_center wpb_content_element\">\n\t\t\n\t\t<figure class=\"wpb_wrapper vc_figure\">\n\t\t\t<div class=\"vc_single_image-wrapper   vc_box_border_grey\"><img loading=\"lazy\" decoding=\"async\" width=\"863\" height=\"272\" src=\"https:\/\/haciendamolleda.com\/wp-content\/uploads\/2020\/07\/5.jpg\" class=\"vc_single_image-img attachment-full\" alt=\"Fotograf\u00eda de producto botella de vino de Hacienda Molleda para comercio electr\u00f3nico\" title=\"5\" srcset=\"https:\/\/haciendamolleda.com\/wp-content\/uploads\/2020\/07\/5.jpg 863w, https:\/\/haciendamolleda.com\/wp-content\/uploads\/2020\/07\/5-300x95.jpg 300w, https:\/\/haciendamolleda.com\/wp-content\/uploads\/2020\/07\/5-768x242.jpg 768w\" sizes=\"auto, (max-width: 863px) 100vw, 863px\" \/><\/div>\n\t\t<\/figure>\n\t<\/div>\n<\/div><\/div><\/div><\/div><div class=\"vc_row wpb_row vc_row-fluid\"><div class=\"wpb_column vc_column_container vc_col-sm-12 vc_col-has-fill\"><div class=\"vc_column-inner vc_custom_1594632955410\"><div class=\"wpb_wrapper\">\n\t<div class=\"wpb_text_column wpb_content_element vc_custom_1594632928287\" >\n\t\t<div class=\"wpb_wrapper\">\n\t\t\t<h3 class=\"product_title entry-title\" style=\"text-align: center;\">TIERRA DE ANDROS<\/h3>\n\n\t\t<\/div>\n\t<\/div>\n<\/div><\/div><\/div><\/div><div class=\"vc_row wpb_row vc_row-fluid\"><div class=\"wpb_column vc_column_container vc_col-sm-8\"><div class=\"vc_column-inner\"><div class=\"wpb_wrapper\">\n\t<div class=\"wpb_text_column wpb_content_element\" >\n\t\t<div class=\"wpb_wrapper\">\n\t\t\t<h3 style=\"text-align: center;\">Edici\u00f3n limitada: 5000 botellas numeradas<\/h3>\n\n\t\t<\/div>\n\t<\/div>\n<div class=\"vc_separator wpb_content_element vc_separator_align_center vc_sep_width_30 vc_sep_pos_align_center vc_separator_no_text vc_sep_color_grey wpb_content_element  wpb_content_element\" ><span class=\"vc_sep_holder vc_sep_holder_l\"><span class=\"vc_sep_line\"><\/span><\/span><span class=\"vc_sep_holder vc_sep_holder_r\"><span class=\"vc_sep_line\"><\/span><\/span>\n<\/div>\n\t<div class=\"wpb_text_column wpb_content_element\" >\n\t\t<div class=\"wpb_wrapper\">\n\t\t\t<p style=\"text-align: center;\">Vino garnacha, la variedad aut\u00f3ctona de Arag\u00f3n que m\u00e1s prestigio tiene a nivel mundial. Es un vino con aroma y sabor muy concentrado a lo largo del tiempo y que combina el atractivo de la fruta con la elegancia de la madera.<\/p>\n<p style=\"text-align: center;\"><strong>Elaboraci\u00f3n:\u00a0<\/strong>Elaborado a base de mucha maceraci\u00f3n, extracci\u00f3n y una larga crianza en barrica de 500 L durante 18 meses.<\/p>\n\n\t\t<\/div>\n\t<\/div>\n\n\t<div class=\"wpb_text_column wpb_content_element\" >\n\t\t<div class=\"wpb_wrapper\">\n\t\t\t<h4 style=\"text-align: center;\">Variedad<\/h4>\n<div class=\"icon_description_text\">\n<p style=\"text-align: center;\">Garnacha 100%<\/p>\n<\/div>\n\n\t\t<\/div>\n\t<\/div>\n\n\t<div class=\"wpb_text_column wpb_content_element\" >\n\t\t<div class=\"wpb_wrapper\">\n\t\t\t<h4 style=\"text-align: center;\">Alcohol<\/h4>\n<div class=\"icon_description_text\">\n<p style=\"text-align: center;\">14,5% vol.<\/p>\n<\/div>\n\n\t\t<\/div>\n\t<\/div>\n\n\t<div class=\"wpb_text_column wpb_content_element\" >\n\t\t<div class=\"wpb_wrapper\">\n\t\t\t<h4 style=\"text-align: center;\">Denominaci\u00f3n<\/h4>\n<div class=\"icon_description_text\">\n<p style=\"text-align: center;\">D.O.P. Cari\u00f1ena. A\u00f1ada 2010<\/p>\n<\/div>\n\n\t\t<\/div>\n\t<\/div>\n\n\t<div class=\"wpb_text_column wpb_content_element\" >\n\t\t<div class=\"wpb_wrapper\">\n\t\t\t<h4 style=\"text-align: center;\">Maridaje<\/h4>\n<div class=\"icon_description_text\">\n<p style=\"text-align: center;\">Carnes rojas, arroz, jam\u00f3n y quesos.<\/p>\n<\/div>\n\n\t\t<\/div>\n\t<\/div>\n\n\t<div class=\"wpb_text_column wpb_content_element\" >\n\t\t<div class=\"wpb_wrapper\">\n\t\t\t<h4 style=\"text-align: center;\">Premios y menciones<\/h4>\n<div class=\"icon_description_text\">\n<p style=\"text-align: center;\">Medalla de Oro Catavinum \u2010 World Wine &amp; Spirits Competition 2014 .<\/p>\n<p style=\"text-align: center;\">89 puntos Gu\u00eda Pe\u00f1in 2015<\/p>\n<\/div>\n\n\t\t<\/div>\n\t<\/div>\n<\/div><\/div><\/div><div class=\"wpb_column vc_column_container vc_col-sm-4\"><div class=\"vc_column-inner\"><div class=\"wpb_wrapper\"><div class=\"vc_empty_space\"   style=\"height: 92px\"><span class=\"vc_empty_space_inner\"><\/span><\/div>\n\t<div  class=\"wpb_single_image wpb_content_element vc_align_center wpb_content_element wpb_animate_when_almost_visible wpb_appear appear\">\n\t\t\n\t\t<figure class=\"wpb_wrapper vc_figure\">\n\t\t\t<a class=\"\" data-lightbox=\"lightbox[rel-1594-1468829837]\" href=\"https:\/\/haciendamolleda.com\/wp-content\/uploads\/2020\/02\/Tierra-de-Andros.png\" target=\"_self\" class=\"vc_single_image-wrapper   vc_box_border_grey\"><img loading=\"lazy\" decoding=\"async\" width=\"400\" height=\"600\" src=\"https:\/\/haciendamolleda.com\/wp-content\/uploads\/2020\/02\/Tierra-de-Andros.png\" class=\"vc_single_image-img attachment-full\" alt=\"Fotograf\u00eda de producto botella de vino de Hacienda Molleda para comercio electr\u00f3nico\" title=\"Tierra-de-Andros\" srcset=\"https:\/\/haciendamolleda.com\/wp-content\/uploads\/2020\/02\/Tierra-de-Andros.png 400w, https:\/\/haciendamolleda.com\/wp-content\/uploads\/2020\/02\/Tierra-de-Andros-200x300.png 200w\" sizes=\"auto, (max-width: 400px) 100vw, 400px\" \/><\/a>\n\t\t<\/figure>\n\t<\/div>\n\n\t<div class=\"wpb_text_column wpb_content_element\" >\n\t\t<div class=\"wpb_wrapper\">\n\t\t\t<h4 style=\"text-align: center;\">descripci\u00f3n<\/h4>\n\n\t\t<\/div>\n\t<\/div>\n<div class=\"vc_separator wpb_content_element vc_separator_align_center vc_sep_width_30 vc_sep_pos_align_center vc_separator_no_text vc_sep_color_grey wpb_content_element  wpb_content_element\" ><span class=\"vc_sep_holder vc_sep_holder_l\"><span class=\"vc_sep_line\"><\/span><\/span><span class=\"vc_sep_holder vc_sep_holder_r\"><span class=\"vc_sep_line\"><\/span><\/span>\n<\/div>\n\t<div class=\"wpb_text_column wpb_content_element\" >\n\t\t<div class=\"wpb_wrapper\">\n\t\t\t<p><strong>Color:<\/strong>\u00a0Rojo cereza con ribete p\u00farpura.<\/p>\n<p><strong>Nariz:<\/strong>\u00a0Aromas de frutos del bosque, con notas a guinda y mermelada de frambuesa. La fruta esta perfectamente integrada con la madera dando aromas envueltos en el caf\u00e9 tostados y especias.<\/p>\n<p><strong>Boca:<\/strong>\u00a0Sabrosa, con estructura , equilibrado y elegante.<\/p>\n\n\t\t<\/div>\n\t<\/div>\n<\/div><\/div><\/div><\/div><div class=\"vc_row wpb_row vc_row-fluid\"><div class=\"wpb_column vc_column_container vc_col-sm-2\"><div class=\"vc_column-inner\"><div class=\"wpb_wrapper\"><div class=\"vc_btn3-container vc_btn3-center vc_do_btn\" ><a class=\"vc_general vc_btn3 vc_btn3-size-sm vc_btn3-shape-rounded vc_btn3-style-outline vc_btn3-color-black\" href=\"https:\/\/haciendamolleda.com\/vinos\/\" title=\"Todas las gamas\">Todas las gamas<\/a><\/div><\/div><\/div><\/div><div class=\"wpb_column vc_column_container vc_col-sm-2\"><div class=\"vc_column-inner\"><div class=\"wpb_wrapper\"><div class=\"vc_btn3-container vc_btn3-center vc_do_btn\" ><a class=\"vc_general vc_btn3 vc_btn3-size-sm vc_btn3-shape-rounded vc_btn3-style-outline vc_btn3-color-black\" href=\"https:\/\/haciendamolleda.com\/hacienda-molleda-3\/\" title=\"Hacienda Molleda\">Hacienda Molleda<\/a><\/div><\/div><\/div><\/div><div class=\"wpb_column vc_column_container vc_col-sm-2\"><div class=\"vc_column-inner\"><div class=\"wpb_wrapper\"><div class=\"vc_btn3-container vc_btn3-center vc_do_btn\" ><a class=\"vc_general vc_btn3 vc_btn3-size-sm vc_btn3-shape-rounded vc_btn3-style-outline vc_btn3-color-black\" href=\"https:\/\/haciendamolleda.com\/ghm\/\" title=\"GHM\">GHM<\/a><\/div><\/div><\/div><\/div><div class=\"wpb_column vc_column_container vc_col-sm-2\"><div class=\"vc_column-inner\"><div class=\"wpb_wrapper\"><div class=\"vc_btn3-container vc_btn3-center vc_do_btn\" ><a class=\"vc_general vc_btn3 vc_btn3-size-sm vc_btn3-shape-rounded vc_btn3-style-outline vc_btn3-color-black\" href=\"https:\/\/haciendamolleda.com\/finca-la-matea\/\" title=\"Finca La Matea\">Finca La Matea<\/a><\/div><\/div><\/div><\/div><div class=\"wpb_column vc_column_container vc_col-sm-2\"><div class=\"vc_column-inner\"><div class=\"wpb_wrapper\"><div class=\"vc_btn3-container vc_btn3-center vc_do_btn\" ><a class=\"vc_general vc_btn3 vc_btn3-size-sm vc_btn3-shape-rounded vc_btn3-style-outline vc_btn3-color-black\" href=\"https:\/\/haciendamolleda.com\/tierra-de-andros\/\" title=\"Tierra de Andros\">Tierra de Andros<\/a><\/div><\/div><\/div><\/div><div class=\"wpb_column vc_column_container vc_col-sm-2\"><div class=\"vc_column-inner\"><div class=\"wpb_wrapper\"><div class=\"vc_btn3-container vc_btn3-center vc_do_btn\" ><a class=\"vc_general vc_btn3 vc_btn3-size-sm vc_btn3-shape-rounded vc_btn3-style-outline vc_btn3-color-black\" href=\"https:\/\/haciendamolleda.com\/lleda\/\" title=\"Lleda\">Lleda<\/a><\/div><\/div><\/div><\/div><\/div>\n<\/div>","protected":false},"excerpt":{"rendered":"ESTE VINO NO SE ENCUENTRA DISPONIBLE EN LA WEB Contacta con la bodega 976 620 702 o WhatsApp 618 735 976 TIERRA DE ANDROS Edici\u00f3n limitada: 5000 botellas numeradas Vino garnacha, la variedad aut\u00f3ctona de Arag\u00f3n que m\u00e1s prestigio tiene a nivel mundial. Es un vino con aroma y sabor muy concentrado a lo largo<br class=\"read-more-spacer\"> <a class=\"more-link\" href=\"https:\/\/haciendamolleda.com\/en\/tierra-de-andros\/\">Read More<\/a>","protected":false},"author":1,"featured_media":1801,"parent":0,"menu_order":0,"comment_status":"closed","ping_status":"closed","template":"","meta":{"footnotes":""},"class_list":["post-1594","page","type-page","status-publish","has-post-thumbnail","hentry"],"yoast_head":"<!-- This site is optimized with the Yoast SEO plugin v24.7 - https:\/\/yoast.com\/wordpress\/plugins\/seo\/ -->\n<title>Tierra de Andros - Hacienda Molleda<\/title>\n<meta name=\"robots\" content=\"index, follow, max-snippet:-1, max-image-preview:large, max-video-preview:-1\" \/>\n<link rel=\"canonical\" href=\"https:\/\/haciendamolleda.com\/en\/tierra-de-andros\/\" \/>\n<meta property=\"og:locale\" content=\"en_GB\" \/>\n<meta property=\"og:type\" content=\"article\" \/>\n<meta property=\"og:title\" content=\"Tierra de Andros - Hacienda Molleda\" \/>\n<meta property=\"og:url\" content=\"https:\/\/haciendamolleda.com\/en\/tierra-de-andros\/\" \/>\n<meta property=\"og:site_name\" content=\"Hacienda Molleda\" \/>\n<meta property=\"article:modified_time\" content=\"2024-05-06T11:14:42+00:00\" \/>\n<meta property=\"og:image\" content=\"https:\/\/haciendamolleda.com\/wp-content\/uploads\/2020\/04\/fondo.jpg\" \/>\n\t<meta property=\"og:image:width\" content=\"1920\" \/>\n\t<meta property=\"og:image:height\" content=\"475\" \/>\n\t<meta property=\"og:image:type\" content=\"image\/jpeg\" \/>\n<meta name=\"twitter:card\" content=\"summary_large_image\" \/>\n<meta name=\"twitter:label1\" content=\"Estimated reading time\" \/>\n\t<meta name=\"twitter:data1\" content=\"3 minutes\" \/>\n<script type=\"application\/ld+json\" class=\"yoast-schema-graph\">{\"@context\":\"https:\/\/schema.org\",\"@graph\":[{\"@type\":\"WebPage\",\"@id\":\"https:\/\/haciendamolleda.com\/tierra-de-andros\/\",\"url\":\"https:\/\/haciendamolleda.com\/tierra-de-andros\/\",\"name\":\"Tierra de Andros - Hacienda Molleda\",\"isPartOf\":{\"@id\":\"https:\/\/haciendamolleda.com\/#website\"},\"primaryImageOfPage\":{\"@id\":\"https:\/\/haciendamolleda.com\/tierra-de-andros\/#primaryimage\"},\"image\":{\"@id\":\"https:\/\/haciendamolleda.com\/tierra-de-andros\/#primaryimage\"},\"thumbnailUrl\":\"https:\/\/haciendamolleda.com\/wp-content\/uploads\/2020\/04\/fondo.jpg\",\"datePublished\":\"2020-02-19T13:26:19+00:00\",\"dateModified\":\"2024-05-06T11:14:42+00:00\",\"breadcrumb\":{\"@id\":\"https:\/\/haciendamolleda.com\/tierra-de-andros\/#breadcrumb\"},\"inLanguage\":\"en-GB\",\"potentialAction\":[{\"@type\":\"ReadAction\",\"target\":[\"https:\/\/haciendamolleda.com\/tierra-de-andros\/\"]}]},{\"@type\":\"ImageObject\",\"inLanguage\":\"en-GB\",\"@id\":\"https:\/\/haciendamolleda.com\/tierra-de-andros\/#primaryimage\",\"url\":\"https:\/\/haciendamolleda.com\/wp-content\/uploads\/2020\/04\/fondo.jpg\",\"contentUrl\":\"https:\/\/haciendamolleda.com\/wp-content\/uploads\/2020\/04\/fondo.jpg\",\"width\":1920,\"height\":475,\"caption\":\"Header decorativo\"},{\"@type\":\"BreadcrumbList\",\"@id\":\"https:\/\/haciendamolleda.com\/tierra-de-andros\/#breadcrumb\",\"itemListElement\":[{\"@type\":\"ListItem\",\"position\":1,\"name\":\"Portada\",\"item\":\"https:\/\/haciendamolleda.com\/\"},{\"@type\":\"ListItem\",\"position\":2,\"name\":\"Tierra de Andros\"}]},{\"@type\":\"WebSite\",\"@id\":\"https:\/\/haciendamolleda.com\/#website\",\"url\":\"https:\/\/haciendamolleda.com\/\",\"name\":\"Hacienda Molleda\",\"description\":\"Hacienda Molleda es la bodega m\u00e1s alta de la D.O.P. Cari\u00f1ena. El valor de lo aut\u00f3ctono en vinos realizados con garnacha y cari\u00f1ena, variedades locales.\",\"potentialAction\":[{\"@type\":\"SearchAction\",\"target\":{\"@type\":\"EntryPoint\",\"urlTemplate\":\"https:\/\/haciendamolleda.com\/?s={search_term_string}\"},\"query-input\":{\"@type\":\"PropertyValueSpecification\",\"valueRequired\":true,\"valueName\":\"search_term_string\"}}],\"inLanguage\":\"en-GB\"}]}<\/script>\n<!-- \/ Yoast SEO plugin. -->","yoast_head_json":{"title":"Tierra de Andros - Hacienda Molleda","robots":{"index":"index","follow":"follow","max-snippet":"max-snippet:-1","max-image-preview":"max-image-preview:large","max-video-preview":"max-video-preview:-1"},"canonical":"https:\/\/haciendamolleda.com\/en\/tierra-de-andros\/","og_locale":"en_GB","og_type":"article","og_title":"Tierra de Andros - Hacienda Molleda","og_url":"https:\/\/haciendamolleda.com\/en\/tierra-de-andros\/","og_site_name":"Hacienda Molleda","article_modified_time":"2024-05-06T11:14:42+00:00","og_image":[{"width":1920,"height":475,"url":"https:\/\/haciendamolleda.com\/wp-content\/uploads\/2020\/04\/fondo.jpg","type":"image\/jpeg"}],"twitter_card":"summary_large_image","twitter_misc":{"Estimated reading time":"3 minutes"},"schema":{"@context":"https:\/\/schema.org","@graph":[{"@type":"WebPage","@id":"https:\/\/haciendamolleda.com\/tierra-de-andros\/","url":"https:\/\/haciendamolleda.com\/tierra-de-andros\/","name":"Tierra de Andros - Hacienda Molleda","isPartOf":{"@id":"https:\/\/haciendamolleda.com\/#website"},"primaryImageOfPage":{"@id":"https:\/\/haciendamolleda.com\/tierra-de-andros\/#primaryimage"},"image":{"@id":"https:\/\/haciendamolleda.com\/tierra-de-andros\/#primaryimage"},"thumbnailUrl":"https:\/\/haciendamolleda.com\/wp-content\/uploads\/2020\/04\/fondo.jpg","datePublished":"2020-02-19T13:26:19+00:00","dateModified":"2024-05-06T11:14:42+00:00","breadcrumb":{"@id":"https:\/\/haciendamolleda.com\/tierra-de-andros\/#breadcrumb"},"inLanguage":"en-GB","potentialAction":[{"@type":"ReadAction","target":["https:\/\/haciendamolleda.com\/tierra-de-andros\/"]}]},{"@type":"ImageObject","inLanguage":"en-GB","@id":"https:\/\/haciendamolleda.com\/tierra-de-andros\/#primaryimage","url":"https:\/\/haciendamolleda.com\/wp-content\/uploads\/2020\/04\/fondo.jpg","contentUrl":"https:\/\/haciendamolleda.com\/wp-content\/uploads\/2020\/04\/fondo.jpg","width":1920,"height":475,"caption":"Header decorativo"},{"@type":"BreadcrumbList","@id":"https:\/\/haciendamolleda.com\/tierra-de-andros\/#breadcrumb","itemListElement":[{"@type":"ListItem","position":1,"name":"Portada","item":"https:\/\/haciendamolleda.com\/"},{"@type":"ListItem","position":2,"name":"Tierra de Andros"}]},{"@type":"WebSite","@id":"https:\/\/haciendamolleda.com\/#website","url":"https:\/\/haciendamolleda.com\/","name":"Hacienda Molleda","description":"Hacienda Molleda es la bodega m\u00e1s alta de la D.O.P. Cari\u00f1ena. El valor de lo aut\u00f3ctono en vinos realizados con garnacha y cari\u00f1ena, variedades locales.","potentialAction":[{"@type":"SearchAction","target":{"@type":"EntryPoint","urlTemplate":"https:\/\/haciendamolleda.com\/?s={search_term_string}"},"query-input":{"@type":"PropertyValueSpecification","valueRequired":true,"valueName":"search_term_string"}}],"inLanguage":"en-GB"}]}},"_links":{"self":[{"href":"https:\/\/haciendamolleda.com\/en\/wp-json\/wp\/v2\/pages\/1594","targetHints":{"allow":["GET"]}}],"collection":[{"href":"https:\/\/haciendamolleda.com\/en\/wp-json\/wp\/v2\/pages"}],"about":[{"href":"https:\/\/haciendamolleda.com\/en\/wp-json\/wp\/v2\/types\/page"}],"author":[{"embeddable":true,"href":"https:\/\/haciendamolleda.com\/en\/wp-json\/wp\/v2\/users\/1"}],"replies":[{"embeddable":true,"href":"https:\/\/haciendamolleda.com\/en\/wp-json\/wp\/v2\/comments?post=1594"}],"version-history":[{"count":17,"href":"https:\/\/haciendamolleda.com\/en\/wp-json\/wp\/v2\/pages\/1594\/revisions"}],"predecessor-version":[{"id":2660,"href":"https:\/\/haciendamolleda.com\/en\/wp-json\/wp\/v2\/pages\/1594\/revisions\/2660"}],"wp:featuredmedia":[{"embeddable":true,"href":"https:\/\/haciendamolleda.com\/en\/wp-json\/wp\/v2\/media\/1801"}],"wp:attachment":[{"href":"https:\/\/haciendamolleda.com\/en\/wp-json\/wp\/v2\/media?parent=1594"}],"curies":[{"name":"wp","href":"https:\/\/api.w.org\/{rel}","templated":true}]}}