{"id":1853,"date":"2020-04-18T11:09:59","date_gmt":"2020-04-18T09:09:59","guid":{"rendered":"https:\/\/haciendamolleda.com\/?page_id=1853"},"modified":"2020-04-18T11:09:59","modified_gmt":"2020-04-18T09:09:59","slug":"politica-de-cookies","status":"publish","type":"page","link":"https:\/\/haciendamolleda.com\/en\/politica-de-cookies\/","title":{"rendered":"Cookie policy"},"content":{"rendered":"<p>INFORMACI\u00d3N SOBRE COOKIES<\/p>\r\n<p>Debido a la entrada en vigor de la referente modificaci\u00f3n de la \u201cLey de Servicios de la Sociedad de la Informaci\u00f3n\u201d\u00a0(LSSICE) establecida por el Real Decreto 13\/2012, es de obligaci\u00f3n obtener el consentimiento expreso del usuario de\u00a0todas las p\u00e1ginas web que usan cookies prescindibles, antes de que \u00e9ste navegue por ellas.v<\/p>\r\n<p>\u00bfQU\u00c9 SON LAS COOKIES?<\/p>\r\n<p>Las cookies y otras tecnolog\u00edas similares tales como local shared objects, flash cookies o p\u00edxeles, son herramientas\u00a0empleadas por los servidores Web para almacenar y recuperar informaci\u00f3n acerca de sus visitantes, as\u00ed como para ofrecer\u00a0un correcto funcionamiento del sitio.\u00a0Mediante el uso de estos dispositivos se permite al servidor Web recordar algunos datos concernientes al usuario, como\u00a0sus preferencias para la visualizaci\u00f3n de las p\u00e1ginas de ese servidor, nombre y contrase\u00f1a, productos que m\u00e1s le\u00a0interesan, etc.<\/p>\r\n<p>COOKIES AFECTADAS POR LA NORMATIVA Y COOKIES EXCEPTUADAS<\/p>\r\n<p>Seg\u00fan la directiva de la UE, las cookies que requieren el consentimiento informado por parte del usuario son las cookies de\u00a0anal\u00edtica y las de publicidad y afiliaci\u00f3n, quedando exceptuadas las de car\u00e1cter t\u00e9cnico y las necesarias para el\u00a0funcionamiento del sitio web o la prestaci\u00f3n de servicios expresamente solicitados por el usuario.<\/p>\r\n<p>\u00bfQU\u00c9 TIPOS DE COOKIES EXISTEN?<\/p>\r\n<p>Sobre los tipos de cookies, existen cinco grandes grupos:<\/p>\r\n<p>Cookies anal\u00edticas: recogen informaci\u00f3n del uso que se realiza del sitio web.<\/p>\r\n<p>Cookies sociales: son aquellas necesarias para redes sociales externas.<\/p>\r\n<p>Cookies de afiliados: permiten hacer un seguimiento de las visitas procedentes de otras webs, con las que el\u00a0sitio web establece un contrato de afiliaci\u00f3n (empresas de afiliaci\u00f3n).<\/p>\r\n<p>Cookies de publicidad y comportamentales: recogen informaci\u00f3n sobre las preferencias y elecciones\u00a0personales del usuario (retargeting).<\/p>\r\n<p>Cookies t\u00e9cnicas y funcionales: son las estrictamente necesarias para el uso del sitio web y para la prestaci\u00f3n\u00a0del servicio contratado.<\/p>\r\n<p>COOKIES QUE SE UTILIZAN EN ESTE SITIO WEB<\/p>\r\n<p>PHPSESSID: cookie t\u00e9cnica y estrictamente necesaria que contiene el identificador de la sesi\u00f3n. Se elimina al\u00a0cerrar el navegador.<\/p>\r\n<p>_lang: cookie t\u00e9cnica y estrictamente necesaria que contiene el idioma de la sesi\u00f3n. Se elimina al cerrar el\u00a0navegador.<\/p>\r\n<p>ac_cookies: cookie t\u00e9cnica y estrictamente necesaria que contiene el valor de si se ha aceptado la instalaci\u00f3n\u00a0de cookies. Caduca en 1 a\u00f1o desde la \u00faltima actualizaci\u00f3n.<\/p>\r\n<p>_ga: cookie de Google Analytics que habilita la funci\u00f3n de control de visitas \u00fanicas. La primera vez que un\u00a0usuario entre en el sitio web a trav\u00e9s de un navegador se instalar\u00e1 esta cookie. Cuando este usuario vuelva a\u00a0entrar en la web con el mismo navegador, la cookie considerar\u00e1 que es el mismo usuario. Solo en el caso de que el\u00a0usuario cambie de navegador, se considerar\u00e1 otro usuario. Caduca a los 2 a\u00f1os desde la \u00faltima actualizaci\u00f3n.<\/p>\r\n<p>_gat: Esta cookie se asocia con Google Analytics. Se utiliza para limitar la velocidad de petici\u00f3n \u2013 la limitaci\u00f3n\u00a0de la recogida de datos en los sitios de alto tr\u00e1fico. Caduca a los 10 minutos.<\/p>\r\n<p>_gid: Esta cookie se asocia con Google Analytics. Se utiliza para distinguir a los usuarios. Caduca a las 24\u00a0horas.<\/p>\r\n<p>_icl_current_language:\u00a0Se utiliza\u00a0en relaci\u00f3n con el idioma que permite redireccionar autom\u00e1ticamente al usuario de la web hacia el idioma que tenga por defecto en su navegador.<\/p>\r\n<p>1P_JAR,\u00a0CONSENT,\u00a0HSID,\u00a0NID,\u00a0SAPISID,\u00a0SID: Estas cookies se utilizan para recoger informaci\u00f3n sobre el uso de nuestro sitio web por parte de los visitantes. Utilizamos la informaci\u00f3n para elaborar informes y para mejorar el sitio. Estas cookies se asocian \u00fanicamente a un usuario an\u00f3nimo y a su ordenador\/dispositivo sin proporcionar referencias que permitan conocer datos personales. Recogen el n\u00famero de visitantes al sitio, el tiempo que duran las visitas, el navegador, el tipo de terminal, el lugar de procedencia de los visitantes y las p\u00e1ginas visitadas.<\/p>\r\n<p>REVOCACI\u00d3N DEL CONSENTIMIENTO PARA INSTALAR COOKIES<\/p>\r\n<p>COMO ELIMINAR LAS COOKIES DEL NAVEGADOR<\/p>\r\n<p>Chrome<\/p>\r\n<p>1. Selecciona el icono de Herramientas<\/p>\r\n<p>2. Haz clic en Configuraci\u00f3n.<\/p>\r\n<p>3. Haz clic en Mostrar Opciones Avanzadas.<\/p>\r\n<p>4. En la secci\u00f3n \u00abPrivacidad\u00bb haz clic en Configuraci\u00f3n de contenido.<\/p>\r\n<p>\u2022 Eliminar cookies: Haz clic en Todas las cookies y los datos de sitios\u2026<\/p>\r\n<p>\u2022 No permitir que se almacenen cookies.<\/p>\r\n<p>5. Haz clic en Eliminar datos de navegaci\u00f3n (vaciar la Cach\u00e9).<\/p>\r\n<p>6. Cierra y reinicia el navegador.<\/p>\r\n<p>Para m\u00e1s informaci\u00f3n sobre Chrome pulse aqu\u00ed: http:\/\/support.google.com\/chrome\/answer\/95647?hl=es<\/p>\r\n<p>Internet Explorer. Versi\u00f3n 11<\/p>\r\n<p>1. Selecciona Herramientas | Opciones de Internet.<\/p>\r\n<p>2. Haz clic en la ficha General.<\/p>\r\n<p>3. En la secci\u00f3n \u00abHistorial de exploraci\u00f3n\u00bb, haz clic en Eliminar el historial de exploraci\u00f3n al salir.<\/p>\r\n<p>4. Seleccionar Eliminar archivos.<\/p>\r\n<p>5. Seleccionar Eliminar cookies.<\/p>\r\n<p>6. Haz clic en Eliminar.<\/p>\r\n<p>7. Haz clic en Aceptar.<\/p>\r\n<p>8. Cierra y reinicia el navegador.<\/p>\r\n<p>Para m\u00e1s informaci\u00f3n sobre Internet Explorer pulse aqu\u00ed: https:\/\/support.microsoft.com\/es-es\/kb\/278835<\/p>\r\n<p>Firefox. Versi\u00f3n 18<\/p>\r\n<p>1. Selecciona Firefox | Historial | Limpiar el historial reciente.<\/p>\r\n<p>2. Al lado de \u00abDetalles\u00bb, haz clic en la flecha hacia abajo.<\/p>\r\n<p>3. Selecciona las siguientes casillas de verificaci\u00f3n: Cookies, Cach\u00e9, Inicios de sesi\u00f3n activos<\/p>\r\n<p>4. Usando el \u00abIntervalo de tiempo para borrar\u00bb en el men\u00fa desplegable, selecciona Todo.<\/p>\r\n<p>5. Haz clic en Borrar ahora.<\/p>\r\n<p>6. Cierra y reinicia el navegador.<\/p>\r\n<p>Puede aceptar o rechazar las cookies individualmente en las Preferencias de Firefox, en la secci\u00f3n Historial disponible en<\/p>\r\n<p>Herramientas &gt; Opciones &gt; Privacidad.<\/p>\r\n<p>&nbsp;<\/p>\r\n<p>Para m\u00e1s informaci\u00f3n sobre Mozilla Firefox pulse aqu\u00ed: https:\/\/www.mozilla.org\/es-ES\/privacy\/websites\/#cookies<\/p>\r\n<p>Safari Versi\u00f3n 5.1<\/p>\r\n<p>1. Selecciona el icono de Safari \/ Editar | Restaurar Safari.<\/p>\r\n<p>2. Selecciona las siguientes casillas de verificaci\u00f3n: Borrar el historial, Eliminar todos los datos de sitio web<\/p>\r\n<p>3. Haz clic en Restablecer.<\/p>\r\n<p>4. Cierra y reinicia el navegador.<\/p>\r\n<p>Para m\u00e1s informaci\u00f3n sobre Safari pulse aqu\u00ed: https:\/\/support.apple.com\/kb\/ph21411?locale=es_ES<\/p>\r\n<p>Opera<\/p>\r\n<p>Opciones \u2013 Avanzado \u2013 Cookies.<\/p>\r\n<p>Las opciones de cookies controlan el modo en que Opera los maneja y por lo tanto su aceptaci\u00f3n o rechazo.<\/p>\r\n<p>Para m\u00e1s informaci\u00f3n sobre \u00d3pera pulse aqu\u00ed: http:\/\/help.opera.com\/Linux\/10.60\/es-ES\/cookies.html<\/p>\r\n<p>Otros navegadores<\/p>\r\n<p>Consulte la documentaci\u00f3n del navegador que tenga instalado.<\/p>","protected":false},"excerpt":{"rendered":"<p>INFORMACI\u00d3N SOBRE COOKIES Debido a la entrada en vigor de la referente modificaci\u00f3n de la \u201cLey de Servicios de la Sociedad de la Informaci\u00f3n\u201d\u00a0(LSSICE) establecida por el Real Decreto 13\/2012, es de obligaci\u00f3n obtener el consentimiento expreso del usuario de\u00a0todas las p\u00e1ginas web que usan cookies prescindibles, antes de que \u00e9ste navegue por ellas.v \u00bfQU\u00c9<br class=\"read-more-spacer\"> <a class=\"more-link\" href=\"https:\/\/haciendamolleda.com\/en\/politica-de-cookies\/\">Read More<\/a><\/p>","protected":false},"author":1,"featured_media":0,"parent":0,"menu_order":0,"comment_status":"closed","ping_status":"open","template":"","meta":{"footnotes":""},"class_list":["post-1853","page","type-page","status-publish","hentry"],"yoast_head":"<!-- This site is optimized with the Yoast SEO plugin v24.7 - https:\/\/yoast.com\/wordpress\/plugins\/seo\/ -->\n<title>Pol\u00edtica de cookies - Hacienda Molleda<\/title>\n<meta name=\"robots\" content=\"index, follow, max-snippet:-1, max-image-preview:large, max-video-preview:-1\" \/>\n<link rel=\"canonical\" href=\"https:\/\/haciendamolleda.com\/en\/politica-de-cookies\/\" \/>\n<meta property=\"og:locale\" content=\"en_GB\" \/>\n<meta property=\"og:type\" content=\"article\" \/>\n<meta property=\"og:title\" content=\"Pol\u00edtica de cookies - Hacienda Molleda\" \/>\n<meta property=\"og:description\" content=\"INFORMACI\u00d3N SOBRE COOKIES Debido a la entrada en vigor de la referente modificaci\u00f3n de la \u201cLey de Servicios de la Sociedad de la Informaci\u00f3n\u201d\u00a0(LSSICE) establecida por el Real Decreto 13\/2012, es de obligaci\u00f3n obtener el consentimiento expreso del usuario de\u00a0todas las p\u00e1ginas web que usan cookies prescindibles, antes de que \u00e9ste navegue por ellas.v \u00bfQU\u00c9 Read More\" \/>\n<meta property=\"og:url\" content=\"https:\/\/haciendamolleda.com\/en\/politica-de-cookies\/\" \/>\n<meta property=\"og:site_name\" content=\"Hacienda Molleda\" \/>\n<meta name=\"twitter:card\" content=\"summary_large_image\" \/>\n<meta name=\"twitter:label1\" content=\"Estimated reading time\" \/>\n\t<meta name=\"twitter:data1\" content=\"5 minutes\" \/>\n<script type=\"application\/ld+json\" class=\"yoast-schema-graph\">{\"@context\":\"https:\/\/schema.org\",\"@graph\":[{\"@type\":\"WebPage\",\"@id\":\"https:\/\/haciendamolleda.com\/politica-de-cookies\/\",\"url\":\"https:\/\/haciendamolleda.com\/politica-de-cookies\/\",\"name\":\"Pol\u00edtica de cookies - Hacienda Molleda\",\"isPartOf\":{\"@id\":\"https:\/\/haciendamolleda.com\/#website\"},\"datePublished\":\"2020-04-18T09:09:59+00:00\",\"breadcrumb\":{\"@id\":\"https:\/\/haciendamolleda.com\/politica-de-cookies\/#breadcrumb\"},\"inLanguage\":\"en-GB\",\"potentialAction\":[{\"@type\":\"ReadAction\",\"target\":[\"https:\/\/haciendamolleda.com\/politica-de-cookies\/\"]}]},{\"@type\":\"BreadcrumbList\",\"@id\":\"https:\/\/haciendamolleda.com\/politica-de-cookies\/#breadcrumb\",\"itemListElement\":[{\"@type\":\"ListItem\",\"position\":1,\"name\":\"Portada\",\"item\":\"https:\/\/haciendamolleda.com\/\"},{\"@type\":\"ListItem\",\"position\":2,\"name\":\"Pol\u00edtica de cookies\"}]},{\"@type\":\"WebSite\",\"@id\":\"https:\/\/haciendamolleda.com\/#website\",\"url\":\"https:\/\/haciendamolleda.com\/\",\"name\":\"Hacienda Molleda\",\"description\":\"Hacienda Molleda es la bodega m\u00e1s alta de la D.O.P. Cari\u00f1ena. El valor de lo aut\u00f3ctono en vinos realizados con garnacha y cari\u00f1ena, variedades locales.\",\"potentialAction\":[{\"@type\":\"SearchAction\",\"target\":{\"@type\":\"EntryPoint\",\"urlTemplate\":\"https:\/\/haciendamolleda.com\/?s={search_term_string}\"},\"query-input\":{\"@type\":\"PropertyValueSpecification\",\"valueRequired\":true,\"valueName\":\"search_term_string\"}}],\"inLanguage\":\"en-GB\"}]}<\/script>\n<!-- \/ Yoast SEO plugin. -->","yoast_head_json":{"title":"Pol\u00edtica de cookies - Hacienda Molleda","robots":{"index":"index","follow":"follow","max-snippet":"max-snippet:-1","max-image-preview":"max-image-preview:large","max-video-preview":"max-video-preview:-1"},"canonical":"https:\/\/haciendamolleda.com\/en\/politica-de-cookies\/","og_locale":"en_GB","og_type":"article","og_title":"Pol\u00edtica de cookies - Hacienda Molleda","og_description":"INFORMACI\u00d3N SOBRE COOKIES Debido a la entrada en vigor de la referente modificaci\u00f3n de la \u201cLey de Servicios de la Sociedad de la Informaci\u00f3n\u201d\u00a0(LSSICE) establecida por el Real Decreto 13\/2012, es de obligaci\u00f3n obtener el consentimiento expreso del usuario de\u00a0todas las p\u00e1ginas web que usan cookies prescindibles, antes de que \u00e9ste navegue por ellas.v \u00bfQU\u00c9 Read More","og_url":"https:\/\/haciendamolleda.com\/en\/politica-de-cookies\/","og_site_name":"Hacienda Molleda","twitter_card":"summary_large_image","twitter_misc":{"Estimated reading time":"5 minutes"},"schema":{"@context":"https:\/\/schema.org","@graph":[{"@type":"WebPage","@id":"https:\/\/haciendamolleda.com\/politica-de-cookies\/","url":"https:\/\/haciendamolleda.com\/politica-de-cookies\/","name":"Pol\u00edtica de cookies - Hacienda Molleda","isPartOf":{"@id":"https:\/\/haciendamolleda.com\/#website"},"datePublished":"2020-04-18T09:09:59+00:00","breadcrumb":{"@id":"https:\/\/haciendamolleda.com\/politica-de-cookies\/#breadcrumb"},"inLanguage":"en-GB","potentialAction":[{"@type":"ReadAction","target":["https:\/\/haciendamolleda.com\/politica-de-cookies\/"]}]},{"@type":"BreadcrumbList","@id":"https:\/\/haciendamolleda.com\/politica-de-cookies\/#breadcrumb","itemListElement":[{"@type":"ListItem","position":1,"name":"Portada","item":"https:\/\/haciendamolleda.com\/"},{"@type":"ListItem","position":2,"name":"Pol\u00edtica de cookies"}]},{"@type":"WebSite","@id":"https:\/\/haciendamolleda.com\/#website","url":"https:\/\/haciendamolleda.com\/","name":"Hacienda Molleda","description":"Hacienda Molleda es la bodega m\u00e1s alta de la D.O.P. Cari\u00f1ena. El valor de lo aut\u00f3ctono en vinos realizados con garnacha y cari\u00f1ena, variedades locales.","potentialAction":[{"@type":"SearchAction","target":{"@type":"EntryPoint","urlTemplate":"https:\/\/haciendamolleda.com\/?s={search_term_string}"},"query-input":{"@type":"PropertyValueSpecification","valueRequired":true,"valueName":"search_term_string"}}],"inLanguage":"en-GB"}]}},"_links":{"self":[{"href":"https:\/\/haciendamolleda.com\/en\/wp-json\/wp\/v2\/pages\/1853","targetHints":{"allow":["GET"]}}],"collection":[{"href":"https:\/\/haciendamolleda.com\/en\/wp-json\/wp\/v2\/pages"}],"about":[{"href":"https:\/\/haciendamolleda.com\/en\/wp-json\/wp\/v2\/types\/page"}],"author":[{"embeddable":true,"href":"https:\/\/haciendamolleda.com\/en\/wp-json\/wp\/v2\/users\/1"}],"replies":[{"embeddable":true,"href":"https:\/\/haciendamolleda.com\/en\/wp-json\/wp\/v2\/comments?post=1853"}],"version-history":[{"count":1,"href":"https:\/\/haciendamolleda.com\/en\/wp-json\/wp\/v2\/pages\/1853\/revisions"}],"predecessor-version":[{"id":1854,"href":"https:\/\/haciendamolleda.com\/en\/wp-json\/wp\/v2\/pages\/1853\/revisions\/1854"}],"wp:attachment":[{"href":"https:\/\/haciendamolleda.com\/en\/wp-json\/wp\/v2\/media?parent=1853"}],"curies":[{"name":"wp","href":"https:\/\/api.w.org\/{rel}","templated":true}]}}