{"id":1943,"date":"2020-07-20T11:17:09","date_gmt":"2020-07-20T09:17:09","guid":{"rendered":"https:\/\/haciendamolleda.com\/?page_id=1943"},"modified":"2020-07-20T11:20:36","modified_gmt":"2020-07-20T09:20:36","slug":"politica-de-proteccion-de-datos","status":"publish","type":"page","link":"https:\/\/haciendamolleda.com\/en\/politica-de-proteccion-de-datos\/","title":{"rendered":"Data Protection Policy"},"content":{"rendered":"<div class=\"wpb-content-wrapper\"><div class=\"vc_row wpb_row vc_row-fluid\"><div class=\"wpb_column vc_column_container vc_col-sm-12\"><div class=\"vc_column-inner\"><div class=\"wpb_wrapper\">\n\t<div class=\"wpb_text_column wpb_content_element\" >\n\t\t<div class=\"wpb_wrapper\">\n\t\t\t<p><strong>POLITICA DE PROTECCION DE DATOS<\/strong><\/p>\n<p>XUCROGAS S.A. (BODEGAS HACIENDA MOLLEDA) desea poner en conocimiento de los usuarios y clientes de la\/s aplicaci\u00f3n\/es, la pol\u00edtica llevada a cabo respecto al tratamiento de todos los datos de car\u00e1cter personal que por la utilizaci\u00f3n de las funciones de la\/s aplicaci\u00f3n\/es se faciliten a la empresa.<\/p>\n<p><strong>IDENTIFICACI\u00d3N DEL RESPONSABLE DE FICHERO<\/strong><\/p>\n<p>XUCROGAS S.A. (BODEGAS HACIENDA MOLLEDA) con domicilio social en C\/ rivadavia 6, 1\u00bad 28029 madrid (Espa\u00f1a) y C.I.F. n\u00famero A16015257\u00a0 e inscrita en el Registro Mercantil de Cuenta, Tomo 28 \u2013 General 23 \u2013 Secci\u00f3n 3\u00aa del Folio 75 \u2013 Hoja 513- informa a los usuarios y clientes de la aplicaci\u00f3n de la existencia de un fichero mixto de datos personales cuyo responsable es XUCROGAS S.A.<\/p>\n<p><strong>FINALIDAD DEL FICHERO<\/strong><\/p>\n<p>Todos los datos que se solicitan a los usuarios y clientes ser\u00e1n necesarios para prestar el servicio objeto del servicio proporcionados a trav\u00e9s del Sitio Web y Gestionar la contrataci\u00f3n de los productos y servicios ofertados a trav\u00e9s del Sitio Web o por v\u00eda telef\u00f3nica, llevar a cabo la administraci\u00f3n general de su cuenta, mantenimiento, control y gesti\u00f3n de las peticiones que Usuario solicitede poderle prestar nuestros servicios,\u00a0gesti\u00f3n\u00a0de clientes y proveedores, contable fiscal y administrativa,\u00a0as\u00ed como para mantenerle informado sobre cuestiones relativas a la actividad de la empresa y sus servicios..<\/p>\n<p><strong>CONSENTIMIENTO<\/strong><\/p>\n<p>La utilizaci\u00f3n de la aplicaci\u00f3n dar\u00e1 lugar al tratamiento de datos de car\u00e1cter personal que XUCROGAS S.A., en su caso, llevar\u00e1 a cabo de acuerdo con las normas y procedimientos internos establecidos al efecto, que son conocidos por los clientes y usuarios y autorizados por \u00e9stos.<\/p>\n<p>XUCROGAS S.A., al amparo de lo previsto en el art\u00edculo 12 de la Ley Org\u00e1nica 15\/1999, de 13 de diciembre, de Protecci\u00f3n de Datos de Car\u00e1cter Personal, podr\u00e1 subcontratar con otras empresas o profesionales la ejecuci\u00f3n material de todas o alguna de las prestaciones de servicios sin que en ning\u00fan caso tal comunicaci\u00f3n constituya una cesi\u00f3n de datos, garantizando a los clientes y usuarios de la aplicaci\u00f3n que los datos facilitados no se aplicar\u00e1n ni utilizar\u00e1n con un fin distinto al establecido.<\/p>\n<p><strong>GARANT\u00cdA Y PROTECCI\u00d3N DE DATOS<\/strong><\/p>\n<p>En el tratamiento de los datos de car\u00e1cter personal, XUCROGAS S.A.se compromete a garantizar y proteger las libertades p\u00fablicas y los derechos fundamentales de las personas f\u00edsicas de los ficheros y, especialmente, su honor y su intimidad familiar y personal, oblig\u00e1ndose en este sentido, a efectuar el correspondiente tratamiento de datos de acuerdo con la normativa vigente en cada momento y a guardar el m\u00e1s absoluto secreto en relaci\u00f3n con la informaci\u00f3n entregada por los clientes y usuarios.<\/p>\n<p>Los datos de car\u00e1cter personal objeto de tratamiento no se utilizar\u00e1n para otras finalidades que no se encuentren aqu\u00ed recogidas o, en su caso, por otro documento o contrato que vinculase a ambas partes con condiciones particulares.<\/p>\n<p>XUCROGAS S.A., salvo consentimiento expreso por parte de los usuarios y clientes, no realizar\u00e1 cesiones ni comunicaciones de datos que no est\u00e9n previstos en el art. 11.2. LOPD.<\/p>\n<p><strong>CALIDAD DE LOS DATOS<\/strong><\/p>\n<p>Los usuarios y clientes deber\u00e1n velar por el cumplimiento de todas las medidas t\u00e9cnicas y organizativas necesarias con la finalidad de garantizar la seguridad de los datos de car\u00e1cter personal, evitando su alteraci\u00f3n, p\u00e9rdida, tratamiento o acceso no autorizado. Los datos que se comuniquen a trav\u00e9s de la aplicaci\u00f3n tendr\u00e1n que ser exactos y puestos al d\u00eda siendo de exclusiva responsabilidad de los clientes y usuarios la actualizaci\u00f3n de estos datos.<\/p>\n<p><strong>EJERCICIO DE LOS DERECHOS DE ACCESO, RECTIFICACI\u00d3N, CANCELACI\u00d3N Y OPOSICI\u00d3N<\/strong><\/p>\n<p>XUCROGAS S.A. informa de que los usuarios podr\u00e1n ejercitar los derechos de acceso, rectificaci\u00f3n, cancelaci\u00f3n y oposici\u00f3n mediante el env\u00edo de un correo electr\u00f3nico a HACIENDAMOLLEDA@GMAIL.COM , tambien mediante la direcci\u00f3n postal: Apdo 10 c.p. 50400 Cari\u00f1ena Zaragoza (SPAIN)<\/p>\n<p><strong>MEDIDAS DE SEGURIDAD<\/strong><\/p>\n<p>XUCROGAS S.A.\u00a0 informa a los usuarios y clientes que, de conformidad con lo dispuesto en la LOPD y el Reglamento de Medidas de Seguridad, ha adoptado las medidas de \u00edndole t\u00e9cnica y organizativas necesarias para garantizar la seguridad de los datos de car\u00e1cter personal y evitar la alteraci\u00f3n, p\u00e9rdida, tratamiento o acceso no autorizado, habida cuenta del estado de la tecnolog\u00eda, la naturaleza de los datos almacenados y los riesgos a que est\u00e1n expuestos. Igualmente XUCROGAS S.A. garantiza al usuario el cumplimiento del deber de secreto profesional respecto de los datos personales de los usuarios y del deber de guardarlos.<\/p>\n<p><strong>MODIFICACI\u00d3N DE LA POL\u00cdTICA DE PRIVACIDAD<\/strong><\/p>\n<p>XUCROGAS S.A.\u00a0 se reserva el derecho a modificar su Pol\u00edtica de Privacidad, de acuerdo a su propio criterio, o motivado por un cambio doctrinal de la Agencia Espa\u00f1ola de Protecci\u00f3n de Datos, legislativo o jurisprudencial.<\/p>\n<p><strong>ANEXO<\/strong><\/p>\n<p><strong>DURACI\u00d3N Y TERMINACI\u00d3N<\/strong><\/p>\n<p>La prestaci\u00f3n de los servicios y\/o contenidos de la presente aplicaci\u00f3n tiene una duraci\u00f3n indefinida. Sin perjuicio de lo anterior, XUCROGAS S.A.\u00a0 est\u00e1 facultada para dar por terminada, suspender o interrumpir unilateralmente, en cualquier momento y sin necesidad de preaviso, la prestaci\u00f3n del servicio y de la presente aplicaci\u00f3n y\/o de cualquiera de los servicios, sin perjuicio de lo que se hubiera dispuesto al respecto en las correspondientes condiciones particulares.<\/p>\n<p><strong>LEY Y JURISDICCI\u00d3N<\/strong><\/p>\n<p>Las cuestiones relativas a las Condiciones de Uso y Pol\u00edtica de Privacidad, as\u00ed como todas aquellas cuestiones que radican y tengan relaci\u00f3n en parte o en su totalidad con los servicios suministrados a trav\u00e9s de la aplicaci\u00f3n, se rigen en todos y cada uno de sus extremos por la ley espa\u00f1ola, renunciando expresamente las partes al fuero que les corresponda, y someti\u00e9ndose a los Juzgados y Tribunales de Madrid.<\/p>\n\n\t\t<\/div>\n\t<\/div>\n<\/div><\/div><\/div><\/div>\n<\/div>","protected":false},"excerpt":{"rendered":"POLITICA DE PROTECCION DE DATOS XUCROGAS S.A. (BODEGAS HACIENDA MOLLEDA) desea poner en conocimiento de los usuarios y clientes de la\/s aplicaci\u00f3n\/es, la pol\u00edtica llevada a cabo respecto al tratamiento de todos los datos de car\u00e1cter personal que por la utilizaci\u00f3n de las funciones de la\/s aplicaci\u00f3n\/es se faciliten a la empresa. IDENTIFICACI\u00d3N DEL RESPONSABLE<br class=\"read-more-spacer\"> <a class=\"more-link\" href=\"https:\/\/haciendamolleda.com\/en\/politica-de-proteccion-de-datos\/\">Read More<\/a>","protected":false},"author":1,"featured_media":0,"parent":0,"menu_order":0,"comment_status":"closed","ping_status":"closed","template":"","meta":{"footnotes":""},"class_list":["post-1943","page","type-page","status-publish","hentry"],"yoast_head":"<!-- This site is optimized with the Yoast SEO plugin v24.7 - https:\/\/yoast.com\/wordpress\/plugins\/seo\/ -->\n<title>Pol\u00edtica de Protecci\u00f3n de datos - Hacienda Molleda<\/title>\n<meta name=\"robots\" content=\"index, follow, max-snippet:-1, max-image-preview:large, max-video-preview:-1\" \/>\n<link rel=\"canonical\" href=\"https:\/\/haciendamolleda.com\/en\/politica-de-proteccion-de-datos\/\" \/>\n<meta property=\"og:locale\" content=\"en_GB\" \/>\n<meta property=\"og:type\" content=\"article\" \/>\n<meta property=\"og:title\" content=\"Pol\u00edtica de Protecci\u00f3n de datos - Hacienda Molleda\" \/>\n<meta property=\"og:url\" content=\"https:\/\/haciendamolleda.com\/en\/politica-de-proteccion-de-datos\/\" \/>\n<meta property=\"og:site_name\" content=\"Hacienda Molleda\" \/>\n<meta property=\"article:modified_time\" content=\"2020-07-20T09:20:36+00:00\" \/>\n<meta name=\"twitter:card\" content=\"summary_large_image\" \/>\n<meta name=\"twitter:label1\" content=\"Estimated reading time\" \/>\n\t<meta name=\"twitter:data1\" content=\"5 minutes\" \/>\n<script type=\"application\/ld+json\" class=\"yoast-schema-graph\">{\"@context\":\"https:\/\/schema.org\",\"@graph\":[{\"@type\":\"WebPage\",\"@id\":\"https:\/\/haciendamolleda.com\/politica-de-proteccion-de-datos\/\",\"url\":\"https:\/\/haciendamolleda.com\/politica-de-proteccion-de-datos\/\",\"name\":\"Pol\u00edtica de Protecci\u00f3n de datos - Hacienda Molleda\",\"isPartOf\":{\"@id\":\"https:\/\/haciendamolleda.com\/#website\"},\"datePublished\":\"2020-07-20T09:17:09+00:00\",\"dateModified\":\"2020-07-20T09:20:36+00:00\",\"breadcrumb\":{\"@id\":\"https:\/\/haciendamolleda.com\/politica-de-proteccion-de-datos\/#breadcrumb\"},\"inLanguage\":\"en-GB\",\"potentialAction\":[{\"@type\":\"ReadAction\",\"target\":[\"https:\/\/haciendamolleda.com\/politica-de-proteccion-de-datos\/\"]}]},{\"@type\":\"BreadcrumbList\",\"@id\":\"https:\/\/haciendamolleda.com\/politica-de-proteccion-de-datos\/#breadcrumb\",\"itemListElement\":[{\"@type\":\"ListItem\",\"position\":1,\"name\":\"Portada\",\"item\":\"https:\/\/haciendamolleda.com\/\"},{\"@type\":\"ListItem\",\"position\":2,\"name\":\"Pol\u00edtica de Protecci\u00f3n de datos\"}]},{\"@type\":\"WebSite\",\"@id\":\"https:\/\/haciendamolleda.com\/#website\",\"url\":\"https:\/\/haciendamolleda.com\/\",\"name\":\"Hacienda Molleda\",\"description\":\"Hacienda Molleda es la bodega m\u00e1s alta de la D.O.P. Cari\u00f1ena. El valor de lo aut\u00f3ctono en vinos realizados con garnacha y cari\u00f1ena, variedades locales.\",\"potentialAction\":[{\"@type\":\"SearchAction\",\"target\":{\"@type\":\"EntryPoint\",\"urlTemplate\":\"https:\/\/haciendamolleda.com\/?s={search_term_string}\"},\"query-input\":{\"@type\":\"PropertyValueSpecification\",\"valueRequired\":true,\"valueName\":\"search_term_string\"}}],\"inLanguage\":\"en-GB\"}]}<\/script>\n<!-- \/ Yoast SEO plugin. -->","yoast_head_json":{"title":"Pol\u00edtica de Protecci\u00f3n de datos - Hacienda Molleda","robots":{"index":"index","follow":"follow","max-snippet":"max-snippet:-1","max-image-preview":"max-image-preview:large","max-video-preview":"max-video-preview:-1"},"canonical":"https:\/\/haciendamolleda.com\/en\/politica-de-proteccion-de-datos\/","og_locale":"en_GB","og_type":"article","og_title":"Pol\u00edtica de Protecci\u00f3n de datos - Hacienda Molleda","og_url":"https:\/\/haciendamolleda.com\/en\/politica-de-proteccion-de-datos\/","og_site_name":"Hacienda Molleda","article_modified_time":"2020-07-20T09:20:36+00:00","twitter_card":"summary_large_image","twitter_misc":{"Estimated reading time":"5 minutes"},"schema":{"@context":"https:\/\/schema.org","@graph":[{"@type":"WebPage","@id":"https:\/\/haciendamolleda.com\/politica-de-proteccion-de-datos\/","url":"https:\/\/haciendamolleda.com\/politica-de-proteccion-de-datos\/","name":"Pol\u00edtica de Protecci\u00f3n de datos - Hacienda Molleda","isPartOf":{"@id":"https:\/\/haciendamolleda.com\/#website"},"datePublished":"2020-07-20T09:17:09+00:00","dateModified":"2020-07-20T09:20:36+00:00","breadcrumb":{"@id":"https:\/\/haciendamolleda.com\/politica-de-proteccion-de-datos\/#breadcrumb"},"inLanguage":"en-GB","potentialAction":[{"@type":"ReadAction","target":["https:\/\/haciendamolleda.com\/politica-de-proteccion-de-datos\/"]}]},{"@type":"BreadcrumbList","@id":"https:\/\/haciendamolleda.com\/politica-de-proteccion-de-datos\/#breadcrumb","itemListElement":[{"@type":"ListItem","position":1,"name":"Portada","item":"https:\/\/haciendamolleda.com\/"},{"@type":"ListItem","position":2,"name":"Pol\u00edtica de Protecci\u00f3n de datos"}]},{"@type":"WebSite","@id":"https:\/\/haciendamolleda.com\/#website","url":"https:\/\/haciendamolleda.com\/","name":"Hacienda Molleda","description":"Hacienda Molleda es la bodega m\u00e1s alta de la D.O.P. Cari\u00f1ena. El valor de lo aut\u00f3ctono en vinos realizados con garnacha y cari\u00f1ena, variedades locales.","potentialAction":[{"@type":"SearchAction","target":{"@type":"EntryPoint","urlTemplate":"https:\/\/haciendamolleda.com\/?s={search_term_string}"},"query-input":{"@type":"PropertyValueSpecification","valueRequired":true,"valueName":"search_term_string"}}],"inLanguage":"en-GB"}]}},"_links":{"self":[{"href":"https:\/\/haciendamolleda.com\/en\/wp-json\/wp\/v2\/pages\/1943","targetHints":{"allow":["GET"]}}],"collection":[{"href":"https:\/\/haciendamolleda.com\/en\/wp-json\/wp\/v2\/pages"}],"about":[{"href":"https:\/\/haciendamolleda.com\/en\/wp-json\/wp\/v2\/types\/page"}],"author":[{"embeddable":true,"href":"https:\/\/haciendamolleda.com\/en\/wp-json\/wp\/v2\/users\/1"}],"replies":[{"embeddable":true,"href":"https:\/\/haciendamolleda.com\/en\/wp-json\/wp\/v2\/comments?post=1943"}],"version-history":[{"count":3,"href":"https:\/\/haciendamolleda.com\/en\/wp-json\/wp\/v2\/pages\/1943\/revisions"}],"predecessor-version":[{"id":1946,"href":"https:\/\/haciendamolleda.com\/en\/wp-json\/wp\/v2\/pages\/1943\/revisions\/1946"}],"wp:attachment":[{"href":"https:\/\/haciendamolleda.com\/en\/wp-json\/wp\/v2\/media?parent=1943"}],"curies":[{"name":"wp","href":"https:\/\/api.w.org\/{rel}","templated":true}]}}