{"id":2198,"date":"2017-06-02T09:31:33","date_gmt":"2017-06-02T07:31:33","guid":{"rendered":"https:\/\/haciendamolleda.com\/wine-tourism\/"},"modified":"2023-06-01T11:28:28","modified_gmt":"2023-06-01T09:28:28","slug":"wine-tourism","status":"publish","type":"page","link":"https:\/\/haciendamolleda.com\/en\/wine-tourism\/","title":{"rendered":"WINE TOURISM"},"content":{"rendered":"<div class=\"wpb-content-wrapper\"><div class=\"vc_row wpb_row vc_row-fluid\"><div class=\"wpb_column vc_column_container vc_col-sm-3\"><div class=\"vc_column-inner\"><div class=\"wpb_wrapper\"><\/div><\/div><\/div><div class=\"wpb_column vc_column_container vc_col-sm-6\"><div class=\"vc_column-inner\"><div class=\"wpb_wrapper\">\n\t<div  class=\"wpb_single_image wpb_content_element vc_align_center wpb_content_element wpb_animate_when_almost_visible wpb_slideInUp slideInUp\">\n\t\t\n\t\t<figure class=\"wpb_wrapper vc_figure\">\n\t\t\t<div class=\"vc_single_image-wrapper   vc_box_border_grey\"><img loading=\"lazy\" decoding=\"async\" width=\"1939\" height=\"1626\" src=\"https:\/\/haciendamolleda.com\/wp-content\/uploads\/2020\/02\/18-ruta-logo_vertical.jpg\" class=\"vc_single_image-img attachment-full\" alt=\"Logotipo\" title=\"18-ruta-logo_vertical\" srcset=\"https:\/\/haciendamolleda.com\/wp-content\/uploads\/2020\/02\/18-ruta-logo_vertical.jpg 1939w, https:\/\/haciendamolleda.com\/wp-content\/uploads\/2020\/02\/18-ruta-logo_vertical-300x252.jpg 300w, https:\/\/haciendamolleda.com\/wp-content\/uploads\/2020\/02\/18-ruta-logo_vertical-768x644.jpg 768w, https:\/\/haciendamolleda.com\/wp-content\/uploads\/2020\/02\/18-ruta-logo_vertical-1024x859.jpg 1024w\" sizes=\"auto, (max-width: 1939px) 100vw, 1939px\" \/><\/div>\n\t\t<\/figure>\n\t<\/div>\n\n\t<div class=\"wpb_text_column wpb_content_element\" >\n\t\t<div class=\"wpb_wrapper\">\n\t\t\t<h2 style=\"text-align: center;\">Group visits (min. 10 people)<\/h2>\n\n\t\t<\/div>\n\t<\/div>\n<div class=\"vc_separator wpb_content_element vc_separator_align_center vc_sep_width_30 vc_sep_pos_align_center vc_separator_no_text vc_sep_color_grey wpb_content_element  wpb_content_element\" ><span class=\"vc_sep_holder vc_sep_holder_l\"><span class=\"vc_sep_line\"><\/span><\/span><span class=\"vc_sep_holder vc_sep_holder_r\"><span class=\"vc_sep_line\"><\/span><\/span>\n<\/div>\n\t<div class=\"wpb_text_column wpb_content_element\" >\n\t\t<div class=\"wpb_wrapper\">\n\t\t\t<p style=\"text-align: center;\"><strong>Hours: By appointment<\/strong><\/p>\n<p style=\"text-align: center;\">Thursday from 2:30 p.m. to 5:30 p.m. and Saturday from 10 a.m. to 2:30 p.m.<\/p>\n<p style=\"text-align: center;\">For other visits or special groups you can contact us.<\/p>\n<p style=\"text-align: center;\"><strong>Price<\/strong>: \u20ac10 \/ person + VAT.<\/p>\n<p style=\"text-align: center;\">Includes: Vineyard visit + Winery visit + Tasting 3 wines + 1 Hacienda Molleda Bottle<\/p>\n<p style=\"text-align: center;\"><strong>Duration:<\/strong> 1.15 hours approx<strong>.<\/strong><\/p>\n<p style=\"text-align: center;\"><strong>RESERVATIONS<\/strong>: Tel. 976 620 702 \u2013 Email: <a href=\"mailto:hm@haciendamolleda.com\">hm@haciendamolleda.com<\/a><\/p>\n\n\t\t<\/div>\n\t<\/div>\n<div class=\"vc_empty_space\"   style=\"height: 32px\"><span class=\"vc_empty_space_inner\"><\/span><\/div>\n\t<div class=\"wpb_text_column wpb_content_element\" >\n\t\t<div class=\"wpb_wrapper\">\n\t\t\t<h2 style=\"text-align: center;\">What will we see?<\/h2>\n\n\t\t<\/div>\n\t<\/div>\n<div class=\"vc_separator wpb_content_element vc_separator_align_center vc_sep_width_30 vc_sep_pos_align_center vc_separator_no_text vc_sep_color_grey wpb_content_element  wpb_content_element\" ><span class=\"vc_sep_holder vc_sep_holder_l\"><span class=\"vc_sep_line\"><\/span><\/span><span class=\"vc_sep_holder vc_sep_holder_r\"><span class=\"vc_sep_line\"><\/span><\/span>\n<\/div>\n\t<div class=\"wpb_text_column wpb_content_element\" >\n\t\t<div class=\"wpb_wrapper\">\n\t\t\t<h3 style=\"text-align: center;\">Barrel Room<\/h3>\n\n\t\t<\/div>\n\t<\/div>\n\n\t<div  class=\"wpb_single_image wpb_content_element vc_align_center wpb_content_element wpb_animate_when_almost_visible wpb_appear appear\">\n\t\t\n\t\t<figure class=\"wpb_wrapper vc_figure\">\n\t\t\t<a class=\"\" data-lightbox=\"lightbox[rel-2198-2736680493]\" href=\"https:\/\/haciendamolleda.com\/wp-content\/uploads\/2020\/02\/unnamed-8-576x1024.jpg\" target=\"_self\" class=\"vc_single_image-wrapper   vc_box_border_grey\"><img loading=\"lazy\" decoding=\"async\" width=\"300\" height=\"163\" src=\"https:\/\/haciendamolleda.com\/wp-content\/uploads\/2020\/02\/unnamed-8-e1582307194511-300x163.jpg\" class=\"vc_single_image-img attachment-medium\" alt=\"Header decorativo\" title=\"unnamed (8)\" srcset=\"https:\/\/haciendamolleda.com\/wp-content\/uploads\/2020\/02\/unnamed-8-e1582307194511-300x163.jpg 300w, https:\/\/haciendamolleda.com\/wp-content\/uploads\/2020\/02\/unnamed-8-e1582307194511.jpg 584w\" sizes=\"auto, (max-width: 300px) 100vw, 300px\" \/><\/a>\n\t\t<\/figure>\n\t<\/div>\n\n\t<div class=\"wpb_text_column wpb_content_element\" >\n\t\t<div class=\"wpb_wrapper\">\n\t\t\t<p style=\"text-align: center;\">We begin our day of wine tourism visiting the Terrace of the Barrel Room from which we observe the landscape that surrounds the estate, the Algair\u00e9n mountain range and the surrounding villages with the family vineyards. We will distinguish the vineyards, with the different varieties and ways of planting the vine, goblet or trellis system.<\/p>\n\n\t\t<\/div>\n\t<\/div>\n\n\t<div class=\"wpb_text_column wpb_content_element\" >\n\t\t<div class=\"wpb_wrapper\">\n\t\t\t<h3 style=\"text-align: center;\">Main building<\/h3>\n\n\t\t<\/div>\n\t<\/div>\n\n\t<div  class=\"wpb_single_image wpb_content_element vc_align_center wpb_content_element wpb_animate_when_almost_visible wpb_appear appear\">\n\t\t\n\t\t<figure class=\"wpb_wrapper vc_figure\">\n\t\t\t<a class=\"\" data-lightbox=\"lightbox[rel-2198-3381565801]\" href=\"https:\/\/haciendamolleda.com\/wp-content\/uploads\/2020\/02\/unnamed-3-1024x768.jpg\" target=\"_self\" class=\"vc_single_image-wrapper   vc_box_border_grey\"><img loading=\"lazy\" decoding=\"async\" width=\"1024\" height=\"768\" src=\"https:\/\/haciendamolleda.com\/wp-content\/uploads\/2020\/02\/unnamed-3-1024x768.jpg\" class=\"vc_single_image-img attachment-large\" alt=\"Bodega Hacienda Molleda\" title=\"unnamed (3)\" srcset=\"https:\/\/haciendamolleda.com\/wp-content\/uploads\/2020\/02\/unnamed-3-1024x768.jpg 1024w, https:\/\/haciendamolleda.com\/wp-content\/uploads\/2020\/02\/unnamed-3-300x225.jpg 300w, https:\/\/haciendamolleda.com\/wp-content\/uploads\/2020\/02\/unnamed-3-768x576.jpg 768w\" sizes=\"auto, (max-width: 1024px) 100vw, 1024px\" \/><\/a>\n\t\t<\/figure>\n\t<\/div>\n\n\t<div class=\"wpb_text_column wpb_content_element\" >\n\t\t<div class=\"wpb_wrapper\">\n\t\t\t<p style=\"text-align: center;\">We will move to the main building of the winery, in the Aragonese Mud\u00e9jar style with its different details: semicircular arches, reliefs with the Mud\u00e9jar star and the typical tiles.<\/p>\n\n\t\t<\/div>\n\t<\/div>\n\n\t<div class=\"wpb_text_column wpb_content_element\" >\n\t\t<div class=\"wpb_wrapper\">\n\t\t\t<h3 style=\"text-align: center;\">wine making<\/h3>\n\n\t\t<\/div>\n\t<\/div>\n\n\t<div  class=\"wpb_single_image wpb_content_element vc_align_center wpb_content_element wpb_animate_when_almost_visible wpb_appear appear\">\n\t\t\n\t\t<figure class=\"wpb_wrapper vc_figure\">\n\t\t\t<a class=\"\" data-lightbox=\"lightbox[rel-2198-3057958648]\" href=\"https:\/\/haciendamolleda.com\/wp-content\/uploads\/2020\/02\/unnamed-3-1-e1582307242987-1024x474.jpg\" target=\"_self\" class=\"vc_single_image-wrapper   vc_box_border_grey\"><img loading=\"lazy\" decoding=\"async\" width=\"3024\" height=\"1401\" src=\"https:\/\/haciendamolleda.com\/wp-content\/uploads\/2020\/02\/unnamed-3-1-e1582307242987.jpg\" class=\"vc_single_image-img attachment-full\" alt=\"esi\u00f3n de catas en bodegas Hacienda Molleda disfrutando del enoturismo\" title=\"unnamed (3)\" srcset=\"https:\/\/haciendamolleda.com\/wp-content\/uploads\/2020\/02\/unnamed-3-1-e1582307242987.jpg 3024w, https:\/\/haciendamolleda.com\/wp-content\/uploads\/2020\/02\/unnamed-3-1-e1582307242987-300x139.jpg 300w, https:\/\/haciendamolleda.com\/wp-content\/uploads\/2020\/02\/unnamed-3-1-e1582307242987-768x356.jpg 768w, https:\/\/haciendamolleda.com\/wp-content\/uploads\/2020\/02\/unnamed-3-1-e1582307242987-1024x474.jpg 1024w\" sizes=\"auto, (max-width: 3024px) 100vw, 3024px\" \/><\/a>\n\t\t<\/figure>\n\t<\/div>\n\n\t<div class=\"wpb_text_column wpb_content_element\" >\n\t\t<div class=\"wpb_wrapper\">\n\t\t\t<p style=\"text-align: center;\">We will learn about the winemaking process, from the reception of the grapes to its transformation and bottling with a brief description of the fundamental processes. Fermentation tanks, barrels, bottle rack.<\/p>\n\n\t\t<\/div>\n\t<\/div>\n\n\t<div class=\"wpb_text_column wpb_content_element\" >\n\t\t<div class=\"wpb_wrapper\">\n\t\t\t<h3 style=\"text-align: center;\">Wine tasting<\/h3>\n\n\t\t<\/div>\n\t<\/div>\n\n\t<div  class=\"wpb_single_image wpb_content_element vc_align_center wpb_content_element wpb_animate_when_almost_visible wpb_appear appear\">\n\t\t\n\t\t<figure class=\"wpb_wrapper vc_figure\">\n\t\t\t<a class=\"\" data-lightbox=\"lightbox[rel-2198-1101463908]\" href=\"https:\/\/haciendamolleda.com\/wp-content\/uploads\/2020\/02\/unnamed-1024x768.jpg\" target=\"_self\" class=\"vc_single_image-wrapper   vc_box_border_grey\"><img loading=\"lazy\" decoding=\"async\" width=\"1024\" height=\"768\" src=\"https:\/\/haciendamolleda.com\/wp-content\/uploads\/2020\/02\/unnamed-1024x768.jpg\" class=\"vc_single_image-img attachment-large\" alt=\"Sesi\u00f3n de catas en bodegas Hacienda Molleda disfrutando del ecoturismo\" title=\"unnamed\" srcset=\"https:\/\/haciendamolleda.com\/wp-content\/uploads\/2020\/02\/unnamed-1024x768.jpg 1024w, https:\/\/haciendamolleda.com\/wp-content\/uploads\/2020\/02\/unnamed-300x225.jpg 300w, https:\/\/haciendamolleda.com\/wp-content\/uploads\/2020\/02\/unnamed-768x576.jpg 768w\" sizes=\"auto, (max-width: 1024px) 100vw, 1024px\" \/><\/a>\n\t\t<\/figure>\n\t<\/div>\n\n\t<div class=\"wpb_text_column wpb_content_element\" >\n\t\t<div class=\"wpb_wrapper\">\n\t\t\t<p style=\"text-align: center;\">We will finish with a tasting of three of our wines discussed between the winery staff and the attendees. Finally there will be a discussion on doubts and concerns about wine, your opinion is important.<\/p>\n\n\t\t<\/div>\n\t<\/div>\n<div class=\"vc_empty_space\"   style=\"height: 42px\"><span class=\"vc_empty_space_inner\"><\/span><\/div>\n\t<div class=\"wpb_text_column wpb_content_element\" >\n\t\t<div class=\"wpb_wrapper\">\n\t\t\t<h2 style=\"text-align: center;\">Our location<\/h2>\n\n\t\t<\/div>\n\t<\/div>\n<div class=\"vc_separator wpb_content_element vc_separator_align_center vc_sep_width_30 vc_sep_pos_align_center vc_separator_no_text vc_sep_color_grey wpb_content_element  wpb_content_element\" ><span class=\"vc_sep_holder vc_sep_holder_l\"><span class=\"vc_sep_line\"><\/span><\/span><span class=\"vc_sep_holder vc_sep_holder_r\"><span class=\"vc_sep_line\"><\/span><\/span>\n<\/div>\n\t<div class=\"wpb_text_column wpb_content_element\" >\n\t\t<div class=\"wpb_wrapper\">\n\t\t\t<h3 style=\"text-align: center;\">Our winery is in Tosos (Zaragoza) 9 km from Cari\u00f1ena.<\/h3>\n\n\t\t<\/div>\n\t<\/div>\n\n\t<div class=\"wpb_text_column wpb_content_element\" >\n\t\t<div class=\"wpb_wrapper\">\n\t\t\t<h4 style=\"text-align: center;\">We are D.O.P Cari\u00f1ena.<\/h4>\n\n\t\t<\/div>\n\t<\/div>\n<div class=\"wpb_gmaps_widget wpb_content_element vc_map_responsive wpb_animate_when_almost_visible wpb_slideInUp slideInUp\"><div class=\"wpb_wrapper\"><div class=\"wpb_map_wraper\"><iframe loading=\"lazy\" src=\"https:\/\/www.google.com\/maps\/embed?pb=!1m18!1m12!1m3!1d50659.205015743224!2d-1.1475374243142338!3d41.34348096182954!2m3!1f0!2f0!3f0!3m2!1i1024!2i768!4f13.1!3m3!1m2!1s0xd5953e9e1d863d3%3A0x3f916eacd5e1a505!2sBodega%20Hacienda%20Molleda%20(Xucrogas%20S.A.)!5e0!3m2!1ses!2ses!4v1582115597258!5m2!1ses!2ses\" width=\"600\" height=\"450\" frameborder=\"0\" style=\"border:0;\" allowfullscreen=\"\"><\/iframe><\/div><\/div><\/div><\/div><\/div><\/div><div class=\"wpb_column vc_column_container vc_col-sm-3\"><div class=\"vc_column-inner\"><div class=\"wpb_wrapper\"><\/div><\/div><\/div><\/div>\n<\/div>","protected":false},"excerpt":{"rendered":"Group visits (min. 10 people) Hours: By appointment Thursday from 2:30 p.m. to 5:30 p.m. and Saturday from 10 a.m. to 2:30 p.m. For other visits or special groups you can contact us. Price: \u20ac10 \/ person + VAT. Includes: Vineyard visit + Winery visit + Tasting 3 wines + 1 Hacienda Molleda Bottle Duration:<br class=\"read-more-spacer\"> <a class=\"more-link\" href=\"https:\/\/haciendamolleda.com\/en\/wine-tourism\/\">Read More<\/a>","protected":false},"author":1,"featured_media":2150,"parent":0,"menu_order":0,"comment_status":"closed","ping_status":"closed","template":"","meta":{"footnotes":""},"class_list":["post-2198","page","type-page","status-publish","has-post-thumbnail","hentry"],"yoast_head":"<!-- This site is optimized with the Yoast SEO plugin v24.7 - https:\/\/yoast.com\/wordpress\/plugins\/seo\/ -->\n<title>WINE TOURISM - Hacienda Molleda<\/title>\n<meta name=\"robots\" content=\"index, follow, max-snippet:-1, max-image-preview:large, max-video-preview:-1\" \/>\n<link rel=\"canonical\" href=\"https:\/\/haciendamolleda.com\/en\/wine-tourism\/\" \/>\n<meta property=\"og:locale\" content=\"en_GB\" \/>\n<meta property=\"og:type\" content=\"article\" \/>\n<meta property=\"og:title\" content=\"WINE TOURISM - Hacienda Molleda\" \/>\n<meta property=\"og:url\" content=\"https:\/\/haciendamolleda.com\/en\/wine-tourism\/\" \/>\n<meta property=\"og:site_name\" content=\"Hacienda Molleda\" \/>\n<meta property=\"article:modified_time\" content=\"2023-06-01T09:28:28+00:00\" \/>\n<meta property=\"og:image\" content=\"https:\/\/haciendamolleda.com\/wp-content\/uploads\/2020\/02\/07_07_Carin\u0303ena-0051.jpg\" \/>\n\t<meta property=\"og:image:width\" content=\"1920\" \/>\n\t<meta property=\"og:image:height\" content=\"788\" \/>\n\t<meta property=\"og:image:type\" content=\"image\/jpeg\" \/>\n<meta name=\"twitter:card\" content=\"summary_large_image\" \/>\n<meta name=\"twitter:label1\" content=\"Estimated reading time\" \/>\n\t<meta name=\"twitter:data1\" content=\"2 minutes\" \/>\n<script type=\"application\/ld+json\" class=\"yoast-schema-graph\">{\"@context\":\"https:\/\/schema.org\",\"@graph\":[{\"@type\":\"WebPage\",\"@id\":\"https:\/\/haciendamolleda.com\/wine-tourism\/\",\"url\":\"https:\/\/haciendamolleda.com\/wine-tourism\/\",\"name\":\"WINE TOURISM - Hacienda Molleda\",\"isPartOf\":{\"@id\":\"https:\/\/haciendamolleda.com\/#website\"},\"primaryImageOfPage\":{\"@id\":\"https:\/\/haciendamolleda.com\/wine-tourism\/#primaryimage\"},\"image\":{\"@id\":\"https:\/\/haciendamolleda.com\/wine-tourism\/#primaryimage\"},\"thumbnailUrl\":\"https:\/\/haciendamolleda.com\/wp-content\/uploads\/2020\/02\/07_07_Carin\u0303ena-0051.jpg\",\"datePublished\":\"2017-06-02T07:31:33+00:00\",\"dateModified\":\"2023-06-01T09:28:28+00:00\",\"breadcrumb\":{\"@id\":\"https:\/\/haciendamolleda.com\/wine-tourism\/#breadcrumb\"},\"inLanguage\":\"en-GB\",\"potentialAction\":[{\"@type\":\"ReadAction\",\"target\":[\"https:\/\/haciendamolleda.com\/wine-tourism\/\"]}]},{\"@type\":\"ImageObject\",\"inLanguage\":\"en-GB\",\"@id\":\"https:\/\/haciendamolleda.com\/wine-tourism\/#primaryimage\",\"url\":\"https:\/\/haciendamolleda.com\/wp-content\/uploads\/2020\/02\/07_07_Carin\u0303ena-0051.jpg\",\"contentUrl\":\"https:\/\/haciendamolleda.com\/wp-content\/uploads\/2020\/02\/07_07_Carin\u0303ena-0051.jpg\",\"width\":1920,\"height\":788,\"caption\":\"xx\"},{\"@type\":\"BreadcrumbList\",\"@id\":\"https:\/\/haciendamolleda.com\/wine-tourism\/#breadcrumb\",\"itemListElement\":[{\"@type\":\"ListItem\",\"position\":1,\"name\":\"Portada\",\"item\":\"https:\/\/haciendamolleda.com\/\"},{\"@type\":\"ListItem\",\"position\":2,\"name\":\"WINE TOURISM\"}]},{\"@type\":\"WebSite\",\"@id\":\"https:\/\/haciendamolleda.com\/#website\",\"url\":\"https:\/\/haciendamolleda.com\/\",\"name\":\"Hacienda Molleda\",\"description\":\"Hacienda Molleda es la bodega m\u00e1s alta de la D.O.P. Cari\u00f1ena. El valor de lo aut\u00f3ctono en vinos realizados con garnacha y cari\u00f1ena, variedades locales.\",\"potentialAction\":[{\"@type\":\"SearchAction\",\"target\":{\"@type\":\"EntryPoint\",\"urlTemplate\":\"https:\/\/haciendamolleda.com\/?s={search_term_string}\"},\"query-input\":{\"@type\":\"PropertyValueSpecification\",\"valueRequired\":true,\"valueName\":\"search_term_string\"}}],\"inLanguage\":\"en-GB\"}]}<\/script>\n<!-- \/ Yoast SEO plugin. -->","yoast_head_json":{"title":"WINE TOURISM - Hacienda Molleda","robots":{"index":"index","follow":"follow","max-snippet":"max-snippet:-1","max-image-preview":"max-image-preview:large","max-video-preview":"max-video-preview:-1"},"canonical":"https:\/\/haciendamolleda.com\/en\/wine-tourism\/","og_locale":"en_GB","og_type":"article","og_title":"WINE TOURISM - Hacienda Molleda","og_url":"https:\/\/haciendamolleda.com\/en\/wine-tourism\/","og_site_name":"Hacienda Molleda","article_modified_time":"2023-06-01T09:28:28+00:00","og_image":[{"width":1920,"height":788,"url":"https:\/\/haciendamolleda.com\/wp-content\/uploads\/2020\/02\/07_07_Carin\u0303ena-0051.jpg","type":"image\/jpeg"}],"twitter_card":"summary_large_image","twitter_misc":{"Estimated reading time":"2 minutes"},"schema":{"@context":"https:\/\/schema.org","@graph":[{"@type":"WebPage","@id":"https:\/\/haciendamolleda.com\/wine-tourism\/","url":"https:\/\/haciendamolleda.com\/wine-tourism\/","name":"WINE TOURISM - Hacienda Molleda","isPartOf":{"@id":"https:\/\/haciendamolleda.com\/#website"},"primaryImageOfPage":{"@id":"https:\/\/haciendamolleda.com\/wine-tourism\/#primaryimage"},"image":{"@id":"https:\/\/haciendamolleda.com\/wine-tourism\/#primaryimage"},"thumbnailUrl":"https:\/\/haciendamolleda.com\/wp-content\/uploads\/2020\/02\/07_07_Carin\u0303ena-0051.jpg","datePublished":"2017-06-02T07:31:33+00:00","dateModified":"2023-06-01T09:28:28+00:00","breadcrumb":{"@id":"https:\/\/haciendamolleda.com\/wine-tourism\/#breadcrumb"},"inLanguage":"en-GB","potentialAction":[{"@type":"ReadAction","target":["https:\/\/haciendamolleda.com\/wine-tourism\/"]}]},{"@type":"ImageObject","inLanguage":"en-GB","@id":"https:\/\/haciendamolleda.com\/wine-tourism\/#primaryimage","url":"https:\/\/haciendamolleda.com\/wp-content\/uploads\/2020\/02\/07_07_Carin\u0303ena-0051.jpg","contentUrl":"https:\/\/haciendamolleda.com\/wp-content\/uploads\/2020\/02\/07_07_Carin\u0303ena-0051.jpg","width":1920,"height":788,"caption":"xx"},{"@type":"BreadcrumbList","@id":"https:\/\/haciendamolleda.com\/wine-tourism\/#breadcrumb","itemListElement":[{"@type":"ListItem","position":1,"name":"Portada","item":"https:\/\/haciendamolleda.com\/"},{"@type":"ListItem","position":2,"name":"WINE TOURISM"}]},{"@type":"WebSite","@id":"https:\/\/haciendamolleda.com\/#website","url":"https:\/\/haciendamolleda.com\/","name":"Hacienda Molleda","description":"Hacienda Molleda es la bodega m\u00e1s alta de la D.O.P. Cari\u00f1ena. El valor de lo aut\u00f3ctono en vinos realizados con garnacha y cari\u00f1ena, variedades locales.","potentialAction":[{"@type":"SearchAction","target":{"@type":"EntryPoint","urlTemplate":"https:\/\/haciendamolleda.com\/?s={search_term_string}"},"query-input":{"@type":"PropertyValueSpecification","valueRequired":true,"valueName":"search_term_string"}}],"inLanguage":"en-GB"}]}},"_links":{"self":[{"href":"https:\/\/haciendamolleda.com\/en\/wp-json\/wp\/v2\/pages\/2198","targetHints":{"allow":["GET"]}}],"collection":[{"href":"https:\/\/haciendamolleda.com\/en\/wp-json\/wp\/v2\/pages"}],"about":[{"href":"https:\/\/haciendamolleda.com\/en\/wp-json\/wp\/v2\/types\/page"}],"author":[{"embeddable":true,"href":"https:\/\/haciendamolleda.com\/en\/wp-json\/wp\/v2\/users\/1"}],"replies":[{"embeddable":true,"href":"https:\/\/haciendamolleda.com\/en\/wp-json\/wp\/v2\/comments?post=2198"}],"version-history":[{"count":6,"href":"https:\/\/haciendamolleda.com\/en\/wp-json\/wp\/v2\/pages\/2198\/revisions"}],"predecessor-version":[{"id":2216,"href":"https:\/\/haciendamolleda.com\/en\/wp-json\/wp\/v2\/pages\/2198\/revisions\/2216"}],"wp:featuredmedia":[{"embeddable":true,"href":"https:\/\/haciendamolleda.com\/en\/wp-json\/wp\/v2\/media\/2150"}],"wp:attachment":[{"href":"https:\/\/haciendamolleda.com\/en\/wp-json\/wp\/v2\/media?parent=2198"}],"curies":[{"name":"wp","href":"https:\/\/api.w.org\/{rel}","templated":true}]}}