{"id":2429,"date":"2023-10-05T14:03:29","date_gmt":"2023-10-05T12:03:29","guid":{"rendered":"https:\/\/haciendamolleda.com\/?page_id=2429"},"modified":"2023-10-05T14:03:29","modified_gmt":"2023-10-05T12:03:29","slug":"declaracion-accesibilidad","status":"publish","type":"page","link":"https:\/\/haciendamolleda.com\/en\/declaracion-accesibilidad\/","title":{"rendered":"Accessibility statement"},"content":{"rendered":"<p class=\"p1\">\u00a0<\/p>\r\n<p class=\"p3\"><span class=\"s3\">La Agencia Espa\u00f1ola de Protecci\u00f3n de Datos se ha comprometido a hacer accesibles sus sitios web\u00a0de conformidad con el\u00a0<a href=\"https:\/\/www.boe.es\/buscar\/act.php?id=BOE-A-2018-12699\"><span class=\"s4\">Real Decreto 1112\/2018, de 7 de septiembre, sobre accesibilidad de los sitios web y aplicaciones para dispositivos m\u00f3viles del sector p\u00fablico<\/span><\/a>.<\/span><\/p>\r\n<h2 class=\"p4\"><span class=\"s1\"><b>SITUACI\u00d3N DE CUMPLIMIENTO<\/b><\/span><\/h2>\r\n<p class=\"p2\"><span class=\"s1\">Este sitio web es\u00a0<\/span><span class=\"s5\"><b>parcialmente conforme<\/b><\/span><span class=\"s1\">\u00a0con el\u00a0<a href=\"https:\/\/www.boe.es\/diario_boe\/txt.php?id=BOE-A-2018-12699\"><span class=\"s6\">RD 1112\/2018<\/span><\/a>\u00a0debido a las excepciones y a la falta de conformidad de los aspectos que se indican a continuaci\u00f3n.<\/span><\/p>\r\n<h3 class=\"p4\"><span class=\"s1\"><b>CONTENIDO NO ACCESIBLE<\/b><\/span><\/h3>\r\n<p class=\"p2\"><span class=\"s1\">El contenido que se recoge a continuaci\u00f3n no es accesible por lo siguiente:<\/span><\/p>\r\n<ul class=\"ul1\">\r\n<li class=\"li7\"><span class=\"s1\">FALTA DE CONFORMIDAD CON EL RD 1112\/2018:<\/span><\/li>\r\n<\/ul>\r\n<ul class=\"ul1\">\r\n<li class=\"li7\"><span class=\"s1\">NO HAY UN ETIQUETADO DE LA ESTRUCTURA HTML MEDIANTE ETIQUETAS ARIA<\/span><\/li>\r\n<\/ul>\r\n<ul class=\"ul1\">\r\n<li class=\"li7\"><span class=\"s1\">EN ALGUNAS P\u00c1GINAS EL CONTRASTE PUEDE NO SER \u00d3PTIMO<\/span><\/li>\r\n<\/ul>\r\n<ul class=\"ul1\">\r\n<li class=\"li7\"><span class=\"s1\">EL FOCO DEL TECLADO NO SE PERCIBE DEBIDO A ESTILOS CSS<\/span><\/li>\r\n<\/ul>\r\n<ul class=\"ul1\">\r\n<li class=\"li7\"><span class=\"s1\">NO INCLUYE MAPA DE SITIO<\/span><\/li>\r\n<\/ul>\r\n<ul class=\"ul1\">\r\n<li class=\"li7\"><span class=\"s1\">LAS ETIQUETAS HTML PUEDEN NO INCLUIR EL NOMBRE DE LO QUE PRESENTAN VISUALMENTE<\/span><\/li>\r\n<\/ul>\r\n<ul class=\"ul1\">\r\n<li class=\"li7\"><span class=\"s1\">PODR\u00cdAN EXISTIR ERRORES EN ETIQUETADO HTML Y ETIQUETA DE \u00abID\u00bb PROPIOS DE LA GENERACI\u00d3N DEL CMS<\/span><\/li>\r\n<\/ul>\r\n<ul class=\"ul1\">\r\n<li class=\"li7\"><span class=\"s1\">CARGA DESPROPORCIONADA:<\/span><\/li>\r\n<\/ul>\r\n<ul class=\"ul1\">\r\n<li class=\"li7\"><span class=\"s1\">NO APLICA.<\/span><\/li>\r\n<\/ul>\r\n<ul class=\"ul1\">\r\n<li class=\"li7\"><span class=\"s1\">CONTENIDO NO ENTRA DENTRO DEL \u00c1MBITO DE LA LEGISLACI\u00d3N APLICABLE:<\/span><\/li>\r\n<\/ul>\r\n<ul class=\"ul1\">\r\n<li class=\"li7\"><span class=\"s1\">PUEDEN EXISTIR DOCUMENTOS EN FORMATO PDF PUBLICADOS ANTES DEL 20 DE SEPTIEMBRE DE 2018 QUE NO CUMPLAN EN SU TOTALIDAD TODOS LOS REQUISITOS DE ACCESIBILIDAD.<\/span><\/li>\r\n<\/ul>\r\n<h3 class=\"p4\"><span class=\"s1\"><b>PREPARACI\u00d3N DE LA PRESENTE DECLARACI\u00d3N DE ACCESIBILIDAD<\/b><\/span><\/h3>\r\n<p class=\"p2\"><span class=\"s1\">La presente declaraci\u00f3n fue preparada el 5 de octubre de 2023.<\/span><span class=\"s2\"><br \/><\/span><span class=\"s1\">El m\u00e9todo empleado para la presente declaraci\u00f3n ha sido una autoevaluaci\u00f3n realizada por la propia Empresa siguiendo las pautas del documento oficial de justificaci\u00f3n de la accesibilidad facilitada por www.red.es\u00a0<\/span><span class=\"s2\"><br \/><\/span><span class=\"s1\">\u00daltima revisi\u00f3n de la declaraci\u00f3n: 7 de marzo de 2023.<\/span><\/p>\r\n<h3 class=\"p4\"><span class=\"s1\"><b>OBSERVACIONES Y DATOS DE CONTACTO<\/b><\/span><\/h3>\r\n<h4 class=\"p2\"><span class=\"s5\"><b>Comunicaciones sobre requisitos de accesibilidad<\/b><\/span><\/h4>\r\n<p class=\"p2\"><span class=\"s9\"><b><br \/><\/b><\/span><span class=\"s1\">Puede realizar comunicaciones sobre requisitos de accesibilidad (art\u00edculo 10.2.a del RD 1112\/2018) como, por ejemplo:<\/span><\/p>\r\n<ul class=\"ul1\">\r\n<li class=\"li9\"><span class=\"s1\">informar sobre cualquier posible incumplimiento por parte de este sitio web<\/span><\/li>\r\n<\/ul>\r\n<ul class=\"ul1\">\r\n<li class=\"li9\"><span class=\"s1\">transmitir otras\u00a0dificultades de acceso\u00a0al contenido<\/span><\/li>\r\n<\/ul>\r\n<ul class=\"ul1\">\r\n<li class=\"li9\"><span class=\"s1\">formular cualquier otra\u00a0consulta o sugerencia de mejora\u00a0relativa a la accesibilidad del sitio web<\/span><\/li>\r\n<\/ul>\r\n<p class=\"p2\"><span class=\"s1\">a trav\u00e9s del correo electr\u00f3nico\u00a0<a href=\"mailto:desarrollo@mique.es?Subject=Accesiblidad%20Inox%20Miral\"><span class=\"s6\">desarrollo@mique.es<\/span><span class=\"s10\"><br \/><\/span><\/a><\/span><\/p>\r\n<h4 class=\"p10\"><span class=\"s1\"><b>SOLICITUDES DE INFORMACI\u00d3N ACCESIBLE Y QUEJAS<\/b><\/span><span class=\"s2\"><b><br \/><\/b><\/span><\/h4>\r\n<p class=\"p2\"><span class=\"s1\">A TRAV\u00c9S DEL MAIL PUEDE PRESENTAR:<\/span><\/p>\r\n<ul class=\"ul1\">\r\n<li class=\"li7\"><span class=\"s1\">UNA QUEJA RELATIVA AL CUMPLIMIENTO DE LOS REQUISITOS DEL RD 1112\/2018 O<\/span><\/li>\r\n<\/ul>\r\n<ul class=\"ul1\">\r\n<li class=\"li7\"><span class=\"s1\">UNA SOLICITUD DE INFORMACI\u00d3N ACCESIBLE RELATIVA A:<\/span><\/li>\r\n<\/ul>\r\n<ul class=\"ul1\">\r\n<li class=\"li7\"><span class=\"s1\">CONTENIDOS QUE EST\u00c1N EXCLUIDOS DEL \u00c1MBITO DE APLICACI\u00d3N DEL RD 1112\/2018 SEG\u00daN LO ESTABLECIDO POR EL ART\u00cdCULO 3, APARTADO 4<\/span><\/li>\r\n<\/ul>\r\n<ul class=\"ul1\">\r\n<li class=\"li7\"><span class=\"s1\">CONTENIDOS QUE EST\u00c1N EXENTOS DEL CUMPLIMIENTO DE LOS REQUISITOS DE ACCESIBILIDAD POR IMPONER UNA CARGA DESPROPORCIONADA.<\/span><\/li>\r\n<\/ul>\r\n<p class=\"p2\"><span class=\"s1\">EN LA SOLICITUD DE INFORMACI\u00d3N ACCESIBLE, SE DEBE CONCRETAR, CON TODA CLARIDAD, LOS HECHOS, RAZONES Y PETICI\u00d3N QUE PERMITAN CONSTATAR QUE SE TRATA DE UNA SOLICITUD RAZONABLE Y LEG\u00cdTIMA.<\/span><\/p>\r\n<h3 class=\"p4\"><span class=\"s1\"><b>PROCEDIMIENTO DE APLICACI\u00d3N<\/b><\/span><\/h3>\r\n<p class=\"p2\"><span class=\"s1\">Si una vez realizada una solicitud de informaci\u00f3n accesible o queja, \u00e9sta hubiera sido desestimada, no se estuviera de acuerdo con la decisi\u00f3n adoptada, o la respuesta no cumpliera los requisitos contemplados en el art\u00edculo 12.5 del RD 1112\/2018, la persona interesada podr\u00e1 iniciar una reclamaci\u00f3n. Igualmente se podr\u00e1 iniciar una reclamaci\u00f3n en el caso de no haber obtenido respuesta.<\/span><span class=\"s2\"><br \/><\/span><span class=\"s1\">El procedimiento reclamaci\u00f3n recogido en el art\u00edculo 13 del RD 1112\/2018, puede iniciarse a trav\u00e9s de\u00a0este enlace.<\/span><\/p>\r\n<h3 class=\"p4\"><span class=\"s1\"><b>CONTENIDO OPCIONAL<\/b><\/span><\/h3>\r\n<h3 class=\"p2\"><span class=\"s2\"><br \/><\/span><span class=\"s1\">El sitio web:<\/span><\/h3>\r\n<ul class=\"ul1\">\r\n<li class=\"li9\"><span class=\"s1\">se ha dise\u00f1ado adapt\u00e1ndose a los est\u00e1ndares y normativas vigentes en relaci\u00f3n a la accesibilidad, cumpliendo con los puntos de verificaci\u00f3n de prioridad 2 (AA) definidos en la especificaci\u00f3n de Pautas de Accesibilidad al Contenido en la Web (WCAG 2.1)<\/span><\/li>\r\n<\/ul>\r\n<ul class=\"ul1\">\r\n<li class=\"li9\"><span class=\"s1\">est\u00e1 optimizado para las \u00faltimas versiones vigentes de Chrome, Edge, Firefox, Safari y Opera<\/span><\/li>\r\n<\/ul>\r\n<ul class=\"ul1\">\r\n<li class=\"li9\"><span class=\"s1\">est\u00e1 dise\u00f1ado para su correcta visualizaci\u00f3n en cualquier resoluci\u00f3n y dispositivo de escritorio, tabletas o m\u00f3viles\u00a0(dise\u00f1o\u00a0<i>responsive<\/i>)<\/span><\/li>\r\n<\/ul>\r\n<ul class=\"ul1\">\r\n<li class=\"li9\"><span class=\"s1\">se ha realizado utilizando HTML5 como lenguaje de marcado y hojas de estilo CSS 3 para su dise\u00f1o<\/span><\/li>\r\n<\/ul>","protected":false},"excerpt":{"rendered":"<p>\u00a0 La Agencia Espa\u00f1ola de Protecci\u00f3n de Datos se ha comprometido a hacer accesibles sus sitios web\u00a0de conformidad con el\u00a0Real Decreto 1112\/2018, de 7 de septiembre, sobre accesibilidad de los sitios web y aplicaciones para dispositivos m\u00f3viles del sector p\u00fablico. SITUACI\u00d3N DE CUMPLIMIENTO Este sitio web es\u00a0parcialmente conforme\u00a0con el\u00a0RD 1112\/2018\u00a0debido a las excepciones y a<br class=\"read-more-spacer\"> <a class=\"more-link\" href=\"https:\/\/haciendamolleda.com\/en\/declaracion-accesibilidad\/\">Read More<\/a><\/p>","protected":false},"author":3,"featured_media":0,"parent":0,"menu_order":0,"comment_status":"closed","ping_status":"closed","template":"","meta":{"footnotes":""},"class_list":["post-2429","page","type-page","status-publish","hentry"],"yoast_head":"<!-- This site is optimized with the Yoast SEO plugin v24.7 - https:\/\/yoast.com\/wordpress\/plugins\/seo\/ -->\n<title>Declaraci\u00f3n de accesibilidad - Hacienda Molleda<\/title>\n<meta name=\"robots\" content=\"index, follow, max-snippet:-1, max-image-preview:large, max-video-preview:-1\" \/>\n<link rel=\"canonical\" href=\"https:\/\/haciendamolleda.com\/en\/declaracion-accesibilidad\/\" \/>\n<meta property=\"og:locale\" content=\"en_GB\" \/>\n<meta property=\"og:type\" content=\"article\" \/>\n<meta property=\"og:title\" content=\"Declaraci\u00f3n de accesibilidad - Hacienda Molleda\" \/>\n<meta property=\"og:description\" content=\"\u00a0 La Agencia Espa\u00f1ola de Protecci\u00f3n de Datos se ha comprometido a hacer accesibles sus sitios web\u00a0de conformidad con el\u00a0Real Decreto 1112\/2018, de 7 de septiembre, sobre accesibilidad de los sitios web y aplicaciones para dispositivos m\u00f3viles del sector p\u00fablico. SITUACI\u00d3N DE CUMPLIMIENTO Este sitio web es\u00a0parcialmente conforme\u00a0con el\u00a0RD 1112\/2018\u00a0debido a las excepciones y a Read More\" \/>\n<meta property=\"og:url\" content=\"https:\/\/haciendamolleda.com\/en\/declaracion-accesibilidad\/\" \/>\n<meta property=\"og:site_name\" content=\"Hacienda Molleda\" \/>\n<meta name=\"twitter:card\" content=\"summary_large_image\" \/>\n<meta name=\"twitter:label1\" content=\"Estimated reading time\" \/>\n\t<meta name=\"twitter:data1\" content=\"3 minutes\" \/>\n<script type=\"application\/ld+json\" class=\"yoast-schema-graph\">{\"@context\":\"https:\/\/schema.org\",\"@graph\":[{\"@type\":\"WebPage\",\"@id\":\"https:\/\/haciendamolleda.com\/declaracion-accesibilidad\/\",\"url\":\"https:\/\/haciendamolleda.com\/declaracion-accesibilidad\/\",\"name\":\"Declaraci\u00f3n de accesibilidad - Hacienda Molleda\",\"isPartOf\":{\"@id\":\"https:\/\/haciendamolleda.com\/#website\"},\"datePublished\":\"2023-10-05T12:03:29+00:00\",\"breadcrumb\":{\"@id\":\"https:\/\/haciendamolleda.com\/declaracion-accesibilidad\/#breadcrumb\"},\"inLanguage\":\"en-GB\",\"potentialAction\":[{\"@type\":\"ReadAction\",\"target\":[\"https:\/\/haciendamolleda.com\/declaracion-accesibilidad\/\"]}]},{\"@type\":\"BreadcrumbList\",\"@id\":\"https:\/\/haciendamolleda.com\/declaracion-accesibilidad\/#breadcrumb\",\"itemListElement\":[{\"@type\":\"ListItem\",\"position\":1,\"name\":\"Portada\",\"item\":\"https:\/\/haciendamolleda.com\/\"},{\"@type\":\"ListItem\",\"position\":2,\"name\":\"Declaraci\u00f3n de accesibilidad\"}]},{\"@type\":\"WebSite\",\"@id\":\"https:\/\/haciendamolleda.com\/#website\",\"url\":\"https:\/\/haciendamolleda.com\/\",\"name\":\"Hacienda Molleda\",\"description\":\"Hacienda Molleda es la bodega m\u00e1s alta de la D.O.P. Cari\u00f1ena. El valor de lo aut\u00f3ctono en vinos realizados con garnacha y cari\u00f1ena, variedades locales.\",\"potentialAction\":[{\"@type\":\"SearchAction\",\"target\":{\"@type\":\"EntryPoint\",\"urlTemplate\":\"https:\/\/haciendamolleda.com\/?s={search_term_string}\"},\"query-input\":{\"@type\":\"PropertyValueSpecification\",\"valueRequired\":true,\"valueName\":\"search_term_string\"}}],\"inLanguage\":\"en-GB\"}]}<\/script>\n<!-- \/ Yoast SEO plugin. -->","yoast_head_json":{"title":"Declaraci\u00f3n de accesibilidad - Hacienda Molleda","robots":{"index":"index","follow":"follow","max-snippet":"max-snippet:-1","max-image-preview":"max-image-preview:large","max-video-preview":"max-video-preview:-1"},"canonical":"https:\/\/haciendamolleda.com\/en\/declaracion-accesibilidad\/","og_locale":"en_GB","og_type":"article","og_title":"Declaraci\u00f3n de accesibilidad - Hacienda Molleda","og_description":"\u00a0 La Agencia Espa\u00f1ola de Protecci\u00f3n de Datos se ha comprometido a hacer accesibles sus sitios web\u00a0de conformidad con el\u00a0Real Decreto 1112\/2018, de 7 de septiembre, sobre accesibilidad de los sitios web y aplicaciones para dispositivos m\u00f3viles del sector p\u00fablico. SITUACI\u00d3N DE CUMPLIMIENTO Este sitio web es\u00a0parcialmente conforme\u00a0con el\u00a0RD 1112\/2018\u00a0debido a las excepciones y a Read More","og_url":"https:\/\/haciendamolleda.com\/en\/declaracion-accesibilidad\/","og_site_name":"Hacienda Molleda","twitter_card":"summary_large_image","twitter_misc":{"Estimated reading time":"3 minutes"},"schema":{"@context":"https:\/\/schema.org","@graph":[{"@type":"WebPage","@id":"https:\/\/haciendamolleda.com\/declaracion-accesibilidad\/","url":"https:\/\/haciendamolleda.com\/declaracion-accesibilidad\/","name":"Declaraci\u00f3n de accesibilidad - Hacienda Molleda","isPartOf":{"@id":"https:\/\/haciendamolleda.com\/#website"},"datePublished":"2023-10-05T12:03:29+00:00","breadcrumb":{"@id":"https:\/\/haciendamolleda.com\/declaracion-accesibilidad\/#breadcrumb"},"inLanguage":"en-GB","potentialAction":[{"@type":"ReadAction","target":["https:\/\/haciendamolleda.com\/declaracion-accesibilidad\/"]}]},{"@type":"BreadcrumbList","@id":"https:\/\/haciendamolleda.com\/declaracion-accesibilidad\/#breadcrumb","itemListElement":[{"@type":"ListItem","position":1,"name":"Portada","item":"https:\/\/haciendamolleda.com\/"},{"@type":"ListItem","position":2,"name":"Declaraci\u00f3n de accesibilidad"}]},{"@type":"WebSite","@id":"https:\/\/haciendamolleda.com\/#website","url":"https:\/\/haciendamolleda.com\/","name":"Hacienda Molleda","description":"Hacienda Molleda es la bodega m\u00e1s alta de la D.O.P. Cari\u00f1ena. El valor de lo aut\u00f3ctono en vinos realizados con garnacha y cari\u00f1ena, variedades locales.","potentialAction":[{"@type":"SearchAction","target":{"@type":"EntryPoint","urlTemplate":"https:\/\/haciendamolleda.com\/?s={search_term_string}"},"query-input":{"@type":"PropertyValueSpecification","valueRequired":true,"valueName":"search_term_string"}}],"inLanguage":"en-GB"}]}},"_links":{"self":[{"href":"https:\/\/haciendamolleda.com\/en\/wp-json\/wp\/v2\/pages\/2429","targetHints":{"allow":["GET"]}}],"collection":[{"href":"https:\/\/haciendamolleda.com\/en\/wp-json\/wp\/v2\/pages"}],"about":[{"href":"https:\/\/haciendamolleda.com\/en\/wp-json\/wp\/v2\/types\/page"}],"author":[{"embeddable":true,"href":"https:\/\/haciendamolleda.com\/en\/wp-json\/wp\/v2\/users\/3"}],"replies":[{"embeddable":true,"href":"https:\/\/haciendamolleda.com\/en\/wp-json\/wp\/v2\/comments?post=2429"}],"version-history":[{"count":2,"href":"https:\/\/haciendamolleda.com\/en\/wp-json\/wp\/v2\/pages\/2429\/revisions"}],"predecessor-version":[{"id":2431,"href":"https:\/\/haciendamolleda.com\/en\/wp-json\/wp\/v2\/pages\/2429\/revisions\/2431"}],"wp:attachment":[{"href":"https:\/\/haciendamolleda.com\/en\/wp-json\/wp\/v2\/media?parent=2429"}],"curies":[{"name":"wp","href":"https:\/\/api.w.org\/{rel}","templated":true}]}}