{"id":2432,"date":"2023-10-05T14:09:42","date_gmt":"2023-10-05T12:09:42","guid":{"rendered":"https:\/\/haciendamolleda.com\/?page_id=2432"},"modified":"2023-10-05T14:10:54","modified_gmt":"2023-10-05T12:10:54","slug":"aviso-legal","status":"publish","type":"page","link":"https:\/\/haciendamolleda.com\/en\/aviso-legal\/","title":{"rendered":"Legal notice"},"content":{"rendered":"<div class=\"wpb-content-wrapper\"><div class=\"vc_row wpb_row vc_row-fluid\"><div class=\"wpb_column vc_column_container vc_col-sm-12\"><div class=\"vc_column-inner\"><div class=\"wpb_wrapper\">\n\t<div class=\"wpb_text_column wpb_content_element\" >\n\t\t<div class=\"wpb_wrapper\">\n\t\t\t<p>&nbsp;<\/p>\n<p class=\"p1\"><span class=\"s1\"><b>1. Informaci\u00f3n General<\/b><\/span><\/p>\n<p class=\"p1\"><span class=\"s1\">El presente Aviso Legal regula el uso y acceso al sitio web www.haciendamolleda.com (en adelante, haciendamolleda.com ), con n\u00famero de identificaci\u00f3n fiscal A16015257 y domicilio social en \/ RIBADAVIA, 6 (FUENCARRAL-BARRIO DEL PILAR) 28029, MADRID, MADRID.<\/span><\/p>\n<p class=\"p1\"><span class=\"s1\"><b>2. Uso y Acceso<\/b><\/span><\/p>\n<p class=\"p1\"><span class=\"s1\">El acceso y uso del Sitio Web atribuye la condici\u00f3n de usuario y conlleva la aceptaci\u00f3n plena y sin reservas de este Aviso Legal. El usuario se compromete a utilizar el Sitio Web de conformidad con la ley, este Aviso Legal y las condiciones y avisos espec\u00edficos que puedan ser de su conocimiento.<\/span><\/p>\n<p class=\"p1\"><span class=\"s1\"><b>3. Propiedad Intelectual e Industrial<\/b><\/span><\/p>\n<p class=\"p1\"><span class=\"s1\">Todos los contenidos del Sitio Web, incluyendo, a t\u00edtulo enunciativo y no limitativo, textos, gr\u00e1ficos, logotipos, iconos, im\u00e1genes, software, y cualesquiera otros elementos audiovisuales o sonoros, as\u00ed como su dise\u00f1o gr\u00e1fico y c\u00f3digos fuente, est\u00e1n protegidos por derechos de propiedad intelectual e industrial de los que la Empresa es titular o licenciatario, y quedan sujetos a los derechos de autor y propiedad intelectual seg\u00fan las leyes europeas y nacionales vigentes.<\/span><\/p>\n<p class=\"p1\"><span class=\"s1\"><b>4. Protecci\u00f3n de Datos Personales<\/b><\/span><\/p>\n<p class=\"p1\"><span class=\"s1\">El tratamiento de los datos personales del usuario se rige por nuestra Pol\u00edtica de Privacidad, la cual cumple con el Reglamento General de Protecci\u00f3n de Datos (RGPD) de Europa. Te recomendamos que leas detenidamente dicha pol\u00edtica para conocer c\u00f3mo recopilamos, utilizamos, compartimos y protegemos tus datos personales.<\/span><\/p>\n<p class=\"p1\"><span class=\"s1\"><b>5. Enlaces a Terceros<\/b><\/span><\/p>\n<p class=\"p1\"><span class=\"s1\">El Sitio Web puede contener enlaces o hiperv\u00ednculos a sitios web de terceros que no son propiedad ni est\u00e1n controlados por la Empresa. La inclusi\u00f3n de estos enlaces no implica la aprobaci\u00f3n o respaldo de sus contenidos por parte de la Empresa, quien no asume responsabilidad alguna por dichos sitios web de terceros.<\/span><\/p>\n<p class=\"p1\"><span class=\"s1\"><b>6. Responsabilidad<\/b><\/span><\/p>\n<p class=\"p1\"><span class=\"s1\">La Empresa se esfuerza por garantizar la calidad y exactitud de la informaci\u00f3n proporcionada en el Sitio Web, pero no se responsabiliza de los posibles errores tipogr\u00e1ficos o inexactitudes que pueda contener. El uso del Sitio Web es responsabilidad exclusiva del usuario.<\/span><\/p>\n<p class=\"p1\"><span class=\"s1\"><b>7. Modificaciones<\/b><\/span><\/p>\n<p class=\"p1\"><span class=\"s1\">La Empresa se reserva el derecho de modificar, actualizar o eliminar cualquier contenido, servicio, funcionalidad o aspecto del Sitio Web, as\u00ed como el presente Aviso Legal, en cualquier momento y sin previo aviso.<\/span><\/p>\n<p class=\"p1\"><span class=\"s1\"><b>8. Jurisdicci\u00f3n y Ley Aplicable<\/b><\/span><\/p>\n<p class=\"p1\"><span class=\"s1\">Cualquier controversia o reclamaci\u00f3n derivada del uso del Sitio Web o relacionada con \u00e9l se regir\u00e1 por la legislaci\u00f3n espa\u00f1ola, y las partes se someten a la jurisdicci\u00f3n de los tribunales de [Ciudad], renunciando expresamente a cualquier otro fuero que pudiera corresponderles.<\/span><\/p>\n<p class=\"p1\"><span class=\"s1\">Fecha de \u00faltima actualizaci\u00f3n: 5\/10\/2023<\/span><\/p>\n<p>&nbsp;<\/p>\n\n\t\t<\/div>\n\t<\/div>\n<\/div><\/div><\/div><\/div>\n<\/div>","protected":false},"excerpt":{"rendered":"&nbsp; 1. Informaci\u00f3n General El presente Aviso Legal regula el uso y acceso al sitio web www.haciendamolleda.com (en adelante, haciendamolleda.com ), con n\u00famero de identificaci\u00f3n fiscal A16015257 y domicilio social en \/ RIBADAVIA, 6 (FUENCARRAL-BARRIO DEL PILAR) 28029, MADRID, MADRID. 2. Uso y Acceso El acceso y uso del Sitio Web atribuye la condici\u00f3n de<br class=\"read-more-spacer\"> <a class=\"more-link\" href=\"https:\/\/haciendamolleda.com\/en\/aviso-legal\/\">Read More<\/a>","protected":false},"author":3,"featured_media":0,"parent":0,"menu_order":0,"comment_status":"closed","ping_status":"closed","template":"","meta":{"footnotes":""},"class_list":["post-2432","page","type-page","status-publish","hentry"],"yoast_head":"<!-- This site is optimized with the Yoast SEO plugin v24.7 - https:\/\/yoast.com\/wordpress\/plugins\/seo\/ -->\n<title>Aviso legal - Hacienda Molleda<\/title>\n<meta name=\"robots\" content=\"index, follow, max-snippet:-1, max-image-preview:large, max-video-preview:-1\" \/>\n<link rel=\"canonical\" href=\"https:\/\/haciendamolleda.com\/en\/aviso-legal\/\" \/>\n<meta property=\"og:locale\" content=\"en_GB\" \/>\n<meta property=\"og:type\" content=\"article\" \/>\n<meta property=\"og:title\" content=\"Aviso legal - Hacienda Molleda\" \/>\n<meta property=\"og:url\" content=\"https:\/\/haciendamolleda.com\/en\/aviso-legal\/\" \/>\n<meta property=\"og:site_name\" content=\"Hacienda Molleda\" \/>\n<meta property=\"article:modified_time\" content=\"2023-10-05T12:10:54+00:00\" \/>\n<meta name=\"twitter:card\" content=\"summary_large_image\" \/>\n<meta name=\"twitter:label1\" content=\"Estimated reading time\" \/>\n\t<meta name=\"twitter:data1\" content=\"2 minutes\" \/>\n<script type=\"application\/ld+json\" class=\"yoast-schema-graph\">{\"@context\":\"https:\/\/schema.org\",\"@graph\":[{\"@type\":\"WebPage\",\"@id\":\"https:\/\/haciendamolleda.com\/aviso-legal\/\",\"url\":\"https:\/\/haciendamolleda.com\/aviso-legal\/\",\"name\":\"Aviso legal - Hacienda Molleda\",\"isPartOf\":{\"@id\":\"https:\/\/haciendamolleda.com\/#website\"},\"datePublished\":\"2023-10-05T12:09:42+00:00\",\"dateModified\":\"2023-10-05T12:10:54+00:00\",\"breadcrumb\":{\"@id\":\"https:\/\/haciendamolleda.com\/aviso-legal\/#breadcrumb\"},\"inLanguage\":\"en-GB\",\"potentialAction\":[{\"@type\":\"ReadAction\",\"target\":[\"https:\/\/haciendamolleda.com\/aviso-legal\/\"]}]},{\"@type\":\"BreadcrumbList\",\"@id\":\"https:\/\/haciendamolleda.com\/aviso-legal\/#breadcrumb\",\"itemListElement\":[{\"@type\":\"ListItem\",\"position\":1,\"name\":\"Portada\",\"item\":\"https:\/\/haciendamolleda.com\/\"},{\"@type\":\"ListItem\",\"position\":2,\"name\":\"Aviso legal\"}]},{\"@type\":\"WebSite\",\"@id\":\"https:\/\/haciendamolleda.com\/#website\",\"url\":\"https:\/\/haciendamolleda.com\/\",\"name\":\"Hacienda Molleda\",\"description\":\"Hacienda Molleda es la bodega m\u00e1s alta de la D.O.P. Cari\u00f1ena. El valor de lo aut\u00f3ctono en vinos realizados con garnacha y cari\u00f1ena, variedades locales.\",\"potentialAction\":[{\"@type\":\"SearchAction\",\"target\":{\"@type\":\"EntryPoint\",\"urlTemplate\":\"https:\/\/haciendamolleda.com\/?s={search_term_string}\"},\"query-input\":{\"@type\":\"PropertyValueSpecification\",\"valueRequired\":true,\"valueName\":\"search_term_string\"}}],\"inLanguage\":\"en-GB\"}]}<\/script>\n<!-- \/ Yoast SEO plugin. -->","yoast_head_json":{"title":"Aviso legal - Hacienda Molleda","robots":{"index":"index","follow":"follow","max-snippet":"max-snippet:-1","max-image-preview":"max-image-preview:large","max-video-preview":"max-video-preview:-1"},"canonical":"https:\/\/haciendamolleda.com\/en\/aviso-legal\/","og_locale":"en_GB","og_type":"article","og_title":"Aviso legal - Hacienda Molleda","og_url":"https:\/\/haciendamolleda.com\/en\/aviso-legal\/","og_site_name":"Hacienda Molleda","article_modified_time":"2023-10-05T12:10:54+00:00","twitter_card":"summary_large_image","twitter_misc":{"Estimated reading time":"2 minutes"},"schema":{"@context":"https:\/\/schema.org","@graph":[{"@type":"WebPage","@id":"https:\/\/haciendamolleda.com\/aviso-legal\/","url":"https:\/\/haciendamolleda.com\/aviso-legal\/","name":"Aviso legal - Hacienda Molleda","isPartOf":{"@id":"https:\/\/haciendamolleda.com\/#website"},"datePublished":"2023-10-05T12:09:42+00:00","dateModified":"2023-10-05T12:10:54+00:00","breadcrumb":{"@id":"https:\/\/haciendamolleda.com\/aviso-legal\/#breadcrumb"},"inLanguage":"en-GB","potentialAction":[{"@type":"ReadAction","target":["https:\/\/haciendamolleda.com\/aviso-legal\/"]}]},{"@type":"BreadcrumbList","@id":"https:\/\/haciendamolleda.com\/aviso-legal\/#breadcrumb","itemListElement":[{"@type":"ListItem","position":1,"name":"Portada","item":"https:\/\/haciendamolleda.com\/"},{"@type":"ListItem","position":2,"name":"Aviso legal"}]},{"@type":"WebSite","@id":"https:\/\/haciendamolleda.com\/#website","url":"https:\/\/haciendamolleda.com\/","name":"Hacienda Molleda","description":"Hacienda Molleda es la bodega m\u00e1s alta de la D.O.P. Cari\u00f1ena. El valor de lo aut\u00f3ctono en vinos realizados con garnacha y cari\u00f1ena, variedades locales.","potentialAction":[{"@type":"SearchAction","target":{"@type":"EntryPoint","urlTemplate":"https:\/\/haciendamolleda.com\/?s={search_term_string}"},"query-input":{"@type":"PropertyValueSpecification","valueRequired":true,"valueName":"search_term_string"}}],"inLanguage":"en-GB"}]}},"_links":{"self":[{"href":"https:\/\/haciendamolleda.com\/en\/wp-json\/wp\/v2\/pages\/2432","targetHints":{"allow":["GET"]}}],"collection":[{"href":"https:\/\/haciendamolleda.com\/en\/wp-json\/wp\/v2\/pages"}],"about":[{"href":"https:\/\/haciendamolleda.com\/en\/wp-json\/wp\/v2\/types\/page"}],"author":[{"embeddable":true,"href":"https:\/\/haciendamolleda.com\/en\/wp-json\/wp\/v2\/users\/3"}],"replies":[{"embeddable":true,"href":"https:\/\/haciendamolleda.com\/en\/wp-json\/wp\/v2\/comments?post=2432"}],"version-history":[{"count":2,"href":"https:\/\/haciendamolleda.com\/en\/wp-json\/wp\/v2\/pages\/2432\/revisions"}],"predecessor-version":[{"id":2434,"href":"https:\/\/haciendamolleda.com\/en\/wp-json\/wp\/v2\/pages\/2432\/revisions\/2434"}],"wp:attachment":[{"href":"https:\/\/haciendamolleda.com\/en\/wp-json\/wp\/v2\/media?parent=2432"}],"curies":[{"name":"wp","href":"https:\/\/api.w.org\/{rel}","templated":true}]}}