{"id":587,"date":"2017-04-26T13:43:41","date_gmt":"2017-04-26T13:43:41","guid":{"rendered":"http:\/\/okthemes.com\/luxwinedemo-light\/?page_id=587"},"modified":"2020-02-21T18:40:53","modified_gmt":"2020-02-21T17:40:53","slug":"contact","status":"publish","type":"page","link":"https:\/\/haciendamolleda.com\/en\/contact\/","title":{"rendered":"CONTACT"},"content":{"rendered":"<div class=\"wpb-content-wrapper\"><div class=\"vc_row wpb_row vc_row-fluid\"><div class=\"wpb_column vc_column_container vc_col-sm-12\"><div class=\"vc_column-inner\"><div class=\"wpb_wrapper\">\n\t<div class=\"wpb_text_column wpb_content_element\" >\n\t\t<div class=\"wpb_wrapper\">\n\t\t\t<h3 style=\"text-align: center;\">How can you contact us?<\/h3>\n\n\t\t<\/div>\n\t<\/div>\n<div class=\"vc_separator wpb_content_element vc_separator_align_center vc_sep_width_30 vc_sep_pos_align_center vc_separator_no_text vc_sep_color_grey wpb_content_element  wpb_content_element\" ><span class=\"vc_sep_holder vc_sep_holder_l\"><span class=\"vc_sep_line\"><\/span><\/span><span class=\"vc_sep_holder vc_sep_holder_r\"><span class=\"vc_sep_line\"><\/span><\/span>\n<\/div><div class=\"vc_row wpb_row vc_inner vc_row-fluid\"><div class=\"wpb_column vc_column_container vc_col-sm-4\"><div class=\"vc_column-inner\"><div class=\"wpb_wrapper\">\n\t<div class=\"featured-icon-box  wpb_animate_when_almost_visible wpb_appear appear align-center vc_custom_1582115917755\">\n\t<div class=\"vc_icon_element vc_icon_element-outer vc_icon_element-align-center\">\n\t<div class=\"vc_icon_element-inner vc_icon_element-size-md\">\n\t<span class=\"vc_icon_element-icon fa fa-phone\" ><\/span>\n\t<\/div><\/div>\n\t<h3  >Call us<\/h3>\n\t<div class=\"clearfix\"><\/div><div class=\"featured-icon-desc\" >(+34) 976 62 07 02<\/div>\n\t<\/div><\/div><\/div><\/div><div class=\"wpb_column vc_column_container vc_col-sm-4\"><div class=\"vc_column-inner\"><div class=\"wpb_wrapper\">\n\t<div class=\"featured-icon-box  wpb_animate_when_almost_visible wpb_appear appear align-center vc_custom_1582115876524\">\n\t<div class=\"vc_icon_element vc_icon_element-outer vc_icon_element-align-center\">\n\t<div class=\"vc_icon_element-inner vc_icon_element-size-md\">\n\t<span class=\"vc_icon_element-icon fa fa-map-marker\" ><\/span>\n\t<\/div><\/div>\n\t<h3  >WHERE WE ARE<\/h3>\n\t<div class=\"clearfix\"><\/div><div class=\"featured-icon-desc\" >Ctra. Cari\u00f1ena-Belchite, km 29,3 \u2013 50154 Tosos, Zaragoza (Spain).<\/div>\n\t<\/div><\/div><\/div><\/div><div class=\"wpb_column vc_column_container vc_col-sm-4\"><div class=\"vc_column-inner\"><div class=\"wpb_wrapper\">\n\t<div class=\"featured-icon-box  wpb_animate_when_almost_visible wpb_appear appear align-center vc_custom_1582120116780\">\n\t<div class=\"vc_icon_element vc_icon_element-outer vc_icon_element-align-center\">\n\t<div class=\"vc_icon_element-inner vc_icon_element-size-md\">\n\t<span class=\"vc_icon_element-icon fa fa-envelope-o\" ><\/span>\n\t<\/div><\/div>\n\t<h3  >Email<\/h3>\n\t<div class=\"clearfix\"><\/div><div class=\"featured-icon-desc\" >hm@haciendamolleda.com<\/div>\n\t<\/div><\/div><\/div><\/div><\/div><div class=\"vc_row wpb_row vc_inner vc_row-fluid\"><div class=\"wpb_column vc_column_container vc_col-sm-1\/5\"><div class=\"vc_column-inner\"><div class=\"wpb_wrapper\"><\/div><\/div><\/div><div class=\"wpb_column vc_column_container vc_col-sm-8\"><div class=\"vc_column-inner\"><div class=\"wpb_wrapper\">\n\t<div class=\"wpb_text_column wpb_content_element\" >\n\t\t<div class=\"wpb_wrapper\">\n\t\t\t<p style=\"text-align: center;\">You will find us in the\u00a0<strong>Ctra. Cari\u00f1ena-Belchite, km 29,3 \u2013 50154 Tosos, Zaragoza (Spain)<\/strong>.<\/p>\n\n\t\t<\/div>\n\t<\/div>\n<div class=\"vc_empty_space\"   style=\"height: 32px\"><span class=\"vc_empty_space_inner\"><\/span><\/div><div class=\"wpb_gmaps_widget wpb_content_element vc_map_responsive wpb_animate_when_almost_visible wpb_slideInUp slideInUp\"><div class=\"wpb_wrapper\"><div class=\"wpb_map_wraper\"><iframe loading=\"lazy\" src=\"https:\/\/www.google.com\/maps\/embed?pb=!1m14!1m8!1m3!1d11984.087626090386!2d-1.1227!3d41.330137!3m2!1i1024!2i768!4f13.1!3m3!1m2!1s0x0%3A0x3f916eacd5e1a505!2sBodega%20Hacienda%20Molleda%20(Xucrogas%20S.A.)!5e0!3m2!1ses!2sus!4v1582116549205!5m2!1ses!2sus\" width=\"600\" height=\"450\" frameborder=\"0\" style=\"border:0;\" allowfullscreen=\"\"><\/iframe><\/div><\/div><\/div>\n\t<div class=\"wpb_text_column wpb_content_element\" >\n\t\t<div class=\"wpb_wrapper\">\n\t\t\t<h2 style=\"text-align: center;\">Offices in Cari\u00f1ena<\/h2>\n\n\t\t<\/div>\n\t<\/div>\n<div class=\"vc_separator wpb_content_element vc_separator_align_center vc_sep_width_30 vc_sep_pos_align_center vc_separator_no_text vc_sep_color_grey wpb_content_element  wpb_content_element\" ><span class=\"vc_sep_holder vc_sep_holder_l\"><span class=\"vc_sep_line\"><\/span><\/span><span class=\"vc_sep_holder vc_sep_holder_r\"><span class=\"vc_sep_line\"><\/span><\/span>\n<\/div>\n\t<div class=\"wpb_text_column wpb_content_element\" >\n\t\t<div class=\"wpb_wrapper\">\n\t\t\t<p style=\"text-align: center;\"><strong>Address<\/strong>: Ctra. the Almunia, no. 10 \u2013 50400 Cari\u00f1ena, Zaragoza (Spain).<\/p>\n<p style=\"text-align: center;\"><strong>Tlf<\/strong>: +34 976 62 07 02 \u2013 Fax +34 976 62 01 02<\/p>\n<p style=\"text-align: center;\"><strong>Email<\/strong>:\u00a0<a href=\"mailto:hm@haciendamolleda.com\">hm@haciendamolleda.com<\/a>\u00a0\u2013\u00a0<a href=\"mailto:export@haciendamolleda.com\">export@haciendamolleda.com<\/a><\/p>\n\n\t\t<\/div>\n\t<\/div>\n<div class=\"wpb_gmaps_widget wpb_content_element vc_map_responsive wpb_animate_when_almost_visible wpb_slideInUp slideInUp\"><div class=\"wpb_wrapper\"><div class=\"wpb_map_wraper\"><iframe loading=\"lazy\" src=\"https:\/\/www.google.com\/maps\/embed?pb=!1m18!1m12!1m3!1d5990.940714287984!2d-1.226522010187886!3d41.34212915745574!2m3!1f0!2f0!3f0!3m2!1i1024!2i768!4f13.1!3m3!1m2!1s0xd5bfe11805d9fc1%3A0xb6ccbcf7b9355022!2sCtra.%20de%20la%20Almunia%2C%2010%2C%2050400%20Cari%C3%B1ena%2C%20Zaragoza!5e0!3m2!1ses!2ses!4v1582117169418!5m2!1ses!2ses\" width=\"600\" height=\"450\" frameborder=\"0\" style=\"border:0;\" allowfullscreen=\"\"><\/iframe><\/div><\/div><\/div>\n\t<div class=\"wpb_text_column wpb_content_element\" >\n\t\t<div class=\"wpb_wrapper\">\n\t\t\t<h2 style=\"text-align: center;\">Registered address Xucrogas SA<\/h2>\n\n\t\t<\/div>\n\t<\/div>\n<div class=\"vc_separator wpb_content_element vc_separator_align_center vc_sep_width_30 vc_sep_pos_align_center vc_separator_no_text vc_sep_color_grey wpb_content_element  wpb_content_element\" ><span class=\"vc_sep_holder vc_sep_holder_l\"><span class=\"vc_sep_line\"><\/span><\/span><span class=\"vc_sep_holder vc_sep_holder_r\"><span class=\"vc_sep_line\"><\/span><\/span>\n<\/div>\n\t<div class=\"wpb_text_column wpb_content_element\" >\n\t\t<div class=\"wpb_wrapper\">\n\t\t\t<p style=\"text-align: center;\">C\/ Ribadavia, 6 1, D \u2013 28029 Madrid (Spain)<\/p>\n<p style=\"text-align: center;\">Tlf. 917 30 50 00 \u2013 Fax 917 30 30 74<\/p>\n\n\t\t<\/div>\n\t<\/div>\n<\/div><\/div><\/div><\/div><\/div><\/div><\/div><\/div>\n<\/div>","protected":false},"excerpt":{"rendered":"\u00bfC\u00f3mo puedes contactar con nosotros? Llamanos (+34) 976 62 07 02 D\u00d3NDE ESTAMOS Ctra. Cari\u00f1ena-Belchite, km.29,3 \u2013 50154 Tosos, Zaragoza (Espa\u00f1a). Email hm@haciendamolleda.com Nos encontrar\u00e1s en la\u00a0Ctra. Cari\u00f1ena-Belchite, km.29,3 \u2013 50154 Tosos, Zaragoza (Espa\u00f1a). Oficinas en Cari\u00f1ena Direcci\u00f3n: Ctra.\u00a0de la Almunia, n\u00ba 10 \u2013 50400 Cari\u00f1ena, Zaragoza (Espa\u00f1a). Tlf: +34 976 62 07 02 \u2013<br class=\"read-more-spacer\"> <a class=\"more-link\" href=\"https:\/\/haciendamolleda.com\/en\/contact\/\">Read More<\/a>","protected":false},"author":1,"featured_media":1661,"parent":0,"menu_order":0,"comment_status":"closed","ping_status":"closed","template":"theme-templates\/contact.php","meta":{"footnotes":""},"class_list":["post-587","page","type-page","status-publish","has-post-thumbnail","hentry"],"yoast_head":"<!-- This site is optimized with the Yoast SEO plugin v24.7 - https:\/\/yoast.com\/wordpress\/plugins\/seo\/ -->\n<title>CONTACTO - Hacienda Molleda<\/title>\n<meta name=\"robots\" content=\"index, follow, max-snippet:-1, max-image-preview:large, max-video-preview:-1\" \/>\n<link rel=\"canonical\" href=\"https:\/\/haciendamolleda.com\/en\/contact\/\" \/>\n<meta property=\"og:locale\" content=\"en_GB\" \/>\n<meta property=\"og:type\" content=\"article\" \/>\n<meta property=\"og:title\" content=\"CONTACTO - Hacienda Molleda\" \/>\n<meta property=\"og:url\" content=\"https:\/\/haciendamolleda.com\/en\/contact\/\" \/>\n<meta property=\"og:site_name\" content=\"Hacienda Molleda\" \/>\n<meta property=\"article:modified_time\" content=\"2020-02-21T17:40:53+00:00\" \/>\n<meta property=\"og:image\" content=\"https:\/\/haciendamolleda.com\/wp-content\/uploads\/2020\/02\/unnamed-6-e1582306823279.jpg\" \/>\n\t<meta property=\"og:image:width\" content=\"4032\" \/>\n\t<meta property=\"og:image:height\" content=\"1209\" \/>\n\t<meta property=\"og:image:type\" content=\"image\/jpeg\" \/>\n<meta name=\"twitter:card\" content=\"summary_large_image\" \/>\n<meta name=\"twitter:label1\" content=\"Estimated reading time\" \/>\n\t<meta name=\"twitter:data1\" content=\"2 minutes\" \/>\n<script type=\"application\/ld+json\" class=\"yoast-schema-graph\">{\"@context\":\"https:\/\/schema.org\",\"@graph\":[{\"@type\":\"WebPage\",\"@id\":\"https:\/\/haciendamolleda.com\/contact\/\",\"url\":\"https:\/\/haciendamolleda.com\/contact\/\",\"name\":\"CONTACTO - Hacienda Molleda\",\"isPartOf\":{\"@id\":\"https:\/\/haciendamolleda.com\/#website\"},\"primaryImageOfPage\":{\"@id\":\"https:\/\/haciendamolleda.com\/contact\/#primaryimage\"},\"image\":{\"@id\":\"https:\/\/haciendamolleda.com\/contact\/#primaryimage\"},\"thumbnailUrl\":\"https:\/\/haciendamolleda.com\/wp-content\/uploads\/2020\/02\/unnamed-6-e1582306823279.jpg\",\"datePublished\":\"2017-04-26T13:43:41+00:00\",\"dateModified\":\"2020-02-21T17:40:53+00:00\",\"breadcrumb\":{\"@id\":\"https:\/\/haciendamolleda.com\/contact\/#breadcrumb\"},\"inLanguage\":\"en-GB\",\"potentialAction\":[{\"@type\":\"ReadAction\",\"target\":[\"https:\/\/haciendamolleda.com\/contact\/\"]}]},{\"@type\":\"ImageObject\",\"inLanguage\":\"en-GB\",\"@id\":\"https:\/\/haciendamolleda.com\/contact\/#primaryimage\",\"url\":\"https:\/\/haciendamolleda.com\/wp-content\/uploads\/2020\/02\/unnamed-6-e1582306823279.jpg\",\"contentUrl\":\"https:\/\/haciendamolleda.com\/wp-content\/uploads\/2020\/02\/unnamed-6-e1582306823279.jpg\",\"width\":4032,\"height\":1209,\"caption\":\"balcon\"},{\"@type\":\"BreadcrumbList\",\"@id\":\"https:\/\/haciendamolleda.com\/contact\/#breadcrumb\",\"itemListElement\":[{\"@type\":\"ListItem\",\"position\":1,\"name\":\"Portada\",\"item\":\"https:\/\/haciendamolleda.com\/\"},{\"@type\":\"ListItem\",\"position\":2,\"name\":\"CONTACTO\"}]},{\"@type\":\"WebSite\",\"@id\":\"https:\/\/haciendamolleda.com\/#website\",\"url\":\"https:\/\/haciendamolleda.com\/\",\"name\":\"Hacienda Molleda\",\"description\":\"Hacienda Molleda es la bodega m\u00e1s alta de la D.O.P. Cari\u00f1ena. El valor de lo aut\u00f3ctono en vinos realizados con garnacha y cari\u00f1ena, variedades locales.\",\"potentialAction\":[{\"@type\":\"SearchAction\",\"target\":{\"@type\":\"EntryPoint\",\"urlTemplate\":\"https:\/\/haciendamolleda.com\/?s={search_term_string}\"},\"query-input\":{\"@type\":\"PropertyValueSpecification\",\"valueRequired\":true,\"valueName\":\"search_term_string\"}}],\"inLanguage\":\"en-GB\"}]}<\/script>\n<!-- \/ Yoast SEO plugin. -->","yoast_head_json":{"title":"CONTACTO - Hacienda Molleda","robots":{"index":"index","follow":"follow","max-snippet":"max-snippet:-1","max-image-preview":"max-image-preview:large","max-video-preview":"max-video-preview:-1"},"canonical":"https:\/\/haciendamolleda.com\/en\/contact\/","og_locale":"en_GB","og_type":"article","og_title":"CONTACTO - Hacienda Molleda","og_url":"https:\/\/haciendamolleda.com\/en\/contact\/","og_site_name":"Hacienda Molleda","article_modified_time":"2020-02-21T17:40:53+00:00","og_image":[{"width":4032,"height":1209,"url":"https:\/\/haciendamolleda.com\/wp-content\/uploads\/2020\/02\/unnamed-6-e1582306823279.jpg","type":"image\/jpeg"}],"twitter_card":"summary_large_image","twitter_misc":{"Estimated reading time":"2 minutes"},"schema":{"@context":"https:\/\/schema.org","@graph":[{"@type":"WebPage","@id":"https:\/\/haciendamolleda.com\/contact\/","url":"https:\/\/haciendamolleda.com\/contact\/","name":"CONTACTO - Hacienda Molleda","isPartOf":{"@id":"https:\/\/haciendamolleda.com\/#website"},"primaryImageOfPage":{"@id":"https:\/\/haciendamolleda.com\/contact\/#primaryimage"},"image":{"@id":"https:\/\/haciendamolleda.com\/contact\/#primaryimage"},"thumbnailUrl":"https:\/\/haciendamolleda.com\/wp-content\/uploads\/2020\/02\/unnamed-6-e1582306823279.jpg","datePublished":"2017-04-26T13:43:41+00:00","dateModified":"2020-02-21T17:40:53+00:00","breadcrumb":{"@id":"https:\/\/haciendamolleda.com\/contact\/#breadcrumb"},"inLanguage":"en-GB","potentialAction":[{"@type":"ReadAction","target":["https:\/\/haciendamolleda.com\/contact\/"]}]},{"@type":"ImageObject","inLanguage":"en-GB","@id":"https:\/\/haciendamolleda.com\/contact\/#primaryimage","url":"https:\/\/haciendamolleda.com\/wp-content\/uploads\/2020\/02\/unnamed-6-e1582306823279.jpg","contentUrl":"https:\/\/haciendamolleda.com\/wp-content\/uploads\/2020\/02\/unnamed-6-e1582306823279.jpg","width":4032,"height":1209,"caption":"balcon"},{"@type":"BreadcrumbList","@id":"https:\/\/haciendamolleda.com\/contact\/#breadcrumb","itemListElement":[{"@type":"ListItem","position":1,"name":"Portada","item":"https:\/\/haciendamolleda.com\/"},{"@type":"ListItem","position":2,"name":"CONTACTO"}]},{"@type":"WebSite","@id":"https:\/\/haciendamolleda.com\/#website","url":"https:\/\/haciendamolleda.com\/","name":"Hacienda Molleda","description":"Hacienda Molleda es la bodega m\u00e1s alta de la D.O.P. Cari\u00f1ena. El valor de lo aut\u00f3ctono en vinos realizados con garnacha y cari\u00f1ena, variedades locales.","potentialAction":[{"@type":"SearchAction","target":{"@type":"EntryPoint","urlTemplate":"https:\/\/haciendamolleda.com\/?s={search_term_string}"},"query-input":{"@type":"PropertyValueSpecification","valueRequired":true,"valueName":"search_term_string"}}],"inLanguage":"en-GB"}]}},"_links":{"self":[{"href":"https:\/\/haciendamolleda.com\/en\/wp-json\/wp\/v2\/pages\/587","targetHints":{"allow":["GET"]}}],"collection":[{"href":"https:\/\/haciendamolleda.com\/en\/wp-json\/wp\/v2\/pages"}],"about":[{"href":"https:\/\/haciendamolleda.com\/en\/wp-json\/wp\/v2\/types\/page"}],"author":[{"embeddable":true,"href":"https:\/\/haciendamolleda.com\/en\/wp-json\/wp\/v2\/users\/1"}],"replies":[{"embeddable":true,"href":"https:\/\/haciendamolleda.com\/en\/wp-json\/wp\/v2\/comments?post=587"}],"version-history":[{"count":13,"href":"https:\/\/haciendamolleda.com\/en\/wp-json\/wp\/v2\/pages\/587\/revisions"}],"predecessor-version":[{"id":1761,"href":"https:\/\/haciendamolleda.com\/en\/wp-json\/wp\/v2\/pages\/587\/revisions\/1761"}],"wp:featuredmedia":[{"embeddable":true,"href":"https:\/\/haciendamolleda.com\/en\/wp-json\/wp\/v2\/media\/1661"}],"wp:attachment":[{"href":"https:\/\/haciendamolleda.com\/en\/wp-json\/wp\/v2\/media?parent=587"}],"curies":[{"name":"wp","href":"https:\/\/api.w.org\/{rel}","templated":true}]}}