{"id":591,"date":"2017-04-26T13:44:10","date_gmt":"2017-04-26T11:44:10","guid":{"rendered":"http:\/\/okthemes.com\/luxwinedemo-light\/?page_id=591"},"modified":"2020-02-21T19:01:53","modified_gmt":"2020-02-21T18:01:53","slug":"vinedoyterroir","status":"publish","type":"page","link":"https:\/\/haciendamolleda.com\/en\/vinedoyterroir\/","title":{"rendered":"Vi\u00f1edo y Terroir"},"content":{"rendered":"<div class=\"wpb-content-wrapper\"><div class=\"vc_row wpb_row vc_row-fluid\"><div class=\"wpb_column vc_column_container vc_col-sm-12\"><div class=\"vc_column-inner\"><div class=\"wpb_wrapper\">\n\t<div class=\"wpb_text_column wpb_content_element\" >\n\t\t<div class=\"wpb_wrapper\">\n\t\t\t<section id=\"slider-fullwidth\" class=\"slider fixed_parallax\">\n<div class=\"codeless_slider_swiper \">\n<div class=\"codeless_slider_wrapper\" data-start=\"transform: translateY(0px);\" data-600=\"transform: translateY(-500px);\">\n<div class=\"codeless-slider-container swiper-parent swiper_slider codeless_slider\" data-slidenumber=\"1\" data-height=\"600\">\n<div class=\"swiper-wrapper\">\n<div class=\"swiper-slide swiper-slide-visible swiper-slide-active\" data-color=\"dark\">\n<div class=\"container\">\n<div class=\"content vertical_centered \" data-start=\"opacity:1;\" data-400=\"opacity: 0;\">\n<p class=\"animated fadeInDown\" style=\"text-align: center;\" data-maxfont=\"30px\" data-animation=\"fadeInDown\">Los vi\u00f1edos crecen en unas condiciones id\u00f3neas para el cultivo de la vid entre suelos pedregosos y arcillosos, con un clima extremo y con el efecto beneficioso del viento llamado Cierzo que mantiene sana la vi\u00f1a.<\/p>\n<\/div>\n<\/div>\n<\/div>\n<\/div>\n<\/div>\n<\/div>\n<\/div>\n<\/section>\n\n\t\t<\/div>\n\t<\/div>\n<div class=\"vc_row wpb_row vc_inner vc_row-fluid\"><div class=\"wpb_column vc_column_container vc_col-sm-2\"><div class=\"vc_column-inner\"><div class=\"wpb_wrapper\"><\/div><\/div><\/div><div class=\"wpb_column vc_column_container vc_col-sm-8\"><div class=\"vc_column-inner\"><div class=\"wpb_wrapper\">\n\t<div class=\"wpb_text_column wpb_content_element\" >\n\t\t<div class=\"wpb_wrapper\">\n\t\t\t<div class=\"uvc-main-heading ult-responsive\" data-ultimate-target=\".uvc-heading.ultimate-heading5e4ff7774d8d7 h2\" data-responsive-json-new=\"{&quot;font-size&quot;:&quot;desktop:24px;&quot;,&quot;line-height&quot;:&quot;desktop:28px;&quot;}\">\n<h3 style=\"text-align: center;\">En vaso<\/h3>\n<\/div>\n<div class=\"uvc-sub-heading ult-responsive\" data-ultimate-target=\".uvc-heading.ultimate-heading5e4ff7774d8d7 .uvc-sub-heading \" data-responsive-json-new=\"{&quot;font-size&quot;:&quot;desktop:16px;&quot;,&quot;line-height&quot;:&quot;desktop:22px;&quot;}\">\n<p style=\"text-align: center;\">Vi\u00f1as viejas plantadas en vaso que se vendimian a mano.\u00a0 Las \u201crengles\u201d son m\u00e1s amplias en la direcci\u00f3n norte-sur, lo que permite captar la radiaci\u00f3n solar y as\u00ed favorecer la maduraci\u00f3n adecuada de los racimos, lo que proporciona vinos de excelente estructura.<\/p>\n<\/div>\n\n\t\t<\/div>\n\t<\/div>\n\n\t<div class=\"wpb_text_column wpb_content_element\" >\n\t\t<div class=\"wpb_wrapper\">\n\t\t\t<div class=\"uvc-main-heading ult-responsive\" data-ultimate-target=\".uvc-heading.ultimate-heading5e4ff7774edba h2\" data-responsive-json-new=\"{&quot;font-size&quot;:&quot;desktop:24px;&quot;,&quot;line-height&quot;:&quot;desktop:28px;&quot;}\">\n<h3 style=\"text-align: center;\">En espaldera<\/h3>\n<\/div>\n<div class=\"uvc-sub-heading ult-responsive\" data-ultimate-target=\".uvc-heading.ultimate-heading5e4ff7774edba .uvc-sub-heading \" data-responsive-json-new=\"{&quot;font-size&quot;:&quot;desktop:16px;&quot;,&quot;line-height&quot;:&quot;desktop:22px;&quot;}\">\n<p style=\"text-align: center;\">Las plantaciones actuales se realizan en espaldera y pueden vendimiarse a mano o con m\u00e1quinas. \u00a0La posibilidad de usar estas \u00faltimas, con este tipo de plantaci\u00f3n y la proximidad con la bodega elaboradora, evita la oxidaci\u00f3n de las uvas durante la vendimia.<\/p>\n<\/div>\n\n\t\t<\/div>\n\t<\/div>\n<\/div><\/div><\/div><div class=\"wpb_column vc_column_container vc_col-sm-2\"><div class=\"vc_column-inner\"><div class=\"wpb_wrapper\"><\/div><\/div><\/div><\/div>\n\t<div  class=\"wpb_single_image wpb_content_element vc_align_center wpb_content_element wpb_animate_when_almost_visible wpb_appear appear\">\n\t\t\n\t\t<figure class=\"wpb_wrapper vc_figure\">\n\t\t\t<a class=\"\" data-lightbox=\"lightbox[rel-591-86397766]\" href=\"https:\/\/haciendamolleda.com\/wp-content\/uploads\/2020\/02\/07_07_Carin\u0303ena-0051-1024x420.jpg\" target=\"_self\" class=\"vc_single_image-wrapper   vc_box_border_grey\"><img loading=\"lazy\" decoding=\"async\" width=\"1920\" height=\"788\" src=\"https:\/\/haciendamolleda.com\/wp-content\/uploads\/2020\/02\/07_07_Carin\u0303ena-0051.jpg\" class=\"vc_single_image-img attachment-full\" alt=\"Header decorativo\" title=\"07_07_Carin\u0303ena-0051\" srcset=\"https:\/\/haciendamolleda.com\/wp-content\/uploads\/2020\/02\/07_07_Carin\u0303ena-0051.jpg 1920w, https:\/\/haciendamolleda.com\/wp-content\/uploads\/2020\/02\/07_07_Carin\u0303ena-0051-300x123.jpg 300w, https:\/\/haciendamolleda.com\/wp-content\/uploads\/2020\/02\/07_07_Carin\u0303ena-0051-768x315.jpg 768w, https:\/\/haciendamolleda.com\/wp-content\/uploads\/2020\/02\/07_07_Carin\u0303ena-0051-1024x420.jpg 1024w\" sizes=\"auto, (max-width: 1920px) 100vw, 1920px\" \/><\/a>\n\t\t<\/figure>\n\t<\/div>\n<div class=\"vc_row wpb_row vc_inner vc_row-fluid\"><div class=\"wpb_column vc_column_container vc_col-sm-12\"><div class=\"vc_column-inner\"><div class=\"wpb_wrapper\">\n\t<div class=\"wpb_text_column wpb_content_element\" >\n\t\t<div class=\"wpb_wrapper\">\n\t\t\t<p style=\"text-align: center;\">En algunas de las vi\u00f1as,\u00a0siguiendo una vieja tradici\u00f3n entre los agricultores de la zona, hay peque\u00f1os \u201ccorros\u201d de uvas de mesa: Cardenal, Moscatel, Angelina\u2026 que los agricultores plantaban para su propia familia. Tradici\u00f3n y secreto que solo conocen \u201clos de casa\u201d.<\/p>\n\n\t\t<\/div>\n\t<\/div>\n<\/div><\/div><\/div><\/div>\n\t<div class=\"wpb_text_column wpb_content_element\" >\n\t\t<div class=\"wpb_wrapper\">\n\t\t\t<h3 style=\"text-align: center;\">El terroir<\/h3>\n\n\t\t<\/div>\n\t<\/div>\n<div class=\"vc_separator wpb_content_element vc_separator_align_center vc_sep_width_30 vc_sep_pos_align_center vc_separator_no_text vc_sep_color_grey wpb_content_element  wpb_content_element\" ><span class=\"vc_sep_holder vc_sep_holder_l\"><span class=\"vc_sep_line\"><\/span><\/span><span class=\"vc_sep_holder vc_sep_holder_r\"><span class=\"vc_sep_line\"><\/span><\/span>\n<\/div>\n\t<div class=\"wpb_text_column wpb_content_element\" >\n\t\t<div class=\"wpb_wrapper\">\n\t\t\t<p style=\"text-align: center;\">La importancia del terroir se puede explicar con el clima y los distintos tipos de suelos que proporcionan complejidad y calidad\u00a0 a nuestros vinos.<\/p>\n\n\t\t<\/div>\n\t<\/div>\n<div class=\"vc_row wpb_row vc_inner vc_row-fluid\"><div class=\"wpb_column vc_column_container vc_col-sm-6\"><div class=\"vc_column-inner\"><div class=\"wpb_wrapper\">\n\t<div class=\"wpb_text_column wpb_content_element\" >\n\t\t<div class=\"wpb_wrapper\">\n\t\t\t<h4 style=\"text-align: center;\">Suelos arcillosos<\/h4>\n<p style=\"text-align: center;\">Estos suelos, conocidos coloquialmente como &#8216;Royal&#8217;, se relacionan con vinos ricos en extractos, favorecen las reservas de aguas, aportaran taninos y consistencia a la uva. Vinos con alta graduaci\u00f3n y gran intensidad crom\u00e1tica.<\/p>\n\n\t\t<\/div>\n\t<\/div>\n\n\t<div class=\"wpb_text_column wpb_content_element\" >\n\t\t<div class=\"wpb_wrapper\">\n\t\t\t<h4 style=\"text-align: center;\">Suelos pedregosos<\/h4>\n<p style=\"text-align: center;\">Los &#8216;cascajos&#8217; suelen tener una gran cantidad de cantos rodados mezclados con suelos arcillosos, lo que favorece el crecimiento de la vid porque posee un excelente drenaje y permeabilidad. Pueden dar vinos con mucha graduaci\u00f3n pero si adelantas la vendimia suelen ser frescos y afrutados.<\/p>\n\n\t\t<\/div>\n\t<\/div>\n\n\t<div class=\"wpb_text_column wpb_content_element\" >\n\t\t<div class=\"wpb_wrapper\">\n\t\t\t<h4 style=\"text-align: center;\">Suelos calizos<\/h4>\n<p style=\"text-align: center;\">Tambi\u00e9n llamados &#8216;Calar&#8217;, son suelos de color blanquecino por su alto contenido en carbonato c\u00e1lcico y yeso. Estos vinos son muy apropiados para crianza y tendr\u00e1n una gran personalidad, cuerpo redondo y un toque mineral en el aroma. Vinos con finura, no de mucha graduaci\u00f3n y con un buen bouquet.<\/p>\n\n\t\t<\/div>\n\t<\/div>\n<\/div><\/div><\/div><div class=\"wpb_column vc_column_container vc_col-sm-6\"><div class=\"vc_column-inner\"><div class=\"wpb_wrapper\"><div class=\"vc_empty_space\"   style=\"height: 62px\"><span class=\"vc_empty_space_inner\"><\/span><\/div>\n\t<div  class=\"wpb_single_image wpb_content_element vc_align_center wpb_content_element wpb_animate_when_almost_visible wpb_appear appear\">\n\t\t\n\t\t<figure class=\"wpb_wrapper vc_figure\">\n\t\t\t<a class=\"\" data-lightbox=\"lightbox[rel-591-4156893853]\" href=\"https:\/\/haciendamolleda.com\/wp-content\/uploads\/2020\/02\/17-08-2015-17-43-54.png\" target=\"_self\" class=\"vc_single_image-wrapper   vc_box_border_grey\"><img loading=\"lazy\" decoding=\"async\" width=\"632\" height=\"573\" src=\"https:\/\/haciendamolleda.com\/wp-content\/uploads\/2020\/02\/17-08-2015-17-43-54.png\" class=\"vc_single_image-img attachment-full\" alt=\"\" title=\"17-08-2015-17-43-54\" srcset=\"https:\/\/haciendamolleda.com\/wp-content\/uploads\/2020\/02\/17-08-2015-17-43-54.png 632w, https:\/\/haciendamolleda.com\/wp-content\/uploads\/2020\/02\/17-08-2015-17-43-54-300x272.png 300w\" sizes=\"auto, (max-width: 632px) 100vw, 632px\" \/><\/a>\n\t\t<\/figure>\n\t<\/div>\n<\/div><\/div><\/div><\/div><\/div><\/div><\/div><\/div>\n<\/div>","protected":false},"excerpt":{"rendered":"Los vi\u00f1edos crecen en unas condiciones id\u00f3neas para el cultivo de la vid entre suelos pedregosos y arcillosos, con un clima extremo y con el efecto beneficioso del viento llamado Cierzo que mantiene sana la vi\u00f1a. En vaso Vi\u00f1as viejas plantadas en vaso que se vendimian a mano.\u00a0 Las \u201crengles\u201d son m\u00e1s amplias en la<br class=\"read-more-spacer\"> <a class=\"more-link\" href=\"https:\/\/haciendamolleda.com\/en\/vinedoyterroir\/\">Read More<\/a>","protected":false},"author":1,"featured_media":1724,"parent":0,"menu_order":0,"comment_status":"closed","ping_status":"closed","template":"","meta":{"footnotes":""},"class_list":["post-591","page","type-page","status-publish","has-post-thumbnail","hentry"],"yoast_head":"<!-- This site is optimized with the Yoast SEO plugin v24.7 - https:\/\/yoast.com\/wordpress\/plugins\/seo\/ -->\n<title>Vi\u00f1edo y Terroir - Hacienda Molleda<\/title>\n<meta name=\"robots\" content=\"index, follow, max-snippet:-1, max-image-preview:large, max-video-preview:-1\" \/>\n<link rel=\"canonical\" href=\"https:\/\/haciendamolleda.com\/en\/vinedoyterroir\/\" \/>\n<meta property=\"og:locale\" content=\"en_GB\" \/>\n<meta property=\"og:type\" content=\"article\" \/>\n<meta property=\"og:title\" content=\"Vi\u00f1edo y Terroir - Hacienda Molleda\" \/>\n<meta property=\"og:url\" content=\"https:\/\/haciendamolleda.com\/en\/vinedoyterroir\/\" \/>\n<meta property=\"og:site_name\" content=\"Hacienda Molleda\" \/>\n<meta property=\"article:modified_time\" content=\"2020-02-21T18:01:53+00:00\" \/>\n<meta property=\"og:image\" content=\"https:\/\/haciendamolleda.com\/wp-content\/uploads\/2020\/02\/vistas-desde-La-Matea-e1582306915183.jpg\" \/>\n\t<meta property=\"og:image:width\" content=\"1920\" \/>\n\t<meta property=\"og:image:height\" content=\"576\" \/>\n\t<meta property=\"og:image:type\" content=\"image\/jpeg\" \/>\n<meta name=\"twitter:card\" content=\"summary_large_image\" \/>\n<meta name=\"twitter:label1\" content=\"Estimated reading time\" \/>\n\t<meta name=\"twitter:data1\" content=\"3 minutes\" \/>\n<script type=\"application\/ld+json\" class=\"yoast-schema-graph\">{\"@context\":\"https:\/\/schema.org\",\"@graph\":[{\"@type\":\"WebPage\",\"@id\":\"https:\/\/haciendamolleda.com\/vinedoyterroir\/\",\"url\":\"https:\/\/haciendamolleda.com\/vinedoyterroir\/\",\"name\":\"Vi\u00f1edo y Terroir - Hacienda Molleda\",\"isPartOf\":{\"@id\":\"https:\/\/haciendamolleda.com\/#website\"},\"primaryImageOfPage\":{\"@id\":\"https:\/\/haciendamolleda.com\/vinedoyterroir\/#primaryimage\"},\"image\":{\"@id\":\"https:\/\/haciendamolleda.com\/vinedoyterroir\/#primaryimage\"},\"thumbnailUrl\":\"https:\/\/haciendamolleda.com\/wp-content\/uploads\/2020\/02\/vistas-desde-La-Matea-e1582306915183.jpg\",\"datePublished\":\"2017-04-26T11:44:10+00:00\",\"dateModified\":\"2020-02-21T18:01:53+00:00\",\"breadcrumb\":{\"@id\":\"https:\/\/haciendamolleda.com\/vinedoyterroir\/#breadcrumb\"},\"inLanguage\":\"en-GB\",\"potentialAction\":[{\"@type\":\"ReadAction\",\"target\":[\"https:\/\/haciendamolleda.com\/vinedoyterroir\/\"]}]},{\"@type\":\"ImageObject\",\"inLanguage\":\"en-GB\",\"@id\":\"https:\/\/haciendamolleda.com\/vinedoyterroir\/#primaryimage\",\"url\":\"https:\/\/haciendamolleda.com\/wp-content\/uploads\/2020\/02\/vistas-desde-La-Matea-e1582306915183.jpg\",\"contentUrl\":\"https:\/\/haciendamolleda.com\/wp-content\/uploads\/2020\/02\/vistas-desde-La-Matea-e1582306915183.jpg\",\"width\":1920,\"height\":576,\"caption\":\"xxx\"},{\"@type\":\"BreadcrumbList\",\"@id\":\"https:\/\/haciendamolleda.com\/vinedoyterroir\/#breadcrumb\",\"itemListElement\":[{\"@type\":\"ListItem\",\"position\":1,\"name\":\"Portada\",\"item\":\"https:\/\/haciendamolleda.com\/\"},{\"@type\":\"ListItem\",\"position\":2,\"name\":\"Vi\u00f1edo y Terroir\"}]},{\"@type\":\"WebSite\",\"@id\":\"https:\/\/haciendamolleda.com\/#website\",\"url\":\"https:\/\/haciendamolleda.com\/\",\"name\":\"Hacienda Molleda\",\"description\":\"Hacienda Molleda es la bodega m\u00e1s alta de la D.O.P. Cari\u00f1ena. El valor de lo aut\u00f3ctono en vinos realizados con garnacha y cari\u00f1ena, variedades locales.\",\"potentialAction\":[{\"@type\":\"SearchAction\",\"target\":{\"@type\":\"EntryPoint\",\"urlTemplate\":\"https:\/\/haciendamolleda.com\/?s={search_term_string}\"},\"query-input\":{\"@type\":\"PropertyValueSpecification\",\"valueRequired\":true,\"valueName\":\"search_term_string\"}}],\"inLanguage\":\"en-GB\"}]}<\/script>\n<!-- \/ Yoast SEO plugin. -->","yoast_head_json":{"title":"Vi\u00f1edo y Terroir - Hacienda Molleda","robots":{"index":"index","follow":"follow","max-snippet":"max-snippet:-1","max-image-preview":"max-image-preview:large","max-video-preview":"max-video-preview:-1"},"canonical":"https:\/\/haciendamolleda.com\/en\/vinedoyterroir\/","og_locale":"en_GB","og_type":"article","og_title":"Vi\u00f1edo y Terroir - Hacienda Molleda","og_url":"https:\/\/haciendamolleda.com\/en\/vinedoyterroir\/","og_site_name":"Hacienda Molleda","article_modified_time":"2020-02-21T18:01:53+00:00","og_image":[{"width":1920,"height":576,"url":"https:\/\/haciendamolleda.com\/wp-content\/uploads\/2020\/02\/vistas-desde-La-Matea-e1582306915183.jpg","type":"image\/jpeg"}],"twitter_card":"summary_large_image","twitter_misc":{"Estimated reading time":"3 minutes"},"schema":{"@context":"https:\/\/schema.org","@graph":[{"@type":"WebPage","@id":"https:\/\/haciendamolleda.com\/vinedoyterroir\/","url":"https:\/\/haciendamolleda.com\/vinedoyterroir\/","name":"Vi\u00f1edo y Terroir - Hacienda Molleda","isPartOf":{"@id":"https:\/\/haciendamolleda.com\/#website"},"primaryImageOfPage":{"@id":"https:\/\/haciendamolleda.com\/vinedoyterroir\/#primaryimage"},"image":{"@id":"https:\/\/haciendamolleda.com\/vinedoyterroir\/#primaryimage"},"thumbnailUrl":"https:\/\/haciendamolleda.com\/wp-content\/uploads\/2020\/02\/vistas-desde-La-Matea-e1582306915183.jpg","datePublished":"2017-04-26T11:44:10+00:00","dateModified":"2020-02-21T18:01:53+00:00","breadcrumb":{"@id":"https:\/\/haciendamolleda.com\/vinedoyterroir\/#breadcrumb"},"inLanguage":"en-GB","potentialAction":[{"@type":"ReadAction","target":["https:\/\/haciendamolleda.com\/vinedoyterroir\/"]}]},{"@type":"ImageObject","inLanguage":"en-GB","@id":"https:\/\/haciendamolleda.com\/vinedoyterroir\/#primaryimage","url":"https:\/\/haciendamolleda.com\/wp-content\/uploads\/2020\/02\/vistas-desde-La-Matea-e1582306915183.jpg","contentUrl":"https:\/\/haciendamolleda.com\/wp-content\/uploads\/2020\/02\/vistas-desde-La-Matea-e1582306915183.jpg","width":1920,"height":576,"caption":"xxx"},{"@type":"BreadcrumbList","@id":"https:\/\/haciendamolleda.com\/vinedoyterroir\/#breadcrumb","itemListElement":[{"@type":"ListItem","position":1,"name":"Portada","item":"https:\/\/haciendamolleda.com\/"},{"@type":"ListItem","position":2,"name":"Vi\u00f1edo y Terroir"}]},{"@type":"WebSite","@id":"https:\/\/haciendamolleda.com\/#website","url":"https:\/\/haciendamolleda.com\/","name":"Hacienda Molleda","description":"Hacienda Molleda es la bodega m\u00e1s alta de la D.O.P. Cari\u00f1ena. El valor de lo aut\u00f3ctono en vinos realizados con garnacha y cari\u00f1ena, variedades locales.","potentialAction":[{"@type":"SearchAction","target":{"@type":"EntryPoint","urlTemplate":"https:\/\/haciendamolleda.com\/?s={search_term_string}"},"query-input":{"@type":"PropertyValueSpecification","valueRequired":true,"valueName":"search_term_string"}}],"inLanguage":"en-GB"}]}},"_links":{"self":[{"href":"https:\/\/haciendamolleda.com\/en\/wp-json\/wp\/v2\/pages\/591","targetHints":{"allow":["GET"]}}],"collection":[{"href":"https:\/\/haciendamolleda.com\/en\/wp-json\/wp\/v2\/pages"}],"about":[{"href":"https:\/\/haciendamolleda.com\/en\/wp-json\/wp\/v2\/types\/page"}],"author":[{"embeddable":true,"href":"https:\/\/haciendamolleda.com\/en\/wp-json\/wp\/v2\/users\/1"}],"replies":[{"embeddable":true,"href":"https:\/\/haciendamolleda.com\/en\/wp-json\/wp\/v2\/comments?post=591"}],"version-history":[{"count":6,"href":"https:\/\/haciendamolleda.com\/en\/wp-json\/wp\/v2\/pages\/591\/revisions"}],"predecessor-version":[{"id":1779,"href":"https:\/\/haciendamolleda.com\/en\/wp-json\/wp\/v2\/pages\/591\/revisions\/1779"}],"wp:featuredmedia":[{"embeddable":true,"href":"https:\/\/haciendamolleda.com\/en\/wp-json\/wp\/v2\/media\/1724"}],"wp:attachment":[{"href":"https:\/\/haciendamolleda.com\/en\/wp-json\/wp\/v2\/media?parent=591"}],"curies":[{"name":"wp","href":"https:\/\/api.w.org\/{rel}","templated":true}]}}