{"id":694,"date":"2017-05-25T09:31:16","date_gmt":"2017-05-25T07:31:16","guid":{"rendered":"http:\/\/okthemes.com\/luxwinedemo-light\/?page_id=694"},"modified":"2023-12-13T11:33:54","modified_gmt":"2023-12-13T10:33:54","slug":"dopcarinena","status":"publish","type":"page","link":"https:\/\/haciendamolleda.com\/en\/dopcarinena\/","title":{"rendered":"D. O. P CARIGNAN"},"content":{"rendered":"<div class=\"wpb-content-wrapper\"><div class=\"vc_row wpb_row vc_row-fluid vc_custom_1498030795053\"><div class=\"wpb_column vc_column_container vc_col-sm-12\"><div class=\"vc_column-inner\"><div class=\"wpb_wrapper\">\n\t<div  class=\"wpb_single_image wpb_content_element vc_align_center wpb_content_element vc_custom_1702463058916\">\n\t\t\n\t\t<figure class=\"wpb_wrapper vc_figure\">\n\t\t\t<div class=\"vc_single_image-wrapper   vc_box_border_grey\"><img decoding=\"async\" class=\"vc_single_image-img\" src=\"https:\/\/haciendamolleda.com\/wp-content\/uploads\/2023\/06\/DO-Carinena-300x300.png\" width=\"300\" height=\"300\" alt=\"Logotipo DO Cari\u00f1ena\" title=\"DO Carin\u0303ena\" loading=\"lazy\" \/><\/div>\n\t\t<\/figure>\n\t<\/div>\n<div class=\"vc_row wpb_row vc_inner vc_row-fluid\"><div class=\"wpb_column vc_column_container vc_col-sm-2\"><div class=\"vc_column-inner\"><div class=\"wpb_wrapper\"><\/div><\/div><\/div><div class=\"wpb_column vc_column_container vc_col-sm-8\"><div class=\"vc_column-inner\"><div class=\"wpb_wrapper\">\n\t<div class=\"wpb_text_column wpb_content_element\" >\n\t\t<div class=\"wpb_wrapper\">\n\t\t\t<h2 style=\"text-align: center;\" class=\"translation-block\"><b>WE MAKE THE WINE<\/b><b><br><\/b><b>THAT COMES FROM THE STONES<\/b><\/h2>\n\n\t\t<\/div>\n\t<\/div>\n\n\t<div class=\"wpb_text_column wpb_content_element\" >\n\t\t<div class=\"wpb_wrapper\">\n\t\t\t<p style=\"text-align: center;\" class=\"translation-block\"><span style=\"font-weight: 400;\">Descubre una tierra pedregosa, pero plagada de vida, de vi\u00f1as y de grandes historias: la D.O. Cari\u00f1ena.<br>\r\n<\/span><span style=\"font-weight: 400;\">El Vino que Nace de las Piedras, lema que identifica toda la producci\u00f3n de la Denominaci\u00f3n de Origen Protegida Cari\u00f1ena.<\/span><\/p>\n\n\t\t<\/div>\n\t<\/div>\n<div class=\"vc_separator wpb_content_element vc_separator_align_center vc_sep_width_100 vc_sep_pos_align_center vc_separator_no_text vc_sep_color_grey wpb_content_element  wpb_content_element\" ><span class=\"vc_sep_holder vc_sep_holder_l\"><span class=\"vc_sep_line\"><\/span><\/span><span class=\"vc_sep_holder vc_sep_holder_r\"><span class=\"vc_sep_line\"><\/span><\/span>\n<\/div>\n\t<div class=\"wpb_text_column wpb_content_element\" >\n\t\t<div class=\"wpb_wrapper\">\n\t\t\t<p style=\"text-align: center;\" class=\"translation-block\"><span style=\"font-weight: 400\"><strong>Bodegas Hacienda Molleda<\/strong> is located in the municipality of Tosos, 9 km from Cari\u00f1ena and 51 km from Zaragoza. It belongs to the Protected Designation of Origin (D.O.P.) of Cari\u00f1ena, in the Northeast of Spain, one of the oldest and pioneering D.O. in Spain.<\/span><\/p>\n<p>&nbsp;<\/p>\n<p style=\"text-align: center;\" class=\"translation-block\"><span style=\"font-weight: 400\">El Vino que Nace de las Piedras is cultivated in a wild environment, in a territory dedicated to viticulture since ancient times. In the <\/span><b>16 municipalities that make up the largest and oldest Designation of Origin in Aragon<\/b><span style=\"font-weight: 400\">, the terrain and altitudes intermingle, <\/span><b>giving the landscape a great variety of scents and colours<\/b><span style=\"font-weight: 400\">. However, there is no lack of stones in any of the scenery and they force the vines to survive in almost extreme conditions. The result is <\/span><b>grapes that are more concentrated and intense, and much more <\/b><span style=\"font-weight: 400\">aromatic than those grown elsewhere.<\/span><\/p>\n<p style=\"text-align: center;\"><span style=\"font-weight: 400;\">He aqu\u00ed el secreto mejor guardado de la D.O. Cari\u00f1ena<\/span><b>: sus piedras, sus campos, su entorno y la dedicaci\u00f3n de un territorio<\/b><span style=\"font-weight: 400;\"> que vive por y para la tierra. Con una peculiaridad \u00fanica en el mundo, como <\/span><b>dar nombre a una variedad de uva: Cari\u00f1ena<\/b><span style=\"font-weight: 400;\">. <\/span><b>Una variedad aut\u00f3ctona<\/b><span style=\"font-weight: 400;\">, como tambi\u00e9n lo es lagarnacha, que encandila en la actualidad a medio mundo.<\/span><\/p>\n<p style=\"text-align: center;\"><span style=\"font-weight: 400;\">Cari\u00f1ena es la denominaci\u00f3n de origen aragonesa con mayor superficie de vi\u00f1edo de garnacha, variedad que se ha transmitido de padres a hijos, generaci\u00f3n tras generaci\u00f3n.\u00a0La tradici\u00f3n y el amor por el vi\u00f1edo hace que de una tierra extrema con suelos pedregosos obtengamos vinos de reconocido prestigio a nivel mundial.<\/span><\/p>\n\n\t\t<\/div>\n\t<\/div>\n\n\t<div class=\"wpb_text_column wpb_content_element\" >\n\t\t<div class=\"wpb_wrapper\">\n\t\t\t<h2 style=\"text-align: center;\"><b>PREMIUM COLLECTION THE WINES OF THE STONES<\/b><\/h2>\n\n\t\t<\/div>\n\t<\/div>\n<div class=\"vc_separator wpb_content_element vc_separator_align_center vc_sep_width_100 vc_sep_pos_align_center vc_separator_no_text vc_sep_color_grey wpb_content_element  wpb_content_element\" ><span class=\"vc_sep_holder vc_sep_holder_l\"><span class=\"vc_sep_line\"><\/span><\/span><span class=\"vc_sep_holder vc_sep_holder_r\"><span class=\"vc_sep_line\"><\/span><\/span>\n<\/div>\n\t<div class=\"wpb_text_column wpb_content_element\" >\n\t\t<div class=\"wpb_wrapper\">\n\t\t\t<p style=\"text-align: center;\"><span style=\"font-weight: 400;\">Each year a PREMIUM representation of 12 Cari\u00f1ena wines is selected.\u00a0<\/span><\/p>\n<p style=\"text-align: center;\"><span style=\"font-weight: 400;\">The wines selected in this Collection represent every person and every centimetre of land in an area that is laying the foundations for the future without losing sight of its roots. Each of the selected wineries interprets the main grape varieties planted and enhances the autochthonous, based on knowledge and experience.<\/span><\/p>\n<p style=\"text-align: center;\"><span style=\"font-weight: 400;\">In this Collection we find whites with very different profiles, but with the common characteristic of knowing how to interpret the grape varieties and a warm climate with long summers.<\/span><\/p>\n<p style=\"text-align: center;\"><span style=\"font-weight: 400;\">The selection of red wines is undoubtedly the most representative of the region, where you can find single varietal wines made from Garnacha and Cari\u00f1ena, two varieties adapted to the region and interpreted in different ways depending on the objectives of each winery and style of wine. The red collection is completed with two blends, one that mixes vintages and the other that uses foreign varieties adapted to the region, providing diversity and tradition.<\/span><\/p>\n\n\t\t<\/div>\n\t<\/div>\n<\/div><\/div><\/div><div class=\"wpb_column vc_column_container vc_col-sm-2\"><div class=\"vc_column-inner\"><div class=\"wpb_wrapper\"><\/div><\/div><\/div><\/div>\n\t<div class=\"wpb_video_widget wpb_content_element vc_clearfix   vc_video-aspect-ratio-169 vc_video-el-width-100 vc_video-align-center\" >\n\t\t<div class=\"wpb_wrapper\">\n\t\t\t\n\t\t\t<div class=\"wpb_video_wrapper\"><iframe loading=\"lazy\" title=\"Colecci\u00f3n Premium 2022  El vino de las piedras  D O Cari\u00f1ena\" width=\"500\" height=\"281\" src=\"https:\/\/www.youtube.com\/embed\/M_7sTnEJApc?feature=oembed\" frameborder=\"0\" allow=\"accelerometer; autoplay; clipboard-write; encrypted-media; gyroscope; picture-in-picture; web-share\" referrerpolicy=\"strict-origin-when-cross-origin\" allowfullscreen><\/iframe><\/div>\n\t\t<\/div>\n\t<\/div>\n<\/div><\/div><\/div><\/div>\n<\/div>","protected":false},"excerpt":{"rendered":"HACEMOS EL VINO QUE NACE DE LAS PIEDRAS Descubre una tierra pedregosa, pero plagada de vida, de vi\u00f1as y de grandes historias: la D.O. Cari\u00f1ena. El Vino que Nace de las Piedras, lema que identifica toda la producci\u00f3n de la Denominaci\u00f3n de Origen Protegida Cari\u00f1ena. Bodegas Hacienda Molleda est\u00e1 ubicada en el t\u00e9rmino municipal de<br class=\"read-more-spacer\"> <a class=\"more-link\" href=\"https:\/\/haciendamolleda.com\/en\/dopcarinena\/\">Read More<\/a>","protected":false},"author":1,"featured_media":1667,"parent":0,"menu_order":0,"comment_status":"closed","ping_status":"closed","template":"","meta":{"footnotes":""},"class_list":["post-694","page","type-page","status-publish","has-post-thumbnail","hentry"],"yoast_head":"<!-- This site is optimized with the Yoast SEO plugin v24.7 - https:\/\/yoast.com\/wordpress\/plugins\/seo\/ -->\n<title>D.O.P CARI\u00d1ENA - Hacienda Molleda<\/title>\n<meta name=\"robots\" content=\"index, follow, max-snippet:-1, max-image-preview:large, max-video-preview:-1\" \/>\n<link rel=\"canonical\" href=\"https:\/\/haciendamolleda.com\/en\/dopcarinena\/\" \/>\n<meta property=\"og:locale\" content=\"en_GB\" \/>\n<meta property=\"og:type\" content=\"article\" \/>\n<meta property=\"og:title\" content=\"D.O.P CARI\u00d1ENA - Hacienda Molleda\" \/>\n<meta property=\"og:url\" content=\"https:\/\/haciendamolleda.com\/en\/dopcarinena\/\" \/>\n<meta property=\"og:site_name\" content=\"Hacienda Molleda\" \/>\n<meta property=\"article:modified_time\" content=\"2023-12-13T10:33:54+00:00\" \/>\n<meta property=\"og:image\" content=\"https:\/\/haciendamolleda.com\/wp-content\/uploads\/2020\/02\/unnamed-1-e1582307382240.jpg\" \/>\n\t<meta property=\"og:image:width\" content=\"3264\" \/>\n\t<meta property=\"og:image:height\" content=\"1077\" \/>\n\t<meta property=\"og:image:type\" content=\"image\/jpeg\" \/>\n<meta name=\"twitter:card\" content=\"summary_large_image\" \/>\n<meta name=\"twitter:label1\" content=\"Estimated reading time\" \/>\n\t<meta name=\"twitter:data1\" content=\"3 minutes\" \/>\n<script type=\"application\/ld+json\" class=\"yoast-schema-graph\">{\"@context\":\"https:\/\/schema.org\",\"@graph\":[{\"@type\":\"WebPage\",\"@id\":\"https:\/\/haciendamolleda.com\/dopcarinena\/\",\"url\":\"https:\/\/haciendamolleda.com\/dopcarinena\/\",\"name\":\"D.O.P CARI\u00d1ENA - Hacienda Molleda\",\"isPartOf\":{\"@id\":\"https:\/\/haciendamolleda.com\/#website\"},\"primaryImageOfPage\":{\"@id\":\"https:\/\/haciendamolleda.com\/dopcarinena\/#primaryimage\"},\"image\":{\"@id\":\"https:\/\/haciendamolleda.com\/dopcarinena\/#primaryimage\"},\"thumbnailUrl\":\"https:\/\/haciendamolleda.com\/wp-content\/uploads\/2020\/02\/unnamed-1-e1582307382240.jpg\",\"datePublished\":\"2017-05-25T07:31:16+00:00\",\"dateModified\":\"2023-12-13T10:33:54+00:00\",\"breadcrumb\":{\"@id\":\"https:\/\/haciendamolleda.com\/dopcarinena\/#breadcrumb\"},\"inLanguage\":\"en-GB\",\"potentialAction\":[{\"@type\":\"ReadAction\",\"target\":[\"https:\/\/haciendamolleda.com\/dopcarinena\/\"]}]},{\"@type\":\"ImageObject\",\"inLanguage\":\"en-GB\",\"@id\":\"https:\/\/haciendamolleda.com\/dopcarinena\/#primaryimage\",\"url\":\"https:\/\/haciendamolleda.com\/wp-content\/uploads\/2020\/02\/unnamed-1-e1582307382240.jpg\",\"contentUrl\":\"https:\/\/haciendamolleda.com\/wp-content\/uploads\/2020\/02\/unnamed-1-e1582307382240.jpg\",\"width\":3264,\"height\":1077,\"caption\":\"campos\"},{\"@type\":\"BreadcrumbList\",\"@id\":\"https:\/\/haciendamolleda.com\/dopcarinena\/#breadcrumb\",\"itemListElement\":[{\"@type\":\"ListItem\",\"position\":1,\"name\":\"Portada\",\"item\":\"https:\/\/haciendamolleda.com\/\"},{\"@type\":\"ListItem\",\"position\":2,\"name\":\"D.O.P CARI\u00d1ENA\"}]},{\"@type\":\"WebSite\",\"@id\":\"https:\/\/haciendamolleda.com\/#website\",\"url\":\"https:\/\/haciendamolleda.com\/\",\"name\":\"Hacienda Molleda\",\"description\":\"Hacienda Molleda es la bodega m\u00e1s alta de la D.O.P. Cari\u00f1ena. El valor de lo aut\u00f3ctono en vinos realizados con garnacha y cari\u00f1ena, variedades locales.\",\"potentialAction\":[{\"@type\":\"SearchAction\",\"target\":{\"@type\":\"EntryPoint\",\"urlTemplate\":\"https:\/\/haciendamolleda.com\/?s={search_term_string}\"},\"query-input\":{\"@type\":\"PropertyValueSpecification\",\"valueRequired\":true,\"valueName\":\"search_term_string\"}}],\"inLanguage\":\"en-GB\"}]}<\/script>\n<!-- \/ Yoast SEO plugin. -->","yoast_head_json":{"title":"D.O.P CARI\u00d1ENA - Hacienda Molleda","robots":{"index":"index","follow":"follow","max-snippet":"max-snippet:-1","max-image-preview":"max-image-preview:large","max-video-preview":"max-video-preview:-1"},"canonical":"https:\/\/haciendamolleda.com\/en\/dopcarinena\/","og_locale":"en_GB","og_type":"article","og_title":"D.O.P CARI\u00d1ENA - Hacienda Molleda","og_url":"https:\/\/haciendamolleda.com\/en\/dopcarinena\/","og_site_name":"Hacienda Molleda","article_modified_time":"2023-12-13T10:33:54+00:00","og_image":[{"width":3264,"height":1077,"url":"https:\/\/haciendamolleda.com\/wp-content\/uploads\/2020\/02\/unnamed-1-e1582307382240.jpg","type":"image\/jpeg"}],"twitter_card":"summary_large_image","twitter_misc":{"Estimated reading time":"3 minutes"},"schema":{"@context":"https:\/\/schema.org","@graph":[{"@type":"WebPage","@id":"https:\/\/haciendamolleda.com\/dopcarinena\/","url":"https:\/\/haciendamolleda.com\/dopcarinena\/","name":"D.O.P CARI\u00d1ENA - Hacienda Molleda","isPartOf":{"@id":"https:\/\/haciendamolleda.com\/#website"},"primaryImageOfPage":{"@id":"https:\/\/haciendamolleda.com\/dopcarinena\/#primaryimage"},"image":{"@id":"https:\/\/haciendamolleda.com\/dopcarinena\/#primaryimage"},"thumbnailUrl":"https:\/\/haciendamolleda.com\/wp-content\/uploads\/2020\/02\/unnamed-1-e1582307382240.jpg","datePublished":"2017-05-25T07:31:16+00:00","dateModified":"2023-12-13T10:33:54+00:00","breadcrumb":{"@id":"https:\/\/haciendamolleda.com\/dopcarinena\/#breadcrumb"},"inLanguage":"en-GB","potentialAction":[{"@type":"ReadAction","target":["https:\/\/haciendamolleda.com\/dopcarinena\/"]}]},{"@type":"ImageObject","inLanguage":"en-GB","@id":"https:\/\/haciendamolleda.com\/dopcarinena\/#primaryimage","url":"https:\/\/haciendamolleda.com\/wp-content\/uploads\/2020\/02\/unnamed-1-e1582307382240.jpg","contentUrl":"https:\/\/haciendamolleda.com\/wp-content\/uploads\/2020\/02\/unnamed-1-e1582307382240.jpg","width":3264,"height":1077,"caption":"campos"},{"@type":"BreadcrumbList","@id":"https:\/\/haciendamolleda.com\/dopcarinena\/#breadcrumb","itemListElement":[{"@type":"ListItem","position":1,"name":"Portada","item":"https:\/\/haciendamolleda.com\/"},{"@type":"ListItem","position":2,"name":"D.O.P CARI\u00d1ENA"}]},{"@type":"WebSite","@id":"https:\/\/haciendamolleda.com\/#website","url":"https:\/\/haciendamolleda.com\/","name":"Hacienda Molleda","description":"Hacienda Molleda es la bodega m\u00e1s alta de la D.O.P. Cari\u00f1ena. El valor de lo aut\u00f3ctono en vinos realizados con garnacha y cari\u00f1ena, variedades locales.","potentialAction":[{"@type":"SearchAction","target":{"@type":"EntryPoint","urlTemplate":"https:\/\/haciendamolleda.com\/?s={search_term_string}"},"query-input":{"@type":"PropertyValueSpecification","valueRequired":true,"valueName":"search_term_string"}}],"inLanguage":"en-GB"}]}},"_links":{"self":[{"href":"https:\/\/haciendamolleda.com\/en\/wp-json\/wp\/v2\/pages\/694","targetHints":{"allow":["GET"]}}],"collection":[{"href":"https:\/\/haciendamolleda.com\/en\/wp-json\/wp\/v2\/pages"}],"about":[{"href":"https:\/\/haciendamolleda.com\/en\/wp-json\/wp\/v2\/types\/page"}],"author":[{"embeddable":true,"href":"https:\/\/haciendamolleda.com\/en\/wp-json\/wp\/v2\/users\/1"}],"replies":[{"embeddable":true,"href":"https:\/\/haciendamolleda.com\/en\/wp-json\/wp\/v2\/comments?post=694"}],"version-history":[{"count":15,"href":"https:\/\/haciendamolleda.com\/en\/wp-json\/wp\/v2\/pages\/694\/revisions"}],"predecessor-version":[{"id":2451,"href":"https:\/\/haciendamolleda.com\/en\/wp-json\/wp\/v2\/pages\/694\/revisions\/2451"}],"wp:featuredmedia":[{"embeddable":true,"href":"https:\/\/haciendamolleda.com\/en\/wp-json\/wp\/v2\/media\/1667"}],"wp:attachment":[{"href":"https:\/\/haciendamolleda.com\/en\/wp-json\/wp\/v2\/media?parent=694"}],"curies":[{"name":"wp","href":"https:\/\/api.w.org\/{rel}","templated":true}]}}