{"id":717,"date":"2017-05-25T12:12:48","date_gmt":"2017-05-25T10:12:48","guid":{"rendered":"http:\/\/okthemes.com\/luxwinedemo-light\/?page_id=717"},"modified":"2023-10-05T11:52:03","modified_gmt":"2023-10-05T09:52:03","slug":"fincayvinedo","status":"publish","type":"page","link":"https:\/\/haciendamolleda.com\/en\/fincayvinedo\/","title":{"rendered":"FARM AND VINEYARD"},"content":{"rendered":"<div class=\"wpb-content-wrapper\"><div class=\"vc_row wpb_row vc_row-fluid\"><div class=\"wpb_column vc_column_container vc_col-sm-12\"><div class=\"vc_column-inner\"><div class=\"wpb_wrapper\"><div class=\"vc_row wpb_row vc_inner vc_row-fluid\"><div class=\"wpb_column vc_column_container vc_col-sm-2\"><div class=\"vc_column-inner\"><div class=\"wpb_wrapper\"><\/div><\/div><\/div><div class=\"wpb_column vc_column_container vc_col-sm-8\"><div class=\"vc_column-inner\"><div class=\"wpb_wrapper\">\n\t<div class=\"wpb_text_column wpb_content_element\" >\n\t\t<div class=\"wpb_wrapper\">\n\t\t\t<h2 style=\"text-align: center;\">Hacienda Molleda<\/h2>\n\n\t\t<\/div>\n\t<\/div>\n\n\t<div class=\"wpb_text_column wpb_content_element\" >\n\t\t<div class=\"wpb_wrapper\">\n\t\t\t<p style=\"text-align: center;\">Est\u00e1 formada por 250 hect\u00e1reas de vi\u00f1edo principalmente de variedades aut\u00f3ctonas de Cari\u00f1ena, como la\u00a0Garnacha\u00a0y la propia uva\u00a0Cari\u00f1ena\u00a0tambi\u00e9n conocida como Mazuela. Tempranillo, Cabernet Sauvignon Syrah y Macabeo son variedades de uva, tambi\u00e9n cultivadas en las fincas de la familia Melendez \u2013 Molleda.<\/p>\n<p style=\"text-align: center;\">La finca est\u00e1 formada por preciosas ondulaciones de vi\u00f1as con suelos profundos y ligeras pendientes que aseguran que en ning\u00fan momento puntual existan excesos h\u00eddricos.<\/p>\n\n\t\t<\/div>\n\t<\/div>\n<\/div><\/div><\/div><div class=\"wpb_column vc_column_container vc_col-sm-2\"><div class=\"vc_column-inner\"><div class=\"wpb_wrapper\"><\/div><\/div><\/div><\/div><div class=\"vc_row wpb_row vc_inner vc_row-fluid\"><div class=\"wpb_column vc_column_container vc_col-sm-2\"><div class=\"vc_column-inner\"><div class=\"wpb_wrapper\"><\/div><\/div><\/div><div class=\"wpb_column vc_column_container vc_col-sm-8\"><div class=\"vc_column-inner\"><div class=\"wpb_wrapper\"><div class=\"wpb_gallery wpb_content_element vc_clearfix wpb_content_element wpb_animate_when_almost_visible wpb_appear appear\" ><div class=\"wpb_wrapper\"><div class=\"wpb_gallery_slides wpb_flexslider flexslider_fade flexslider\" data-interval=\"5\" data-flex_fx=\"fade\"><ul class=\"slides\"><li><a class=\"\" href=\"https:\/\/haciendamolleda.com\/wp-content\/uploads\/2020\/02\/unnamed-6-1-1024x768.jpg\" data-lightbox=\"lightbox[rel-717-2699813492]\"><img loading=\"lazy\" decoding=\"async\" width=\"4032\" height=\"3024\" src=\"https:\/\/haciendamolleda.com\/wp-content\/uploads\/2020\/02\/unnamed-6-1.jpg\" class=\"attachment-full\" alt=\"Vi\u00f1as de la bodega Hacienda Molleda\" title=\"unnamed (6)\" srcset=\"https:\/\/haciendamolleda.com\/wp-content\/uploads\/2020\/02\/unnamed-6-1.jpg 4032w, https:\/\/haciendamolleda.com\/wp-content\/uploads\/2020\/02\/unnamed-6-1-300x225.jpg 300w, https:\/\/haciendamolleda.com\/wp-content\/uploads\/2020\/02\/unnamed-6-1-768x576.jpg 768w, https:\/\/haciendamolleda.com\/wp-content\/uploads\/2020\/02\/unnamed-6-1-1024x768.jpg 1024w\" sizes=\"auto, (max-width: 4032px) 100vw, 4032px\" \/><\/a><\/li><li><a class=\"\" href=\"https:\/\/haciendamolleda.com\/wp-content\/uploads\/2020\/02\/unnamed-5-1-1024x768.jpg\" data-lightbox=\"lightbox[rel-717-2699813492]\"><img loading=\"lazy\" decoding=\"async\" width=\"4032\" height=\"3024\" src=\"https:\/\/haciendamolleda.com\/wp-content\/uploads\/2020\/02\/unnamed-5-1.jpg\" class=\"attachment-full\" alt=\"Bodega Hacienda Molleda\" title=\"unnamed (5)\" srcset=\"https:\/\/haciendamolleda.com\/wp-content\/uploads\/2020\/02\/unnamed-5-1.jpg 4032w, https:\/\/haciendamolleda.com\/wp-content\/uploads\/2020\/02\/unnamed-5-1-300x225.jpg 300w, https:\/\/haciendamolleda.com\/wp-content\/uploads\/2020\/02\/unnamed-5-1-768x576.jpg 768w, https:\/\/haciendamolleda.com\/wp-content\/uploads\/2020\/02\/unnamed-5-1-1024x768.jpg 1024w\" sizes=\"auto, (max-width: 4032px) 100vw, 4032px\" \/><\/a><\/li><li><a class=\"\" href=\"https:\/\/haciendamolleda.com\/wp-content\/uploads\/2020\/02\/unnamed-3-1024x768.jpg\" data-lightbox=\"lightbox[rel-717-2699813492]\"><img loading=\"lazy\" decoding=\"async\" width=\"4032\" height=\"3024\" src=\"https:\/\/haciendamolleda.com\/wp-content\/uploads\/2020\/02\/unnamed-3.jpg\" class=\"attachment-full\" alt=\"Bodega Hacienda Molleda\" title=\"unnamed (3)\" srcset=\"https:\/\/haciendamolleda.com\/wp-content\/uploads\/2020\/02\/unnamed-3.jpg 4032w, https:\/\/haciendamolleda.com\/wp-content\/uploads\/2020\/02\/unnamed-3-300x225.jpg 300w, https:\/\/haciendamolleda.com\/wp-content\/uploads\/2020\/02\/unnamed-3-768x576.jpg 768w, https:\/\/haciendamolleda.com\/wp-content\/uploads\/2020\/02\/unnamed-3-1024x768.jpg 1024w\" sizes=\"auto, (max-width: 4032px) 100vw, 4032px\" \/><\/a><\/li><li><a class=\"\" href=\"https:\/\/haciendamolleda.com\/wp-content\/uploads\/2020\/02\/unnamed-1-2-1024x768.jpg\" data-lightbox=\"lightbox[rel-717-2699813492]\"><img loading=\"lazy\" decoding=\"async\" width=\"1600\" height=\"1200\" src=\"https:\/\/haciendamolleda.com\/wp-content\/uploads\/2020\/02\/unnamed-1-2.jpg\" class=\"attachment-full\" alt=\"Vi\u00f1as de la bodega Hacienda Molleda\" title=\"unnamed (1)\" srcset=\"https:\/\/haciendamolleda.com\/wp-content\/uploads\/2020\/02\/unnamed-1-2.jpg 1600w, https:\/\/haciendamolleda.com\/wp-content\/uploads\/2020\/02\/unnamed-1-2-300x225.jpg 300w, https:\/\/haciendamolleda.com\/wp-content\/uploads\/2020\/02\/unnamed-1-2-768x576.jpg 768w, https:\/\/haciendamolleda.com\/wp-content\/uploads\/2020\/02\/unnamed-1-2-1024x768.jpg 1024w\" sizes=\"auto, (max-width: 1600px) 100vw, 1600px\" \/><\/a><\/li><\/ul><\/div><\/div><\/div><\/div><\/div><\/div><\/div><div class=\"vc_row wpb_row vc_inner vc_row-fluid\"><div class=\"wpb_column vc_column_container vc_col-sm-3\"><div class=\"vc_column-inner\"><div class=\"wpb_wrapper\"><\/div><\/div><\/div><div class=\"wpb_column vc_column_container vc_col-sm-6\"><div class=\"vc_column-inner\"><div class=\"wpb_wrapper\">\n\t<div class=\"wpb_text_column wpb_content_element\" >\n\t\t<div class=\"wpb_wrapper\">\n\t\t\t<h3 style=\"text-align: center;\">Control y cuidado responsable del vi\u00f1edo<\/h3>\n\n\t\t<\/div>\n\t<\/div>\n<div class=\"vc_separator wpb_content_element vc_separator_align_center vc_sep_width_30 vc_sep_pos_align_center vc_separator_no_text vc_sep_color_grey wpb_content_element  wpb_content_element\" ><span class=\"vc_sep_holder vc_sep_holder_l\"><span class=\"vc_sep_line\"><\/span><\/span><span class=\"vc_sep_holder vc_sep_holder_r\"><span class=\"vc_sep_line\"><\/span><\/span>\n<\/div>\n\t<div  class=\"wpb_single_image wpb_content_element vc_align_center wpb_content_element\">\n\t\t\n\t\t<figure class=\"wpb_wrapper vc_figure\">\n\t\t\t<div class=\"vc_single_image-wrapper   vc_box_border_grey\"><img loading=\"lazy\" decoding=\"async\" width=\"80\" height=\"80\" src=\"https:\/\/haciendamolleda.com\/wp-content\/uploads\/2020\/07\/1.jpg\" class=\"vc_single_image-img attachment-full\" alt=\"icono\" title=\"1\" \/><\/div>\n\t\t<\/figure>\n\t<\/div>\n\n\t<div class=\"wpb_text_column wpb_content_element\" >\n\t\t<div class=\"wpb_wrapper\">\n\t\t\t<h4 style=\"text-align: center;\">Agricultura de precisi\u00f3n<\/h4>\n\n\t\t<\/div>\n\t<\/div>\n\n\t<div class=\"wpb_text_column wpb_content_element\" >\n\t\t<div class=\"wpb_wrapper\">\n\t\t\t<p style=\"text-align: center;\">Se especifica el cultivo de cada parcela, para ello se tienen en cuenta\u00a0las\u00a0necesidades de la planta y uva requerida en cada parcela.<\/p>\n\n\t\t<\/div>\n\t<\/div>\n\n\t<div  class=\"wpb_single_image wpb_content_element vc_align_center wpb_content_element\">\n\t\t\n\t\t<figure class=\"wpb_wrapper vc_figure\">\n\t\t\t<div class=\"vc_single_image-wrapper   vc_box_border_grey\"><img loading=\"lazy\" decoding=\"async\" width=\"80\" height=\"80\" src=\"https:\/\/haciendamolleda.com\/wp-content\/uploads\/2020\/07\/2.jpg\" class=\"vc_single_image-img attachment-full\" alt=\"icono\" title=\"2\" \/><\/div>\n\t\t<\/figure>\n\t<\/div>\n\n\t<div class=\"wpb_text_column wpb_content_element\" >\n\t\t<div class=\"wpb_wrapper\">\n\t\t\t<h4 style=\"text-align: center;\">Minimizamos el uso de fitosanitarios<\/h4>\n\n\t\t<\/div>\n\t<\/div>\n\n\t<div class=\"wpb_text_column wpb_content_element\" >\n\t\t<div class=\"wpb_wrapper\">\n\t\t\t<p style=\"text-align: center;\">Gesti\u00f3n y control del estado fenol\u00f3gico de las plantas en relaci\u00f3n al clima para aplicar los fitosanitarios en su justa medida y conseguir uvas siempre sanas.<\/p>\n\n\t\t<\/div>\n\t<\/div>\n\n\t<div  class=\"wpb_single_image wpb_content_element vc_align_center wpb_content_element\">\n\t\t\n\t\t<figure class=\"wpb_wrapper vc_figure\">\n\t\t\t<div class=\"vc_single_image-wrapper   vc_box_border_grey\"><img loading=\"lazy\" decoding=\"async\" width=\"80\" height=\"80\" src=\"https:\/\/haciendamolleda.com\/wp-content\/uploads\/2020\/07\/3.jpg\" class=\"vc_single_image-img attachment-full\" alt=\"icono\" title=\"3\" \/><\/div>\n\t\t<\/figure>\n\t<\/div>\n\n\t<div class=\"wpb_text_column wpb_content_element\" >\n\t\t<div class=\"wpb_wrapper\">\n\t\t\t<h4 style=\"text-align: center;\">CONTROL DE LA PLAGA DE LA POLILLA DE LA VID<\/h4>\n\n\t\t<\/div>\n\t<\/div>\n\n\t<div class=\"wpb_text_column wpb_content_element\" >\n\t\t<div class=\"wpb_wrapper\">\n\t\t\t<p style=\"text-align: center;\">Empleo de feromonas, sistema\u00a0<strong>ecol\u00f3gico<\/strong>\u00a0implantado para mayor y m\u00e1s espec\u00edfico control sanitario de la vid. Las feromonas provocan la confusi\u00f3n sexual de la polilla para evitar que pongan huevos en los racimos y as\u00ed evitar una serie de enfermedades y p\u00e9rdidas de calidad.<\/p>\n\n\t\t<\/div>\n\t<\/div>\n\n\t<div  class=\"wpb_single_image wpb_content_element vc_align_center wpb_content_element\">\n\t\t\n\t\t<figure class=\"wpb_wrapper vc_figure\">\n\t\t\t<div class=\"vc_single_image-wrapper   vc_box_border_grey\"><img loading=\"lazy\" decoding=\"async\" width=\"80\" height=\"80\" src=\"https:\/\/haciendamolleda.com\/wp-content\/uploads\/2020\/07\/4.jpg\" class=\"vc_single_image-img attachment-full\" alt=\"icono\" title=\"4\" \/><\/div>\n\t\t<\/figure>\n\t<\/div>\n\n\t<div class=\"wpb_text_column wpb_content_element\" >\n\t\t<div class=\"wpb_wrapper\">\n\t\t\t<h4 style=\"text-align: center;\">CONTROL DE LA MADURACI\u00d3N DE LA UVA<\/h4>\n\n\t\t<\/div>\n\t<\/div>\n\n\t<div class=\"wpb_text_column wpb_content_element\" >\n\t\t<div class=\"wpb_wrapper\">\n\t\t\t<p style=\"text-align: center;\">Desde el a\u00f1o 2000 se realizan controles de maduraci\u00f3n de las uvas y se relaciona con la fecha de vendimia y anal\u00edticas alcanzadas.<\/p>\n\n\t\t<\/div>\n\t<\/div>\n\n\t<div class=\"wpb_text_column wpb_content_element\" >\n\t\t<div class=\"wpb_wrapper\">\n\t\t\t<p style=\"text-align: center;\">Con controles de campo se obtiene una materia prima m\u00e1s rica y sana con m\u00e1s compuestos arom\u00e1ticos y menos posibilidades de defectos gustativos. Esta pol\u00edtica nos permite seleccionar ya en vi\u00f1edo las diferentes calidades para elaborar distintos vinos para distintos segmentos.<\/p>\n\n\t\t<\/div>\n\t<\/div>\n\n\t<div class=\"wpb_text_column wpb_content_element\" >\n\t\t<div class=\"wpb_wrapper\">\n\t\t\t<h3 style=\"text-align: center;\">VI\u00d1EDO Y TERROIR<\/h3>\n\n\t\t<\/div>\n\t<\/div>\n<div class=\"vc_separator wpb_content_element vc_separator_align_center vc_sep_width_30 vc_sep_pos_align_center vc_separator_no_text vc_sep_color_grey wpb_content_element  wpb_content_element\" ><span class=\"vc_sep_holder vc_sep_holder_l\"><span class=\"vc_sep_line\"><\/span><\/span><span class=\"vc_sep_holder vc_sep_holder_r\"><span class=\"vc_sep_line\"><\/span><\/span>\n<\/div>\n\t<div class=\"wpb_text_column wpb_content_element\" >\n\t\t<div class=\"wpb_wrapper\">\n\t\t\t<h4 style=\"text-align: center;\">El valor de lo aut\u00f3ctono<\/h4>\n\n\t\t<\/div>\n\t<\/div>\n<div class=\"vc_btn3-container vc_btn3-center vc_do_btn\" ><a class=\"vc_general vc_btn3 vc_btn3-size-md vc_btn3-shape-rounded vc_btn3-style-flat vc_btn3-color-purple\" href=\"https:\/\/haciendamolleda.com\/vinedoyterroir\/\" title=\"\">CON\u00d3CELOS<\/a><\/div>\n\t<div  class=\"wpb_single_image wpb_content_element vc_align_left wpb_content_element\">\n\t\t\n\t\t<figure class=\"wpb_wrapper vc_figure\">\n\t\t\t<div class=\"vc_single_image-wrapper   vc_box_border_grey\"><img loading=\"lazy\" decoding=\"async\" width=\"600\" height=\"586\" src=\"https:\/\/haciendamolleda.com\/wp-content\/uploads\/2020\/07\/molleda.jpg\" class=\"vc_single_image-img attachment-full\" alt=\"Vista de mapa cenital\" title=\"molleda\" srcset=\"https:\/\/haciendamolleda.com\/wp-content\/uploads\/2020\/07\/molleda.jpg 600w, https:\/\/haciendamolleda.com\/wp-content\/uploads\/2020\/07\/molleda-300x293.jpg 300w\" sizes=\"auto, (max-width: 600px) 100vw, 600px\" \/><\/div>\n\t\t<\/figure>\n\t<\/div>\n<\/div><\/div><\/div><\/div><\/div><\/div><\/div><\/div>\n<\/div>","protected":false},"excerpt":{"rendered":"Hacienda Molleda Est\u00e1 formada por 250 hect\u00e1reas de vi\u00f1edo principalmente de variedades aut\u00f3ctonas de Cari\u00f1ena, como la\u00a0Garnacha\u00a0y la propia uva\u00a0Cari\u00f1ena\u00a0tambi\u00e9n conocida como Mazuela. Tempranillo, Cabernet Sauvignon Syrah y Macabeo son variedades de uva, tambi\u00e9n cultivadas en las fincas de la familia Melendez \u2013 Molleda. La finca est\u00e1 formada por preciosas ondulaciones de vi\u00f1as con suelos<br class=\"read-more-spacer\"> <a class=\"more-link\" href=\"https:\/\/haciendamolleda.com\/en\/fincayvinedo\/\">Read More<\/a>","protected":false},"author":1,"featured_media":1663,"parent":0,"menu_order":0,"comment_status":"closed","ping_status":"closed","template":"","meta":{"footnotes":""},"class_list":["post-717","page","type-page","status-publish","has-post-thumbnail","hentry"],"yoast_head":"<!-- This site is optimized with the Yoast SEO plugin v24.7 - https:\/\/yoast.com\/wordpress\/plugins\/seo\/ -->\n<title>FINCA Y VI\u00d1EDO - Hacienda Molleda<\/title>\n<meta name=\"robots\" content=\"index, follow, max-snippet:-1, max-image-preview:large, max-video-preview:-1\" \/>\n<link rel=\"canonical\" href=\"https:\/\/haciendamolleda.com\/en\/fincayvinedo\/\" \/>\n<meta property=\"og:locale\" content=\"en_GB\" \/>\n<meta property=\"og:type\" content=\"article\" \/>\n<meta property=\"og:title\" content=\"FINCA Y VI\u00d1EDO - Hacienda Molleda\" \/>\n<meta property=\"og:url\" content=\"https:\/\/haciendamolleda.com\/en\/fincayvinedo\/\" \/>\n<meta property=\"og:site_name\" content=\"Hacienda Molleda\" \/>\n<meta property=\"article:modified_time\" content=\"2023-10-05T09:52:03+00:00\" \/>\n<meta property=\"og:image\" content=\"https:\/\/haciendamolleda.com\/wp-content\/uploads\/2020\/02\/unnamed-3-1-e1582307242987.jpg\" \/>\n\t<meta property=\"og:image:width\" content=\"3024\" \/>\n\t<meta property=\"og:image:height\" content=\"1401\" \/>\n\t<meta property=\"og:image:type\" content=\"image\/jpeg\" \/>\n<meta name=\"twitter:card\" content=\"summary_large_image\" \/>\n<meta name=\"twitter:label1\" content=\"Estimated reading time\" \/>\n\t<meta name=\"twitter:data1\" content=\"3 minutes\" \/>\n<script type=\"application\/ld+json\" class=\"yoast-schema-graph\">{\"@context\":\"https:\/\/schema.org\",\"@graph\":[{\"@type\":\"WebPage\",\"@id\":\"https:\/\/haciendamolleda.com\/fincayvinedo\/\",\"url\":\"https:\/\/haciendamolleda.com\/fincayvinedo\/\",\"name\":\"FINCA Y VI\u00d1EDO - Hacienda Molleda\",\"isPartOf\":{\"@id\":\"https:\/\/haciendamolleda.com\/#website\"},\"primaryImageOfPage\":{\"@id\":\"https:\/\/haciendamolleda.com\/fincayvinedo\/#primaryimage\"},\"image\":{\"@id\":\"https:\/\/haciendamolleda.com\/fincayvinedo\/#primaryimage\"},\"thumbnailUrl\":\"https:\/\/haciendamolleda.com\/wp-content\/uploads\/2020\/02\/unnamed-3-1-e1582307242987.jpg\",\"datePublished\":\"2017-05-25T10:12:48+00:00\",\"dateModified\":\"2023-10-05T09:52:03+00:00\",\"breadcrumb\":{\"@id\":\"https:\/\/haciendamolleda.com\/fincayvinedo\/#breadcrumb\"},\"inLanguage\":\"en-GB\",\"potentialAction\":[{\"@type\":\"ReadAction\",\"target\":[\"https:\/\/haciendamolleda.com\/fincayvinedo\/\"]}]},{\"@type\":\"ImageObject\",\"inLanguage\":\"en-GB\",\"@id\":\"https:\/\/haciendamolleda.com\/fincayvinedo\/#primaryimage\",\"url\":\"https:\/\/haciendamolleda.com\/wp-content\/uploads\/2020\/02\/unnamed-3-1-e1582307242987.jpg\",\"contentUrl\":\"https:\/\/haciendamolleda.com\/wp-content\/uploads\/2020\/02\/unnamed-3-1-e1582307242987.jpg\",\"width\":3024,\"height\":1401,\"caption\":\"xx\"},{\"@type\":\"BreadcrumbList\",\"@id\":\"https:\/\/haciendamolleda.com\/fincayvinedo\/#breadcrumb\",\"itemListElement\":[{\"@type\":\"ListItem\",\"position\":1,\"name\":\"Portada\",\"item\":\"https:\/\/haciendamolleda.com\/\"},{\"@type\":\"ListItem\",\"position\":2,\"name\":\"FINCA Y VI\u00d1EDO\"}]},{\"@type\":\"WebSite\",\"@id\":\"https:\/\/haciendamolleda.com\/#website\",\"url\":\"https:\/\/haciendamolleda.com\/\",\"name\":\"Hacienda Molleda\",\"description\":\"Hacienda Molleda es la bodega m\u00e1s alta de la D.O.P. Cari\u00f1ena. El valor de lo aut\u00f3ctono en vinos realizados con garnacha y cari\u00f1ena, variedades locales.\",\"potentialAction\":[{\"@type\":\"SearchAction\",\"target\":{\"@type\":\"EntryPoint\",\"urlTemplate\":\"https:\/\/haciendamolleda.com\/?s={search_term_string}\"},\"query-input\":{\"@type\":\"PropertyValueSpecification\",\"valueRequired\":true,\"valueName\":\"search_term_string\"}}],\"inLanguage\":\"en-GB\"}]}<\/script>\n<!-- \/ Yoast SEO plugin. -->","yoast_head_json":{"title":"FINCA Y VI\u00d1EDO - Hacienda Molleda","robots":{"index":"index","follow":"follow","max-snippet":"max-snippet:-1","max-image-preview":"max-image-preview:large","max-video-preview":"max-video-preview:-1"},"canonical":"https:\/\/haciendamolleda.com\/en\/fincayvinedo\/","og_locale":"en_GB","og_type":"article","og_title":"FINCA Y VI\u00d1EDO - Hacienda Molleda","og_url":"https:\/\/haciendamolleda.com\/en\/fincayvinedo\/","og_site_name":"Hacienda Molleda","article_modified_time":"2023-10-05T09:52:03+00:00","og_image":[{"width":3024,"height":1401,"url":"https:\/\/haciendamolleda.com\/wp-content\/uploads\/2020\/02\/unnamed-3-1-e1582307242987.jpg","type":"image\/jpeg"}],"twitter_card":"summary_large_image","twitter_misc":{"Estimated reading time":"3 minutes"},"schema":{"@context":"https:\/\/schema.org","@graph":[{"@type":"WebPage","@id":"https:\/\/haciendamolleda.com\/fincayvinedo\/","url":"https:\/\/haciendamolleda.com\/fincayvinedo\/","name":"FINCA Y VI\u00d1EDO - Hacienda Molleda","isPartOf":{"@id":"https:\/\/haciendamolleda.com\/#website"},"primaryImageOfPage":{"@id":"https:\/\/haciendamolleda.com\/fincayvinedo\/#primaryimage"},"image":{"@id":"https:\/\/haciendamolleda.com\/fincayvinedo\/#primaryimage"},"thumbnailUrl":"https:\/\/haciendamolleda.com\/wp-content\/uploads\/2020\/02\/unnamed-3-1-e1582307242987.jpg","datePublished":"2017-05-25T10:12:48+00:00","dateModified":"2023-10-05T09:52:03+00:00","breadcrumb":{"@id":"https:\/\/haciendamolleda.com\/fincayvinedo\/#breadcrumb"},"inLanguage":"en-GB","potentialAction":[{"@type":"ReadAction","target":["https:\/\/haciendamolleda.com\/fincayvinedo\/"]}]},{"@type":"ImageObject","inLanguage":"en-GB","@id":"https:\/\/haciendamolleda.com\/fincayvinedo\/#primaryimage","url":"https:\/\/haciendamolleda.com\/wp-content\/uploads\/2020\/02\/unnamed-3-1-e1582307242987.jpg","contentUrl":"https:\/\/haciendamolleda.com\/wp-content\/uploads\/2020\/02\/unnamed-3-1-e1582307242987.jpg","width":3024,"height":1401,"caption":"xx"},{"@type":"BreadcrumbList","@id":"https:\/\/haciendamolleda.com\/fincayvinedo\/#breadcrumb","itemListElement":[{"@type":"ListItem","position":1,"name":"Portada","item":"https:\/\/haciendamolleda.com\/"},{"@type":"ListItem","position":2,"name":"FINCA Y VI\u00d1EDO"}]},{"@type":"WebSite","@id":"https:\/\/haciendamolleda.com\/#website","url":"https:\/\/haciendamolleda.com\/","name":"Hacienda Molleda","description":"Hacienda Molleda es la bodega m\u00e1s alta de la D.O.P. Cari\u00f1ena. El valor de lo aut\u00f3ctono en vinos realizados con garnacha y cari\u00f1ena, variedades locales.","potentialAction":[{"@type":"SearchAction","target":{"@type":"EntryPoint","urlTemplate":"https:\/\/haciendamolleda.com\/?s={search_term_string}"},"query-input":{"@type":"PropertyValueSpecification","valueRequired":true,"valueName":"search_term_string"}}],"inLanguage":"en-GB"}]}},"_links":{"self":[{"href":"https:\/\/haciendamolleda.com\/en\/wp-json\/wp\/v2\/pages\/717","targetHints":{"allow":["GET"]}}],"collection":[{"href":"https:\/\/haciendamolleda.com\/en\/wp-json\/wp\/v2\/pages"}],"about":[{"href":"https:\/\/haciendamolleda.com\/en\/wp-json\/wp\/v2\/types\/page"}],"author":[{"embeddable":true,"href":"https:\/\/haciendamolleda.com\/en\/wp-json\/wp\/v2\/users\/1"}],"replies":[{"embeddable":true,"href":"https:\/\/haciendamolleda.com\/en\/wp-json\/wp\/v2\/comments?post=717"}],"version-history":[{"count":25,"href":"https:\/\/haciendamolleda.com\/en\/wp-json\/wp\/v2\/pages\/717\/revisions"}],"predecessor-version":[{"id":2393,"href":"https:\/\/haciendamolleda.com\/en\/wp-json\/wp\/v2\/pages\/717\/revisions\/2393"}],"wp:featuredmedia":[{"embeddable":true,"href":"https:\/\/haciendamolleda.com\/en\/wp-json\/wp\/v2\/media\/1663"}],"wp:attachment":[{"href":"https:\/\/haciendamolleda.com\/en\/wp-json\/wp\/v2\/media?parent=717"}],"curies":[{"name":"wp","href":"https:\/\/api.w.org\/{rel}","templated":true}]}}