{"id":2506,"date":"2024-03-11T12:17:32","date_gmt":"2024-03-11T11:17:32","guid":{"rendered":"https:\/\/haciendamolleda.com\/?post_type=product&#038;p=2506"},"modified":"2024-05-07T11:49:14","modified_gmt":"2024-05-07T09:49:14","slug":"finca-la-matea-garnacha-3-botellas","status":"publish","type":"product","link":"https:\/\/haciendamolleda.com\/en\/product\/finca-la-matea-garnacha-3-botellas\/","title":{"rendered":"The queen (Garnacha top) (3 bottles)"},"content":{"rendered":"<div class=\"wpb-content-wrapper\"><div class=\"vc_row wpb_row vc_row-fluid vc_custom_1517578960096 vc_row-has-fill\"><div class=\"wpb_column vc_column_container vc_col-sm-12\"><div class=\"vc_column-inner\"><div class=\"wpb_wrapper\"><div class=\"vc_tta-container\" data-vc-action=\"collapse\"><div class=\"vc_general vc_tta vc_tta-tabs vc_tta-color-grey vc_tta-style-theme vc_tta-shape-rounded vc_tta-spacing-1 vc_tta-tabs-position-top vc_tta-controls-align-center\"><div class=\"vc_tta-tabs-container\"><ul class=\"vc_tta-tabs-list\"><li class=\"vc_tta-tab vc_active\" data-vc-tab><a href=\"#1497942435725-66762cbe-c7ce\" data-vc-tabs data-vc-container=\".vc_tta\"><span class=\"vc_tta-title-text\">About wines<\/span><\/a><\/li><li class=\"vc_tta-tab\" data-vc-tab><a href=\"#1497942435768-a2771e4b-8863\" data-vc-tabs data-vc-container=\".vc_tta\"><span class=\"vc_tta-title-text\">Content<\/span><\/a><\/li><li class=\"vc_tta-tab\" data-vc-tab><a href=\"#1497942617493-09f53e22-1d0f\" data-vc-tabs data-vc-container=\".vc_tta\"><span class=\"vc_tta-title-text\">Price and transport<\/span><\/a><\/li><\/ul><\/div><div class=\"vc_tta-panels-container\"><div class=\"vc_tta-panels\"><div class=\"vc_tta-panel vc_active\" id=\"1497942435725-66762cbe-c7ce\" data-vc-content=\".vc_tta-panel-body\"><div class=\"vc_tta-panel-heading\"><h4 class=\"vc_tta-panel-title\"><a href=\"#1497942435725-66762cbe-c7ce\" data-vc-accordion data-vc-container=\".vc_tta-container\"><span class=\"vc_tta-title-text\">About wines<\/span><\/a><\/h4><\/div><div class=\"vc_tta-panel-body\">\n\t<div class=\"wpb_text_column wpb_content_element\" >\n\t\t<div class=\"wpb_wrapper\">\n\t\t\t<p><span style=\"font-weight: 400;\">Garnacha wine selected for the high fruit expression provided by the soil of the LA MATEA plot with careful ageing in our best oak barrels.<\/span><\/p>\n\n\t\t<\/div>\n\t<\/div>\n<\/div><\/div><div class=\"vc_tta-panel\" id=\"1497942435768-a2771e4b-8863\" data-vc-content=\".vc_tta-panel-body\"><div class=\"vc_tta-panel-heading\"><h4 class=\"vc_tta-panel-title\"><a href=\"#1497942435768-a2771e4b-8863\" data-vc-accordion data-vc-container=\".vc_tta-container\"><span class=\"vc_tta-title-text\">Content<\/span><\/a><\/h4><\/div><div class=\"vc_tta-panel-body\">\n\t<div class=\"wpb_text_column wpb_content_element\" >\n\t\t<div class=\"wpb_wrapper\">\n\t\t\t<p><span style=\"font-weight: 400;\">The set contains 3 bottles of 75cl of<\/span><\/p>\n<p><strong>FINCA LA MATEA GARNACHA<\/strong><\/p>\n<p class=\"p1\"><span style=\"font-weight: 400;\">It has a mineral character and fruity expression. It comes from the single plot that bears its name \u2018La Matea\u2019 on a hillside of gravelly soil. Aged in oak barrels.<\/span><\/p>\n\n\t\t<\/div>\n\t<\/div>\n<\/div><\/div><div class=\"vc_tta-panel\" id=\"1497942617493-09f53e22-1d0f\" data-vc-content=\".vc_tta-panel-body\"><div class=\"vc_tta-panel-heading\"><h4 class=\"vc_tta-panel-title\"><a href=\"#1497942617493-09f53e22-1d0f\" data-vc-accordion data-vc-container=\".vc_tta-container\"><span class=\"vc_tta-title-text\">Price and transport<\/span><\/a><\/h4><\/div><div class=\"vc_tta-panel-body\">\n\t<div class=\"wpb_text_column wpb_content_element\" >\n\t\t<div class=\"wpb_wrapper\">\n\t\t\t<p>The price includes the preparation of the package and transport to the destination you indicate within the peninsula (1 destination only per purchase).<\/p>\n<p>For other combinations please contact the winery by phone 976 620 702 or by WhatsApp 618 735 976.<\/p>\n\n\t\t<\/div>\n\t<\/div>\n<\/div><\/div><\/div><\/div><\/div><\/div><\/div><\/div><\/div><\/div><div class=\"vc_row wpb_row vc_row-fluid\"><div class=\"wpb_column vc_column_container vc_col-sm-12\"><div class=\"vc_column-inner\"><div class=\"wpb_wrapper\"><div class=\"vc_btn3-container vc_btn3-inline vc_do_btn\" ><a class=\"vc_general vc_btn3 vc_btn3-size-md vc_btn3-shape-rounded vc_btn3-style-modern vc_btn3-color-grey\" href=\"https:\/\/haciendamolleda.com\/en\/shop\/\" title=\"Shop\">Back to shop<\/a><\/div><\/div><\/div><\/div><\/div><div class=\"vc_row wpb_row vc_row-fluid\"><div class=\"wpb_column vc_column_container vc_col-sm-12\"><div class=\"vc_column-inner\"><div class=\"wpb_wrapper\"><\/div><\/div><\/div><\/div>\n<\/div>","protected":false},"excerpt":{"rendered":"<p style=\"text-align: center;\"><em><strong>\u2018Grenache selected for the high fruity expression provided by the soil of the LA MATEA plot with careful ageing in our best oak barrels\u2019.<\/strong><\/em><\/p>\n<p>It is a single varietal 100% Garnacha. It has a mineral character and fruity expression. It comes from the plot that bears its name \u2018La Matea\u2019 which is a hillside of gravelly soil. It is aged in oak barrels for 12 months.<\/p>\n<p><strong>Variety: <\/strong>Grenache<\/p>\n<p><strong>Alcohol: <\/strong>14.50% vol.<\/p>\n<p><strong>Name: <\/strong>D.O.P. Cari\u00f1ena.<\/p>\n<p><strong>Pairing: <\/strong>Red meat and game. Stews with potatoes, pepper sauce, dried fruits, mushrooms...<\/p>","protected":false},"featured_media":2651,"comment_status":"open","ping_status":"closed","template":"","meta":[],"product_brand":[],"product_cat":[31],"product_tag":[58,27,68,26,63],"class_list":{"0":"post-2506","1":"product","2":"type-product","3":"status-publish","4":"has-post-thumbnail","6":"product_cat-finca-la-matea","7":"product_tag-3-botellas","8":"product_tag-crianza","9":"product_tag-fincas-la-matea","10":"product_tag-garnacha","11":"product_tag-tinto","13":"first","14":"instock","15":"shipping-taxable","16":"purchasable","17":"product-type-simple"},"yoast_head":"<!-- This site is optimized with the Yoast SEO plugin v24.7 - https:\/\/yoast.com\/wordpress\/plugins\/seo\/ -->\n<title>LA REINA         (Garnacha Top)      (3 botellas) - Hacienda Molleda<\/title>\n<meta name=\"robots\" content=\"index, follow, max-snippet:-1, max-image-preview:large, max-video-preview:-1\" \/>\n<link rel=\"canonical\" href=\"https:\/\/haciendamolleda.com\/en\/product\/finca-la-matea-garnacha-3-botellas\/\" \/>\n<meta property=\"og:locale\" content=\"en_GB\" \/>\n<meta property=\"og:type\" content=\"article\" \/>\n<meta property=\"og:title\" content=\"LA REINA         (Garnacha Top)      (3 botellas) - Hacienda Molleda\" \/>\n<meta property=\"og:description\" content=\"\u201cGarnacha seleccionada por la alta expresi\u00f3n frutal que proporciona el suelo de la parcela LA MATEA con una cuidada crianza en nuestras mejores barricas de roble\u201d Es un mono-varietal 100% Garnacha. Tiene como cualidad su car\u00e1cter mineral y expresi\u00f3n frutal. Procede de la parcela que lleva su nombre \u201cLa Matea\u201d que es una ladera de tierra de cascajo. Su crianza se realiza en barricas de roble durante 12 meses.  Variedad: Garnacha  Alcohol: 14.50% vol.  Denominaci\u00f3n: D.O.P. Cari\u00f1ena.  Maridaje: Carnes rojas y de caza. Guisos con patatas, salsa de pimienta, frutos secos, champi\u00f1ones\u2026\" \/>\n<meta property=\"og:url\" content=\"https:\/\/haciendamolleda.com\/en\/product\/finca-la-matea-garnacha-3-botellas\/\" \/>\n<meta property=\"og:site_name\" content=\"Hacienda Molleda\" \/>\n<meta property=\"article:modified_time\" content=\"2024-05-07T09:49:14+00:00\" \/>\n<meta property=\"og:image\" content=\"https:\/\/haciendamolleda.com\/wp-content\/uploads\/2024\/03\/1-1-e1714650100464.png\" \/>\n\t<meta property=\"og:image:width\" content=\"1156\" \/>\n\t<meta property=\"og:image:height\" content=\"986\" \/>\n\t<meta property=\"og:image:type\" content=\"image\/png\" \/>\n<meta name=\"twitter:card\" content=\"summary_large_image\" \/>\n<meta name=\"twitter:label1\" content=\"Estimated reading time\" \/>\n\t<meta name=\"twitter:data1\" content=\"1 minute\" \/>\n<script type=\"application\/ld+json\" class=\"yoast-schema-graph\">{\"@context\":\"https:\/\/schema.org\",\"@graph\":[{\"@type\":\"WebPage\",\"@id\":\"https:\/\/haciendamolleda.com\/producto\/finca-la-matea-garnacha-3-botellas\/\",\"url\":\"https:\/\/haciendamolleda.com\/producto\/finca-la-matea-garnacha-3-botellas\/\",\"name\":\"LA REINA (Garnacha Top) (3 botellas) - Hacienda Molleda\",\"isPartOf\":{\"@id\":\"https:\/\/haciendamolleda.com\/#website\"},\"primaryImageOfPage\":{\"@id\":\"https:\/\/haciendamolleda.com\/producto\/finca-la-matea-garnacha-3-botellas\/#primaryimage\"},\"image\":{\"@id\":\"https:\/\/haciendamolleda.com\/producto\/finca-la-matea-garnacha-3-botellas\/#primaryimage\"},\"thumbnailUrl\":\"https:\/\/haciendamolleda.com\/wp-content\/uploads\/2024\/03\/1-1-e1714650100464.png\",\"datePublished\":\"2024-03-11T11:17:32+00:00\",\"dateModified\":\"2024-05-07T09:49:14+00:00\",\"breadcrumb\":{\"@id\":\"https:\/\/haciendamolleda.com\/producto\/finca-la-matea-garnacha-3-botellas\/#breadcrumb\"},\"inLanguage\":\"en-GB\",\"potentialAction\":[{\"@type\":\"ReadAction\",\"target\":[\"https:\/\/haciendamolleda.com\/producto\/finca-la-matea-garnacha-3-botellas\/\"]}]},{\"@type\":\"ImageObject\",\"inLanguage\":\"en-GB\",\"@id\":\"https:\/\/haciendamolleda.com\/producto\/finca-la-matea-garnacha-3-botellas\/#primaryimage\",\"url\":\"https:\/\/haciendamolleda.com\/wp-content\/uploads\/2024\/03\/1-1-e1714650100464.png\",\"contentUrl\":\"https:\/\/haciendamolleda.com\/wp-content\/uploads\/2024\/03\/1-1-e1714650100464.png\",\"width\":1156,\"height\":986},{\"@type\":\"BreadcrumbList\",\"@id\":\"https:\/\/haciendamolleda.com\/producto\/finca-la-matea-garnacha-3-botellas\/#breadcrumb\",\"itemListElement\":[{\"@type\":\"ListItem\",\"position\":1,\"name\":\"Portada\",\"item\":\"https:\/\/haciendamolleda.com\/\"},{\"@type\":\"ListItem\",\"position\":2,\"name\":\"Tienda\",\"item\":\"https:\/\/haciendamolleda.com\/shop\/\"},{\"@type\":\"ListItem\",\"position\":3,\"name\":\"LA REINA (Garnacha Top) (3 botellas)\"}]},{\"@type\":\"WebSite\",\"@id\":\"https:\/\/haciendamolleda.com\/#website\",\"url\":\"https:\/\/haciendamolleda.com\/\",\"name\":\"Hacienda Molleda\",\"description\":\"Hacienda Molleda es la bodega m\u00e1s alta de la D.O.P. Cari\u00f1ena. El valor de lo aut\u00f3ctono en vinos realizados con garnacha y cari\u00f1ena, variedades locales.\",\"potentialAction\":[{\"@type\":\"SearchAction\",\"target\":{\"@type\":\"EntryPoint\",\"urlTemplate\":\"https:\/\/haciendamolleda.com\/?s={search_term_string}\"},\"query-input\":{\"@type\":\"PropertyValueSpecification\",\"valueRequired\":true,\"valueName\":\"search_term_string\"}}],\"inLanguage\":\"en-GB\"}]}<\/script>\n<!-- \/ Yoast SEO plugin. -->","yoast_head_json":{"title":"LA REINA         (Garnacha Top)      (3 botellas) - Hacienda Molleda","robots":{"index":"index","follow":"follow","max-snippet":"max-snippet:-1","max-image-preview":"max-image-preview:large","max-video-preview":"max-video-preview:-1"},"canonical":"https:\/\/haciendamolleda.com\/en\/product\/finca-la-matea-garnacha-3-botellas\/","og_locale":"en_GB","og_type":"article","og_title":"LA REINA         (Garnacha Top)      (3 botellas) - Hacienda Molleda","og_description":"\u201cGarnacha seleccionada por la alta expresi\u00f3n frutal que proporciona el suelo de la parcela LA MATEA con una cuidada crianza en nuestras mejores barricas de roble\u201d Es un mono-varietal 100% Garnacha. Tiene como cualidad su car\u00e1cter mineral y expresi\u00f3n frutal. Procede de la parcela que lleva su nombre \u201cLa Matea\u201d que es una ladera de tierra de cascajo. Su crianza se realiza en barricas de roble durante 12 meses.  Variedad: Garnacha  Alcohol: 14.50% vol.  Denominaci\u00f3n: D.O.P. Cari\u00f1ena.  Maridaje: Carnes rojas y de caza. Guisos con patatas, salsa de pimienta, frutos secos, champi\u00f1ones\u2026","og_url":"https:\/\/haciendamolleda.com\/en\/product\/finca-la-matea-garnacha-3-botellas\/","og_site_name":"Hacienda Molleda","article_modified_time":"2024-05-07T09:49:14+00:00","og_image":[{"width":1156,"height":986,"url":"https:\/\/haciendamolleda.com\/wp-content\/uploads\/2024\/03\/1-1-e1714650100464.png","type":"image\/png"}],"twitter_card":"summary_large_image","twitter_misc":{"Estimated reading time":"1 minute"},"schema":{"@context":"https:\/\/schema.org","@graph":[{"@type":"WebPage","@id":"https:\/\/haciendamolleda.com\/producto\/finca-la-matea-garnacha-3-botellas\/","url":"https:\/\/haciendamolleda.com\/producto\/finca-la-matea-garnacha-3-botellas\/","name":"LA REINA (Garnacha Top) (3 botellas) - Hacienda Molleda","isPartOf":{"@id":"https:\/\/haciendamolleda.com\/#website"},"primaryImageOfPage":{"@id":"https:\/\/haciendamolleda.com\/producto\/finca-la-matea-garnacha-3-botellas\/#primaryimage"},"image":{"@id":"https:\/\/haciendamolleda.com\/producto\/finca-la-matea-garnacha-3-botellas\/#primaryimage"},"thumbnailUrl":"https:\/\/haciendamolleda.com\/wp-content\/uploads\/2024\/03\/1-1-e1714650100464.png","datePublished":"2024-03-11T11:17:32+00:00","dateModified":"2024-05-07T09:49:14+00:00","breadcrumb":{"@id":"https:\/\/haciendamolleda.com\/producto\/finca-la-matea-garnacha-3-botellas\/#breadcrumb"},"inLanguage":"en-GB","potentialAction":[{"@type":"ReadAction","target":["https:\/\/haciendamolleda.com\/producto\/finca-la-matea-garnacha-3-botellas\/"]}]},{"@type":"ImageObject","inLanguage":"en-GB","@id":"https:\/\/haciendamolleda.com\/producto\/finca-la-matea-garnacha-3-botellas\/#primaryimage","url":"https:\/\/haciendamolleda.com\/wp-content\/uploads\/2024\/03\/1-1-e1714650100464.png","contentUrl":"https:\/\/haciendamolleda.com\/wp-content\/uploads\/2024\/03\/1-1-e1714650100464.png","width":1156,"height":986},{"@type":"BreadcrumbList","@id":"https:\/\/haciendamolleda.com\/producto\/finca-la-matea-garnacha-3-botellas\/#breadcrumb","itemListElement":[{"@type":"ListItem","position":1,"name":"Portada","item":"https:\/\/haciendamolleda.com\/"},{"@type":"ListItem","position":2,"name":"Tienda","item":"https:\/\/haciendamolleda.com\/shop\/"},{"@type":"ListItem","position":3,"name":"LA REINA (Garnacha Top) (3 botellas)"}]},{"@type":"WebSite","@id":"https:\/\/haciendamolleda.com\/#website","url":"https:\/\/haciendamolleda.com\/","name":"Hacienda Molleda","description":"Hacienda Molleda es la bodega m\u00e1s alta de la D.O.P. Cari\u00f1ena. El valor de lo aut\u00f3ctono en vinos realizados con garnacha y cari\u00f1ena, variedades locales.","potentialAction":[{"@type":"SearchAction","target":{"@type":"EntryPoint","urlTemplate":"https:\/\/haciendamolleda.com\/?s={search_term_string}"},"query-input":{"@type":"PropertyValueSpecification","valueRequired":true,"valueName":"search_term_string"}}],"inLanguage":"en-GB"}]}},"_links":{"self":[{"href":"https:\/\/haciendamolleda.com\/en\/wp-json\/wp\/v2\/product\/2506","targetHints":{"allow":["GET"]}}],"collection":[{"href":"https:\/\/haciendamolleda.com\/en\/wp-json\/wp\/v2\/product"}],"about":[{"href":"https:\/\/haciendamolleda.com\/en\/wp-json\/wp\/v2\/types\/product"}],"replies":[{"embeddable":true,"href":"https:\/\/haciendamolleda.com\/en\/wp-json\/wp\/v2\/comments?post=2506"}],"wp:featuredmedia":[{"embeddable":true,"href":"https:\/\/haciendamolleda.com\/en\/wp-json\/wp\/v2\/media\/2651"}],"wp:attachment":[{"href":"https:\/\/haciendamolleda.com\/en\/wp-json\/wp\/v2\/media?parent=2506"}],"wp:term":[{"taxonomy":"product_brand","embeddable":true,"href":"https:\/\/haciendamolleda.com\/en\/wp-json\/wp\/v2\/product_brand?post=2506"},{"taxonomy":"product_cat","embeddable":true,"href":"https:\/\/haciendamolleda.com\/en\/wp-json\/wp\/v2\/product_cat?post=2506"},{"taxonomy":"product_tag","embeddable":true,"href":"https:\/\/haciendamolleda.com\/en\/wp-json\/wp\/v2\/product_tag?post=2506"}],"curies":[{"name":"wp","href":"https:\/\/api.w.org\/{rel}","templated":true}]}}