{"id":2638,"date":"2024-04-18T13:59:11","date_gmt":"2024-04-18T11:59:11","guid":{"rendered":"https:\/\/haciendamolleda.com\/?post_type=product&#038;p=2638"},"modified":"2025-07-10T14:29:42","modified_gmt":"2025-07-10T12:29:42","slug":"el-mas-joven-3-botellas","status":"publish","type":"product","link":"https:\/\/haciendamolleda.com\/en\/product\/el-mas-joven-3-botellas\/","title":{"rendered":"GARNACHA 3 COLORES                        (3 botellas)"},"content":{"rendered":"<div class=\"wpb-content-wrapper\"><div class=\"vc_row wpb_row vc_row-fluid vc_custom_1517578960096 vc_row-has-fill\"><div class=\"wpb_column vc_column_container vc_col-sm-12\"><div class=\"vc_column-inner\"><div class=\"wpb_wrapper\"><div class=\"vc_tta-container\" data-vc-action=\"collapse\"><div class=\"vc_general vc_tta vc_tta-tabs vc_tta-color-grey vc_tta-style-theme vc_tta-shape-rounded vc_tta-spacing-1 vc_tta-tabs-position-top vc_tta-controls-align-center\"><div class=\"vc_tta-tabs-container\"><ul class=\"vc_tta-tabs-list\"><li class=\"vc_tta-tab vc_active\" data-vc-tab><a href=\"#1497942435725-66762cbe-c7ce\" data-vc-tabs data-vc-container=\".vc_tta\"><span class=\"vc_tta-title-text\">About wines<\/span><\/a><\/li><li class=\"vc_tta-tab\" data-vc-tab><a href=\"#1497942435768-a2771e4b-8863\" data-vc-tabs data-vc-container=\".vc_tta\"><span class=\"vc_tta-title-text\">Content<\/span><\/a><\/li><li class=\"vc_tta-tab\" data-vc-tab><a href=\"#1497942617493-09f53e22-1d0f\" data-vc-tabs data-vc-container=\".vc_tta\"><span class=\"vc_tta-title-text\">Price and transport<\/span><\/a><\/li><\/ul><\/div><div class=\"vc_tta-panels-container\"><div class=\"vc_tta-panels\"><div class=\"vc_tta-panel vc_active\" id=\"1497942435725-66762cbe-c7ce\" data-vc-content=\".vc_tta-panel-body\"><div class=\"vc_tta-panel-heading\"><h4 class=\"vc_tta-panel-title\"><a href=\"#1497942435725-66762cbe-c7ce\" data-vc-accordion data-vc-container=\".vc_tta-container\"><span class=\"vc_tta-title-text\">About wines<\/span><\/a><\/h4><\/div><div class=\"vc_tta-panel-body\">\n\t<div class=\"wpb_text_column wpb_content_element\" >\n\t\t<div class=\"wpb_wrapper\">\n\t\t\t<div>\n<p><span style=\"font-weight: 400;\">We grow 2 different varieties of Grenache to make these three wines.<\/span><\/p>\n<p><span style=\"font-weight: 400;\">The white with white grenache and some macabeo.<\/span><\/p>\n<p><span style=\"font-weight: 400;\">The ros\u00e9 and the red with red Garnacha.<\/span><\/p>\n<p><span style=\"font-weight: 400;\">The colour is given by the skin of the grape, the longer the must ferments with it, the more colour the wine will have (from ros\u00e9 to red).<\/span><\/p>\n<\/div>\n\n\t\t<\/div>\n\t<\/div>\n<\/div><\/div><div class=\"vc_tta-panel\" id=\"1497942435768-a2771e4b-8863\" data-vc-content=\".vc_tta-panel-body\"><div class=\"vc_tta-panel-heading\"><h4 class=\"vc_tta-panel-title\"><a href=\"#1497942435768-a2771e4b-8863\" data-vc-accordion data-vc-container=\".vc_tta-container\"><span class=\"vc_tta-title-text\">Content<\/span><\/a><\/h4><\/div><div class=\"vc_tta-panel-body\">\n\t<div class=\"wpb_text_column wpb_content_element\" >\n\t\t<div class=\"wpb_wrapper\">\n\t\t\t<p><span style=\"font-weight: 400;\">The lot contains 3 bottles of 75cl, 1 bottle each of these wines<\/span><\/p>\n<p><strong>HACIENDA MOLLEDA GARNACHA+MACABEO<\/strong><\/p>\n<p><span style=\"font-weight: 400;\">Fresh and light white wine. Tropical aromas. Modern style where the aroma is intensified<\/span><\/p>\n<p><strong>HACIENDA MOLLEDA ROS\u00c9<\/strong><\/p>\n<p><span style=\"font-weight: 400;\">Attractive in sight and nose. Very aromatic, red fruit and lollipop. Smooth on the palate.\u00a0<\/span><\/p>\n<p><strong>HACIENDA MOLLEDA GARNACHA<\/strong><\/p>\n<p><span style=\"font-weight: 400;\">Very aromatic and sweet young wine. Attractive on the palate.<\/span><\/p>\n\n\t\t<\/div>\n\t<\/div>\n<\/div><\/div><div class=\"vc_tta-panel\" id=\"1497942617493-09f53e22-1d0f\" data-vc-content=\".vc_tta-panel-body\"><div class=\"vc_tta-panel-heading\"><h4 class=\"vc_tta-panel-title\"><a href=\"#1497942617493-09f53e22-1d0f\" data-vc-accordion data-vc-container=\".vc_tta-container\"><span class=\"vc_tta-title-text\">Price and transport<\/span><\/a><\/h4><\/div><div class=\"vc_tta-panel-body\">\n\t<div class=\"wpb_text_column wpb_content_element\" >\n\t\t<div class=\"wpb_wrapper\">\n\t\t\t<p><span style=\"font-weight: 400;\">The price includes the preparation of the package and transport to the destination you indicate within the peninsula (1 destination only per purchase).<\/span><\/p>\n<p><span style=\"font-weight: 400;\">For other combinations please contact the winery 976620702 or whatsapp 618735976<\/span><\/p>\n\n\t\t<\/div>\n\t<\/div>\n<\/div><\/div><\/div><\/div><\/div><\/div><\/div><\/div><\/div><\/div><div class=\"vc_row wpb_row vc_row-fluid\"><div class=\"wpb_column vc_column_container vc_col-sm-12\"><div class=\"vc_column-inner\"><div class=\"wpb_wrapper\"><div class=\"vc_btn3-container vc_btn3-inline vc_do_btn\" ><a class=\"vc_general vc_btn3 vc_btn3-size-md vc_btn3-shape-rounded vc_btn3-style-modern vc_btn3-color-grey\" href=\"https:\/\/haciendamolleda.com\/en\/shop\/\" title=\"Shop\">Back to shop<\/a><\/div><\/div><\/div><\/div><\/div><div class=\"vc_row wpb_row vc_row-fluid\"><div class=\"wpb_column vc_column_container vc_col-sm-12\"><div class=\"vc_column-inner\"><div class=\"wpb_wrapper\"><\/div><\/div><\/div><\/div>\n<\/div>","protected":false},"excerpt":{"rendered":"Sobre los vinosContenidoPrecio y transporteSobre los vinos Cultivamos 2 variedades de garnacha distintas para elaborar estos tres vinos. El blanco con garnacha blanca y algo de macabeo El rosado y el tinto con garnacha tinta. El color se lo da la piel de la uva, contra m\u00e1s tiempo fermente el mosto junto con ella, m\u00e1s<br class=\"read-more-spacer\"> <a class=\"more-link\" href=\"https:\/\/haciendamolleda.com\/en\/product\/el-mas-joven-3-botellas\/\">Read More<\/a>","protected":false},"featured_media":2634,"comment_status":"open","ping_status":"closed","template":"","meta":[],"product_brand":[],"product_cat":[23],"product_tag":[58,64,26,59,62,61,28,63],"class_list":{"0":"post-2638","1":"product","2":"type-product","3":"status-publish","4":"has-post-thumbnail","6":"product_cat-hacienda-molleda","7":"product_tag-3-botellas","8":"product_tag-blanco","9":"product_tag-garnacha","10":"product_tag-hacienda-molleda","11":"product_tag-joven","12":"product_tag-macabeo","13":"product_tag-rosado","14":"product_tag-tinto","16":"first","17":"instock","18":"shipping-taxable","19":"purchasable","20":"product-type-simple"},"yoast_head":"<!-- This site is optimized with the Yoast SEO plugin v24.7 - https:\/\/yoast.com\/wordpress\/plugins\/seo\/ -->\n<title>GARNACHA 3 COLORES            (3 botellas) - Hacienda Molleda<\/title>\n<meta name=\"robots\" content=\"index, follow, max-snippet:-1, max-image-preview:large, max-video-preview:-1\" \/>\n<link rel=\"canonical\" href=\"https:\/\/haciendamolleda.com\/en\/product\/el-mas-joven-3-botellas\/\" \/>\n<meta property=\"og:locale\" content=\"en_GB\" \/>\n<meta property=\"og:type\" content=\"article\" \/>\n<meta property=\"og:title\" content=\"GARNACHA 3 COLORES            (3 botellas) - Hacienda Molleda\" \/>\n<meta property=\"og:url\" content=\"https:\/\/haciendamolleda.com\/en\/product\/el-mas-joven-3-botellas\/\" \/>\n<meta property=\"og:site_name\" content=\"Hacienda Molleda\" \/>\n<meta property=\"article:modified_time\" content=\"2025-07-10T12:29:42+00:00\" \/>\n<meta property=\"og:image\" content=\"https:\/\/haciendamolleda.com\/wp-content\/uploads\/2024\/04\/4.png\" \/>\n\t<meta property=\"og:image:width\" content=\"959\" \/>\n\t<meta property=\"og:image:height\" content=\"959\" \/>\n\t<meta property=\"og:image:type\" content=\"image\/png\" \/>\n<meta name=\"twitter:card\" content=\"summary_large_image\" \/>\n<meta name=\"twitter:label1\" content=\"Estimated reading time\" \/>\n\t<meta name=\"twitter:data1\" content=\"2 minutes\" \/>\n<script type=\"application\/ld+json\" class=\"yoast-schema-graph\">{\"@context\":\"https:\/\/schema.org\",\"@graph\":[{\"@type\":\"WebPage\",\"@id\":\"https:\/\/haciendamolleda.com\/producto\/el-mas-joven-3-botellas\/\",\"url\":\"https:\/\/haciendamolleda.com\/producto\/el-mas-joven-3-botellas\/\",\"name\":\"GARNACHA 3 COLORES (3 botellas) - Hacienda Molleda\",\"isPartOf\":{\"@id\":\"https:\/\/haciendamolleda.com\/#website\"},\"primaryImageOfPage\":{\"@id\":\"https:\/\/haciendamolleda.com\/producto\/el-mas-joven-3-botellas\/#primaryimage\"},\"image\":{\"@id\":\"https:\/\/haciendamolleda.com\/producto\/el-mas-joven-3-botellas\/#primaryimage\"},\"thumbnailUrl\":\"https:\/\/haciendamolleda.com\/wp-content\/uploads\/2024\/04\/4.png\",\"datePublished\":\"2024-04-18T11:59:11+00:00\",\"dateModified\":\"2025-07-10T12:29:42+00:00\",\"breadcrumb\":{\"@id\":\"https:\/\/haciendamolleda.com\/producto\/el-mas-joven-3-botellas\/#breadcrumb\"},\"inLanguage\":\"en-GB\",\"potentialAction\":[{\"@type\":\"ReadAction\",\"target\":[\"https:\/\/haciendamolleda.com\/producto\/el-mas-joven-3-botellas\/\"]}]},{\"@type\":\"ImageObject\",\"inLanguage\":\"en-GB\",\"@id\":\"https:\/\/haciendamolleda.com\/producto\/el-mas-joven-3-botellas\/#primaryimage\",\"url\":\"https:\/\/haciendamolleda.com\/wp-content\/uploads\/2024\/04\/4.png\",\"contentUrl\":\"https:\/\/haciendamolleda.com\/wp-content\/uploads\/2024\/04\/4.png\",\"width\":959,\"height\":959},{\"@type\":\"BreadcrumbList\",\"@id\":\"https:\/\/haciendamolleda.com\/producto\/el-mas-joven-3-botellas\/#breadcrumb\",\"itemListElement\":[{\"@type\":\"ListItem\",\"position\":1,\"name\":\"Portada\",\"item\":\"https:\/\/haciendamolleda.com\/\"},{\"@type\":\"ListItem\",\"position\":2,\"name\":\"Tienda\",\"item\":\"https:\/\/haciendamolleda.com\/shop\/\"},{\"@type\":\"ListItem\",\"position\":3,\"name\":\"GARNACHA 3 COLORES (3 botellas)\"}]},{\"@type\":\"WebSite\",\"@id\":\"https:\/\/haciendamolleda.com\/#website\",\"url\":\"https:\/\/haciendamolleda.com\/\",\"name\":\"Hacienda Molleda\",\"description\":\"Hacienda Molleda es la bodega m\u00e1s alta de la D.O.P. Cari\u00f1ena. El valor de lo aut\u00f3ctono en vinos realizados con garnacha y cari\u00f1ena, variedades locales.\",\"potentialAction\":[{\"@type\":\"SearchAction\",\"target\":{\"@type\":\"EntryPoint\",\"urlTemplate\":\"https:\/\/haciendamolleda.com\/?s={search_term_string}\"},\"query-input\":{\"@type\":\"PropertyValueSpecification\",\"valueRequired\":true,\"valueName\":\"search_term_string\"}}],\"inLanguage\":\"en-GB\"}]}<\/script>\n<!-- \/ Yoast SEO plugin. -->","yoast_head_json":{"title":"GARNACHA 3 COLORES            (3 botellas) - Hacienda Molleda","robots":{"index":"index","follow":"follow","max-snippet":"max-snippet:-1","max-image-preview":"max-image-preview:large","max-video-preview":"max-video-preview:-1"},"canonical":"https:\/\/haciendamolleda.com\/en\/product\/el-mas-joven-3-botellas\/","og_locale":"en_GB","og_type":"article","og_title":"GARNACHA 3 COLORES            (3 botellas) - Hacienda Molleda","og_url":"https:\/\/haciendamolleda.com\/en\/product\/el-mas-joven-3-botellas\/","og_site_name":"Hacienda Molleda","article_modified_time":"2025-07-10T12:29:42+00:00","og_image":[{"width":959,"height":959,"url":"https:\/\/haciendamolleda.com\/wp-content\/uploads\/2024\/04\/4.png","type":"image\/png"}],"twitter_card":"summary_large_image","twitter_misc":{"Estimated reading time":"2 minutes"},"schema":{"@context":"https:\/\/schema.org","@graph":[{"@type":"WebPage","@id":"https:\/\/haciendamolleda.com\/producto\/el-mas-joven-3-botellas\/","url":"https:\/\/haciendamolleda.com\/producto\/el-mas-joven-3-botellas\/","name":"GARNACHA 3 COLORES (3 botellas) - Hacienda Molleda","isPartOf":{"@id":"https:\/\/haciendamolleda.com\/#website"},"primaryImageOfPage":{"@id":"https:\/\/haciendamolleda.com\/producto\/el-mas-joven-3-botellas\/#primaryimage"},"image":{"@id":"https:\/\/haciendamolleda.com\/producto\/el-mas-joven-3-botellas\/#primaryimage"},"thumbnailUrl":"https:\/\/haciendamolleda.com\/wp-content\/uploads\/2024\/04\/4.png","datePublished":"2024-04-18T11:59:11+00:00","dateModified":"2025-07-10T12:29:42+00:00","breadcrumb":{"@id":"https:\/\/haciendamolleda.com\/producto\/el-mas-joven-3-botellas\/#breadcrumb"},"inLanguage":"en-GB","potentialAction":[{"@type":"ReadAction","target":["https:\/\/haciendamolleda.com\/producto\/el-mas-joven-3-botellas\/"]}]},{"@type":"ImageObject","inLanguage":"en-GB","@id":"https:\/\/haciendamolleda.com\/producto\/el-mas-joven-3-botellas\/#primaryimage","url":"https:\/\/haciendamolleda.com\/wp-content\/uploads\/2024\/04\/4.png","contentUrl":"https:\/\/haciendamolleda.com\/wp-content\/uploads\/2024\/04\/4.png","width":959,"height":959},{"@type":"BreadcrumbList","@id":"https:\/\/haciendamolleda.com\/producto\/el-mas-joven-3-botellas\/#breadcrumb","itemListElement":[{"@type":"ListItem","position":1,"name":"Portada","item":"https:\/\/haciendamolleda.com\/"},{"@type":"ListItem","position":2,"name":"Tienda","item":"https:\/\/haciendamolleda.com\/shop\/"},{"@type":"ListItem","position":3,"name":"GARNACHA 3 COLORES (3 botellas)"}]},{"@type":"WebSite","@id":"https:\/\/haciendamolleda.com\/#website","url":"https:\/\/haciendamolleda.com\/","name":"Hacienda Molleda","description":"Hacienda Molleda es la bodega m\u00e1s alta de la D.O.P. Cari\u00f1ena. El valor de lo aut\u00f3ctono en vinos realizados con garnacha y cari\u00f1ena, variedades locales.","potentialAction":[{"@type":"SearchAction","target":{"@type":"EntryPoint","urlTemplate":"https:\/\/haciendamolleda.com\/?s={search_term_string}"},"query-input":{"@type":"PropertyValueSpecification","valueRequired":true,"valueName":"search_term_string"}}],"inLanguage":"en-GB"}]}},"_links":{"self":[{"href":"https:\/\/haciendamolleda.com\/en\/wp-json\/wp\/v2\/product\/2638","targetHints":{"allow":["GET"]}}],"collection":[{"href":"https:\/\/haciendamolleda.com\/en\/wp-json\/wp\/v2\/product"}],"about":[{"href":"https:\/\/haciendamolleda.com\/en\/wp-json\/wp\/v2\/types\/product"}],"replies":[{"embeddable":true,"href":"https:\/\/haciendamolleda.com\/en\/wp-json\/wp\/v2\/comments?post=2638"}],"wp:featuredmedia":[{"embeddable":true,"href":"https:\/\/haciendamolleda.com\/en\/wp-json\/wp\/v2\/media\/2634"}],"wp:attachment":[{"href":"https:\/\/haciendamolleda.com\/en\/wp-json\/wp\/v2\/media?parent=2638"}],"wp:term":[{"taxonomy":"product_brand","embeddable":true,"href":"https:\/\/haciendamolleda.com\/en\/wp-json\/wp\/v2\/product_brand?post=2638"},{"taxonomy":"product_cat","embeddable":true,"href":"https:\/\/haciendamolleda.com\/en\/wp-json\/wp\/v2\/product_cat?post=2638"},{"taxonomy":"product_tag","embeddable":true,"href":"https:\/\/haciendamolleda.com\/en\/wp-json\/wp\/v2\/product_tag?post=2638"}],"curies":[{"name":"wp","href":"https:\/\/api.w.org\/{rel}","templated":true}]}}