{"id":2861,"date":"2025-10-27T13:38:37","date_gmt":"2025-10-27T12:38:37","guid":{"rendered":"https:\/\/haciendamolleda.com\/?post_type=product&#038;p=2861"},"modified":"2026-03-26T13:06:55","modified_gmt":"2026-03-26T12:06:55","slug":"ghm-carinena-6-botellas","status":"publish","type":"product","link":"https:\/\/haciendamolleda.com\/en\/product\/ghm-carinena-6-botellas\/","title":{"rendered":"LA AUT\u00d3CTONA                                          (cari\u00f1ena Top)                                         (6 botellas)"},"content":{"rendered":"<div class=\"wpb-content-wrapper\"><div class=\"vc_row wpb_row vc_row-fluid vc_custom_1517578960096 vc_row-has-fill\"><div class=\"wpb_column vc_column_container vc_col-sm-12\"><div class=\"vc_column-inner\"><div class=\"wpb_wrapper\"><div class=\"vc_tta-container\" data-vc-action=\"collapse\"><div class=\"vc_general vc_tta vc_tta-tabs vc_tta-color-grey vc_tta-style-theme vc_tta-shape-rounded vc_tta-spacing-1 vc_tta-tabs-position-top vc_tta-controls-align-center\"><div class=\"vc_tta-tabs-container\"><ul class=\"vc_tta-tabs-list\"><li class=\"vc_tta-tab vc_active\" data-vc-tab><a href=\"#1497942435725-66762cbe-c7ce\" data-vc-tabs data-vc-container=\".vc_tta\"><span class=\"vc_tta-title-text\">About wines<\/span><\/a><\/li><li class=\"vc_tta-tab\" data-vc-tab><a href=\"#1497942435768-a2771e4b-8863\" data-vc-tabs data-vc-container=\".vc_tta\"><span class=\"vc_tta-title-text\">Content<\/span><\/a><\/li><li class=\"vc_tta-tab\" data-vc-tab><a href=\"#1497942617493-09f53e22-1d0f\" data-vc-tabs data-vc-container=\".vc_tta\"><span class=\"vc_tta-title-text\">Price and transport<\/span><\/a><\/li><\/ul><\/div><div class=\"vc_tta-panels-container\"><div class=\"vc_tta-panels\"><div class=\"vc_tta-panel vc_active\" id=\"1497942435725-66762cbe-c7ce\" data-vc-content=\".vc_tta-panel-body\"><div class=\"vc_tta-panel-heading\"><h4 class=\"vc_tta-panel-title\"><a href=\"#1497942435725-66762cbe-c7ce\" data-vc-accordion data-vc-container=\".vc_tta-container\"><span class=\"vc_tta-title-text\">About wines<\/span><\/a><\/h4><\/div><div class=\"vc_tta-panel-body\">\n\t<div class=\"wpb_text_column wpb_content_element\" >\n\t\t<div class=\"wpb_wrapper\">\n\t\t\t<p><strong class=\"ng-star-inserted\"><span class=\"ng-star-inserted\">GHM Cari\u00f1ena + Cari\u00f1ena (Mazuela): La Esencia Aut\u00f3ctona de Arag\u00f3n.<\/span><\/strong><\/p>\n<p><br class=\"ng-star-inserted\" \/><span class=\"ng-star-inserted\">Este monovarietal es un legado de nuestra tierra, con profundo color, vibrante frescura y cautivadores aromas a monte. Cada sorbo es un viaje a la autenticidad, forjado con pasi\u00f3n y 6 meses de crianza en roble<\/span><\/p>\n\n\t\t<\/div>\n\t<\/div>\n<\/div><\/div><div class=\"vc_tta-panel\" id=\"1497942435768-a2771e4b-8863\" data-vc-content=\".vc_tta-panel-body\"><div class=\"vc_tta-panel-heading\"><h4 class=\"vc_tta-panel-title\"><a href=\"#1497942435768-a2771e4b-8863\" data-vc-accordion data-vc-container=\".vc_tta-container\"><span class=\"vc_tta-title-text\">Content<\/span><\/a><\/h4><\/div><div class=\"vc_tta-panel-body\">\n\t<div class=\"wpb_text_column wpb_content_element\" >\n\t\t<div class=\"wpb_wrapper\">\n\t\t\t<p><span style=\"font-weight: 400;\">El lote contiene 6 botellas de 75cl de<\/span><\/p>\n<p><strong>Gran Hacienda Molleda CARI\u00d1ENA + CARI\u00d1ENA<\/strong><\/p>\n<p><span class=\"ng-star-inserted\">Monovarietal aragon\u00e9s de intenso color, vibrante frescura y aromas a monte. Ideal para asegurar momentos de disfrute o para hacer un regalo verdaderamente especial que celebra lo genuino. La mejor forma de tener siempre a mano la esencia de nuestra tierra<\/span><\/p>\n\n\t\t<\/div>\n\t<\/div>\n<\/div><\/div><div class=\"vc_tta-panel\" id=\"1497942617493-09f53e22-1d0f\" data-vc-content=\".vc_tta-panel-body\"><div class=\"vc_tta-panel-heading\"><h4 class=\"vc_tta-panel-title\"><a href=\"#1497942617493-09f53e22-1d0f\" data-vc-accordion data-vc-container=\".vc_tta-container\"><span class=\"vc_tta-title-text\">Price and transport<\/span><\/a><\/h4><\/div><div class=\"vc_tta-panel-body\">\n\t<div class=\"wpb_text_column wpb_content_element\" >\n\t\t<div class=\"wpb_wrapper\">\n\t\t\t<p>The price includes the preparation of the package and transport to the destination you indicate within the peninsula (1 destination only per purchase).<\/p>\n<p>For other combinations please contact the winery by phone 976 620 702 or by WhatsApp 618 735 976.<\/p>\n\n\t\t<\/div>\n\t<\/div>\n<\/div><\/div><\/div><\/div><\/div><\/div><\/div><\/div><\/div><\/div><div class=\"vc_row wpb_row vc_row-fluid\"><div class=\"wpb_column vc_column_container vc_col-sm-12\"><div class=\"vc_column-inner\"><div class=\"wpb_wrapper\"><div class=\"vc_btn3-container vc_btn3-inline vc_do_btn\" ><a class=\"vc_general vc_btn3 vc_btn3-size-md vc_btn3-shape-rounded vc_btn3-style-modern vc_btn3-color-grey\" href=\"https:\/\/haciendamolleda.com\/en\/shop\/\" title=\"Shop\">Back to shop<\/a><\/div><\/div><\/div><\/div><\/div><div class=\"vc_row wpb_row vc_row-fluid\"><div class=\"wpb_column vc_column_container vc_col-sm-12\"><div class=\"vc_column-inner\"><div class=\"wpb_wrapper\"><\/div><\/div><\/div><\/div>\n<\/div>","protected":false},"excerpt":{"rendered":"<p style=\"text-align: center;\"><em><strong>\u00a0\u00abLa autenticidad y el sabor genuino de nuestra denominaci\u00f3n. Sentir\u00e1s el coraz\u00f3n y el alma de la Cari\u00f1ena en cada gota.\u00bb<\/strong><\/em><\/p>\n<p>Desde el coraz\u00f3n de Arag\u00f3n, donde la tierra habla y el monte susurra, nace nuestro\u00a0<strong>Gran Hacienda Molleda Cari\u00f1ena\u00a0 (GHM \u00a0Cari\u00f1ena+Cari\u00f1ena)<\/strong>. Este monovarietal (o Mazuela, como tambi\u00e9n se le conoce) no es solo un vino, es un legado de lo <strong>aut\u00f3ctono<\/strong>.<\/p>\n<p>La uva Cari\u00f1ena, nuestra joya <strong>aut\u00f3ctona<\/strong>, comparte nombre con la DOP y la poblaci\u00f3n que le da nombre. Ofrece un poema de sensaciones:\u00a0<strong>color intenso, frescura vibrante y una sinfon\u00eda de aromas a monte, a jara y a sol mediterr\u00e1neo<\/strong>. Es la expresi\u00f3n m\u00e1s pura de nuestro paisaje.<\/p>\n<p>Procedente de uvas muy maduras, criadas en zonas altas y frescas, ha permanecido en barricas de roble franc\u00e9s y americano 6 meses.. All\u00ed, adquiere el car\u00e1cter\u00a0<strong>excepcional<\/strong>\u00a0y la elegancia que lo definen.<\/p>\n<p><strong>Un sorbo de historia, un brindis por la autenticidad<\/strong><\/p>","protected":false},"featured_media":2857,"comment_status":"open","ping_status":"closed","template":"","meta":[],"product_brand":[],"product_cat":[69,34,30],"product_tag":[57,66,27,65,63],"class_list":{"0":"post-2861","1":"product","2":"type-product","3":"status-publish","4":"has-post-thumbnail","6":"product_cat-carinena","7":"product_cat-crianza","8":"product_cat-gmh","9":"product_tag-6-botellas","10":"product_tag-autoctono","11":"product_tag-crianza","12":"product_tag-ghm","13":"product_tag-tinto","15":"first","16":"instock","17":"featured","18":"shipping-taxable","19":"purchasable","20":"product-type-simple"},"yoast_head":"<!-- This site is optimized with the Yoast SEO plugin v24.7 - https:\/\/yoast.com\/wordpress\/plugins\/seo\/ -->\n<title>LA AUT\u00d3CTONA                     (cari\u00f1ena Top)                     (6 botellas) - Hacienda Molleda<\/title>\n<meta name=\"robots\" content=\"index, follow, max-snippet:-1, max-image-preview:large, max-video-preview:-1\" \/>\n<link rel=\"canonical\" href=\"https:\/\/haciendamolleda.com\/en\/product\/ghm-carinena-6-botellas\/\" \/>\n<meta property=\"og:locale\" content=\"en_GB\" \/>\n<meta property=\"og:type\" content=\"article\" \/>\n<meta property=\"og:title\" content=\"LA AUT\u00d3CTONA                     (cari\u00f1ena Top)                     (6 botellas) - Hacienda Molleda\" \/>\n<meta property=\"og:description\" content=\"\u00a0&quot;La autenticidad y el sabor genuino de nuestra denominaci\u00f3n. Sentir\u00e1s el coraz\u00f3n y el alma de la Cari\u00f1ena en cada gota.&quot; Desde el coraz\u00f3n de Arag\u00f3n, donde la tierra habla y el monte susurra, nace nuestro\u00a0Gran Hacienda Molleda Cari\u00f1ena\u00a0 (GHM \u00a0Cari\u00f1ena+Cari\u00f1ena). Este monovarietal (o Mazuela, como tambi\u00e9n se le conoce) no es solo un vino, es un legado de lo aut\u00f3ctono.  La uva Cari\u00f1ena, nuestra joya aut\u00f3ctona, comparte nombre con la DOP y la poblaci\u00f3n que le da nombre. Ofrece un poema de sensaciones:\u00a0color intenso, frescura vibrante y una sinfon\u00eda de aromas a monte, a jara y a sol mediterr\u00e1neo. Es la expresi\u00f3n m\u00e1s pura de nuestro paisaje.  Procedente de uvas muy maduras, criadas en zonas altas y frescas, ha permanecido en barricas de roble franc\u00e9s y americano 6 meses.. All\u00ed, adquiere el car\u00e1cter\u00a0excepcional\u00a0y la elegancia que lo definen.  Un sorbo de historia, un brindis por la autenticidad\" \/>\n<meta property=\"og:url\" content=\"https:\/\/haciendamolleda.com\/en\/product\/ghm-carinena-6-botellas\/\" \/>\n<meta property=\"og:site_name\" content=\"Hacienda Molleda\" \/>\n<meta property=\"article:modified_time\" content=\"2026-03-26T12:06:55+00:00\" \/>\n<meta property=\"og:image\" content=\"https:\/\/haciendamolleda.com\/wp-content\/uploads\/2025\/10\/6cc.jpg\" \/>\n\t<meta property=\"og:image:width\" content=\"390\" \/>\n\t<meta property=\"og:image:height\" content=\"396\" \/>\n\t<meta property=\"og:image:type\" content=\"image\/jpeg\" \/>\n<meta name=\"twitter:card\" content=\"summary_large_image\" \/>\n<meta name=\"twitter:label1\" content=\"Estimated reading time\" \/>\n\t<meta name=\"twitter:data1\" content=\"2 minutes\" \/>\n<script type=\"application\/ld+json\" class=\"yoast-schema-graph\">{\"@context\":\"https:\/\/schema.org\",\"@graph\":[{\"@type\":\"WebPage\",\"@id\":\"https:\/\/haciendamolleda.com\/producto\/ghm-carinena-6-botellas\/\",\"url\":\"https:\/\/haciendamolleda.com\/producto\/ghm-carinena-6-botellas\/\",\"name\":\"LA AUT\u00d3CTONA (cari\u00f1ena Top) (6 botellas) - Hacienda Molleda\",\"isPartOf\":{\"@id\":\"https:\/\/haciendamolleda.com\/#website\"},\"primaryImageOfPage\":{\"@id\":\"https:\/\/haciendamolleda.com\/producto\/ghm-carinena-6-botellas\/#primaryimage\"},\"image\":{\"@id\":\"https:\/\/haciendamolleda.com\/producto\/ghm-carinena-6-botellas\/#primaryimage\"},\"thumbnailUrl\":\"https:\/\/haciendamolleda.com\/wp-content\/uploads\/2025\/10\/6cc.jpg\",\"datePublished\":\"2025-10-27T12:38:37+00:00\",\"dateModified\":\"2026-03-26T12:06:55+00:00\",\"breadcrumb\":{\"@id\":\"https:\/\/haciendamolleda.com\/producto\/ghm-carinena-6-botellas\/#breadcrumb\"},\"inLanguage\":\"en-GB\",\"potentialAction\":[{\"@type\":\"ReadAction\",\"target\":[\"https:\/\/haciendamolleda.com\/producto\/ghm-carinena-6-botellas\/\"]}]},{\"@type\":\"ImageObject\",\"inLanguage\":\"en-GB\",\"@id\":\"https:\/\/haciendamolleda.com\/producto\/ghm-carinena-6-botellas\/#primaryimage\",\"url\":\"https:\/\/haciendamolleda.com\/wp-content\/uploads\/2025\/10\/6cc.jpg\",\"contentUrl\":\"https:\/\/haciendamolleda.com\/wp-content\/uploads\/2025\/10\/6cc.jpg\",\"width\":390,\"height\":396},{\"@type\":\"BreadcrumbList\",\"@id\":\"https:\/\/haciendamolleda.com\/producto\/ghm-carinena-6-botellas\/#breadcrumb\",\"itemListElement\":[{\"@type\":\"ListItem\",\"position\":1,\"name\":\"Portada\",\"item\":\"https:\/\/haciendamolleda.com\/\"},{\"@type\":\"ListItem\",\"position\":2,\"name\":\"Tienda\",\"item\":\"https:\/\/haciendamolleda.com\/shop\/\"},{\"@type\":\"ListItem\",\"position\":3,\"name\":\"LA AUT\u00d3CTONA (cari\u00f1ena Top) (6 botellas)\"}]},{\"@type\":\"WebSite\",\"@id\":\"https:\/\/haciendamolleda.com\/#website\",\"url\":\"https:\/\/haciendamolleda.com\/\",\"name\":\"Hacienda Molleda\",\"description\":\"Hacienda Molleda es la bodega m\u00e1s alta de la D.O.P. Cari\u00f1ena. El valor de lo aut\u00f3ctono en vinos realizados con garnacha y cari\u00f1ena, variedades locales.\",\"potentialAction\":[{\"@type\":\"SearchAction\",\"target\":{\"@type\":\"EntryPoint\",\"urlTemplate\":\"https:\/\/haciendamolleda.com\/?s={search_term_string}\"},\"query-input\":{\"@type\":\"PropertyValueSpecification\",\"valueRequired\":true,\"valueName\":\"search_term_string\"}}],\"inLanguage\":\"en-GB\"}]}<\/script>\n<!-- \/ Yoast SEO plugin. -->","yoast_head_json":{"title":"LA AUT\u00d3CTONA                     (cari\u00f1ena Top)                     (6 botellas) - Hacienda Molleda","robots":{"index":"index","follow":"follow","max-snippet":"max-snippet:-1","max-image-preview":"max-image-preview:large","max-video-preview":"max-video-preview:-1"},"canonical":"https:\/\/haciendamolleda.com\/en\/product\/ghm-carinena-6-botellas\/","og_locale":"en_GB","og_type":"article","og_title":"LA AUT\u00d3CTONA                     (cari\u00f1ena Top)                     (6 botellas) - Hacienda Molleda","og_description":"\u00a0\"La autenticidad y el sabor genuino de nuestra denominaci\u00f3n. Sentir\u00e1s el coraz\u00f3n y el alma de la Cari\u00f1ena en cada gota.\" Desde el coraz\u00f3n de Arag\u00f3n, donde la tierra habla y el monte susurra, nace nuestro\u00a0Gran Hacienda Molleda Cari\u00f1ena\u00a0 (GHM \u00a0Cari\u00f1ena+Cari\u00f1ena). Este monovarietal (o Mazuela, como tambi\u00e9n se le conoce) no es solo un vino, es un legado de lo aut\u00f3ctono.  La uva Cari\u00f1ena, nuestra joya aut\u00f3ctona, comparte nombre con la DOP y la poblaci\u00f3n que le da nombre. Ofrece un poema de sensaciones:\u00a0color intenso, frescura vibrante y una sinfon\u00eda de aromas a monte, a jara y a sol mediterr\u00e1neo. Es la expresi\u00f3n m\u00e1s pura de nuestro paisaje.  Procedente de uvas muy maduras, criadas en zonas altas y frescas, ha permanecido en barricas de roble franc\u00e9s y americano 6 meses.. All\u00ed, adquiere el car\u00e1cter\u00a0excepcional\u00a0y la elegancia que lo definen.  Un sorbo de historia, un brindis por la autenticidad","og_url":"https:\/\/haciendamolleda.com\/en\/product\/ghm-carinena-6-botellas\/","og_site_name":"Hacienda Molleda","article_modified_time":"2026-03-26T12:06:55+00:00","og_image":[{"width":390,"height":396,"url":"https:\/\/haciendamolleda.com\/wp-content\/uploads\/2025\/10\/6cc.jpg","type":"image\/jpeg"}],"twitter_card":"summary_large_image","twitter_misc":{"Estimated reading time":"2 minutes"},"schema":{"@context":"https:\/\/schema.org","@graph":[{"@type":"WebPage","@id":"https:\/\/haciendamolleda.com\/producto\/ghm-carinena-6-botellas\/","url":"https:\/\/haciendamolleda.com\/producto\/ghm-carinena-6-botellas\/","name":"LA AUT\u00d3CTONA (cari\u00f1ena Top) (6 botellas) - Hacienda Molleda","isPartOf":{"@id":"https:\/\/haciendamolleda.com\/#website"},"primaryImageOfPage":{"@id":"https:\/\/haciendamolleda.com\/producto\/ghm-carinena-6-botellas\/#primaryimage"},"image":{"@id":"https:\/\/haciendamolleda.com\/producto\/ghm-carinena-6-botellas\/#primaryimage"},"thumbnailUrl":"https:\/\/haciendamolleda.com\/wp-content\/uploads\/2025\/10\/6cc.jpg","datePublished":"2025-10-27T12:38:37+00:00","dateModified":"2026-03-26T12:06:55+00:00","breadcrumb":{"@id":"https:\/\/haciendamolleda.com\/producto\/ghm-carinena-6-botellas\/#breadcrumb"},"inLanguage":"en-GB","potentialAction":[{"@type":"ReadAction","target":["https:\/\/haciendamolleda.com\/producto\/ghm-carinena-6-botellas\/"]}]},{"@type":"ImageObject","inLanguage":"en-GB","@id":"https:\/\/haciendamolleda.com\/producto\/ghm-carinena-6-botellas\/#primaryimage","url":"https:\/\/haciendamolleda.com\/wp-content\/uploads\/2025\/10\/6cc.jpg","contentUrl":"https:\/\/haciendamolleda.com\/wp-content\/uploads\/2025\/10\/6cc.jpg","width":390,"height":396},{"@type":"BreadcrumbList","@id":"https:\/\/haciendamolleda.com\/producto\/ghm-carinena-6-botellas\/#breadcrumb","itemListElement":[{"@type":"ListItem","position":1,"name":"Portada","item":"https:\/\/haciendamolleda.com\/"},{"@type":"ListItem","position":2,"name":"Tienda","item":"https:\/\/haciendamolleda.com\/shop\/"},{"@type":"ListItem","position":3,"name":"LA AUT\u00d3CTONA (cari\u00f1ena Top) (6 botellas)"}]},{"@type":"WebSite","@id":"https:\/\/haciendamolleda.com\/#website","url":"https:\/\/haciendamolleda.com\/","name":"Hacienda Molleda","description":"Hacienda Molleda es la bodega m\u00e1s alta de la D.O.P. Cari\u00f1ena. El valor de lo aut\u00f3ctono en vinos realizados con garnacha y cari\u00f1ena, variedades locales.","potentialAction":[{"@type":"SearchAction","target":{"@type":"EntryPoint","urlTemplate":"https:\/\/haciendamolleda.com\/?s={search_term_string}"},"query-input":{"@type":"PropertyValueSpecification","valueRequired":true,"valueName":"search_term_string"}}],"inLanguage":"en-GB"}]}},"_links":{"self":[{"href":"https:\/\/haciendamolleda.com\/en\/wp-json\/wp\/v2\/product\/2861","targetHints":{"allow":["GET"]}}],"collection":[{"href":"https:\/\/haciendamolleda.com\/en\/wp-json\/wp\/v2\/product"}],"about":[{"href":"https:\/\/haciendamolleda.com\/en\/wp-json\/wp\/v2\/types\/product"}],"replies":[{"embeddable":true,"href":"https:\/\/haciendamolleda.com\/en\/wp-json\/wp\/v2\/comments?post=2861"}],"wp:featuredmedia":[{"embeddable":true,"href":"https:\/\/haciendamolleda.com\/en\/wp-json\/wp\/v2\/media\/2857"}],"wp:attachment":[{"href":"https:\/\/haciendamolleda.com\/en\/wp-json\/wp\/v2\/media?parent=2861"}],"wp:term":[{"taxonomy":"product_brand","embeddable":true,"href":"https:\/\/haciendamolleda.com\/en\/wp-json\/wp\/v2\/product_brand?post=2861"},{"taxonomy":"product_cat","embeddable":true,"href":"https:\/\/haciendamolleda.com\/en\/wp-json\/wp\/v2\/product_cat?post=2861"},{"taxonomy":"product_tag","embeddable":true,"href":"https:\/\/haciendamolleda.com\/en\/wp-json\/wp\/v2\/product_tag?post=2861"}],"curies":[{"name":"wp","href":"https:\/\/api.w.org\/{rel}","templated":true}]}}